{"id":989612,"date":"2025-02-04T15:23:05","date_gmt":"2025-02-04T14:23:05","guid":{"rendered":"https:\/\/dukaywinery.com\/?post_type=product&#038;p=989612"},"modified":"2025-02-04T15:40:44","modified_gmt":"2025-02-04T14:40:44","slug":"2021-dukay-furmint","status":"publish","type":"product","link":"https:\/\/dukaywinery.com\/sr\/product\/2021-dukay-furmint\/","title":{"rendered":"2021 Dukay &#8211; Furmint"},"content":{"rendered":"<div data-elementor-type=\"product-post\" data-elementor-id=\"989612\" class=\"elementor elementor-989612\" data-elementor-post-type=\"product\">\n\t\t\t\t\t\t<section class=\"elementor-section elementor-top-section elementor-element elementor-element-7da5ae3 elementor-section-boxed elementor-section-height-default elementor-section-height-default\" data-id=\"7da5ae3\" data-element_type=\"section\">\n\t\t\t\t\t\t<div class=\"elementor-container elementor-column-gap-default\">\n\t\t\t\t\t<div class=\"elementor-column elementor-col-100 elementor-top-column elementor-element elementor-element-2d1f426\" data-id=\"2d1f426\" data-element_type=\"column\">\n\t\t\t<div class=\"elementor-widget-wrap elementor-element-populated\">\n\t\t\t\t\t\t<div class=\"elementor-element elementor-element-45bec41 elementor-widget elementor-widget-heading\" data-id=\"45bec41\" data-element_type=\"widget\" data-widget_type=\"heading.default\">\n\t\t\t\t<div class=\"elementor-widget-container\">\n\t\t\t\t\t<h5 class=\"elementor-heading-title elementor-size-default\">Specifikacije<\/h5>\t\t\t\t<\/div>\n\t\t\t\t<\/div>\n\t\t\t\t<div class=\"elementor-element elementor-element-30a9e4b elementor-widget elementor-widget-text-editor\" data-id=\"30a9e4b\" data-element_type=\"widget\" data-widget_type=\"text-editor.default\">\n\t\t\t\t<div class=\"elementor-widget-container\">\n\t\t\t\t\t\t\t\t\t<p><strong>Preporu\u010dena temperatura serviranja:<\/strong> 10-12 C\u00b0<\/p><p><strong>Alkohol: <\/strong>12,5%<\/p><p><strong>Cukortartalom: Sz\u00e1raz, 1 g\/l <\/strong><\/p><p><strong>Sav: 6 g\/l<\/strong><\/p><p><strong>Vreme starenja: 10 meseci <\/strong><\/p>\t\t\t\t\t\t\t\t<\/div>\n\t\t\t\t<\/div>\n\t\t\t\t<div class=\"elementor-element elementor-element-3d63c69 elementor-widget elementor-widget-heading\" data-id=\"3d63c69\" data-element_type=\"widget\" data-widget_type=\"heading.default\">\n\t\t\t\t<div class=\"elementor-widget-container\">\n\t\t\t\t\t<h5 class=\"elementor-heading-title elementor-size-default\">Degustacija:<\/h5>\t\t\t\t<\/div>\n\t\t\t\t<\/div>\n\t\t\t\t<div class=\"elementor-element elementor-element-4ae2e48 elementor-widget elementor-widget-text-editor\" data-id=\"4ae2e48\" data-element_type=\"widget\" data-widget_type=\"text-editor.default\">\n\t\t\t\t<div class=\"elementor-widget-container\">\n\t\t\t\t\t\t\t\t\t<p><strong>Boja: <\/strong>halv\u00e1nys\u00e1rga, z\u00f6ldes t\u00fckr\u00f6z\u0151d\u00e9ssel.\u00a0<\/p><p><strong>Aroma: <\/strong>\u00e1sv\u00e1nyok garmad\u00e1ja, k\u00f6nnyed gy\u00fcm\u00f6lcs\u00f6ss\u00e9g, vir\u00e1gos arom\u00e1k.<\/p><p><strong>Ukus: <\/strong>az esszenci\u00e1lis Furmint: birs, \u0151szibarack,<br \/>vilmosk\u00f6rte eleg\u00e1ns szerkezetben, kr\u00e9mes testtel.<\/p>\t\t\t\t\t\t\t\t<\/div>\n\t\t\t\t<\/div>\n\t\t\t\t<div class=\"elementor-element elementor-element-37182a8 elementor-hidden-desktop elementor-hidden-tablet elementor-hidden-mobile elementor-widget elementor-widget-heading\" data-id=\"37182a8\" data-element_type=\"widget\" data-widget_type=\"heading.default\">\n\t\t\t\t<div class=\"elementor-widget-container\">\n\t\t\t\t\t<h5 class=\"elementor-heading-title elementor-size-default\">D\u00edjak<\/h5>\t\t\t\t<\/div>\n\t\t\t\t<\/div>\n\t\t\t\t<section class=\"elementor-section elementor-inner-section elementor-element elementor-element-d51b795 elementor-reverse-tablet elementor-reverse-mobile elementor-hidden-desktop elementor-hidden-tablet elementor-hidden-mobile elementor-section-boxed elementor-section-height-default elementor-section-height-default\" data-id=\"d51b795\" data-element_type=\"section\">\n\t\t\t\t\t\t<div class=\"elementor-container elementor-column-gap-default\">\n\t\t\t\t\t<div class=\"elementor-column elementor-col-33 elementor-inner-column elementor-element elementor-element-f0070e2\" data-id=\"f0070e2\" data-element_type=\"column\">\n\t\t\t<div class=\"elementor-widget-wrap\">\n\t\t\t\t\t\t\t<\/div>\n\t\t<\/div>\n\t\t\t\t<div class=\"elementor-column elementor-col-33 elementor-inner-column elementor-element elementor-element-6cb5909\" data-id=\"6cb5909\" data-element_type=\"column\">\n\t\t\t<div class=\"elementor-widget-wrap\">\n\t\t\t\t\t\t\t<\/div>\n\t\t<\/div>\n\t\t\t\t<div class=\"elementor-column elementor-col-33 elementor-inner-column elementor-element elementor-element-869f863\" data-id=\"869f863\" data-element_type=\"column\">\n\t\t\t<div class=\"elementor-widget-wrap\">\n\t\t\t\t\t\t\t<\/div>\n\t\t<\/div>\n\t\t\t\t\t<\/div>\n\t\t<\/section>\n\t\t\t\t<section class=\"elementor-section elementor-inner-section elementor-element elementor-element-f9ba542 elementor-section-boxed elementor-section-height-default elementor-section-height-default\" data-id=\"f9ba542\" data-element_type=\"section\">\n\t\t\t\t\t\t<div class=\"elementor-container elementor-column-gap-default\">\n\t\t\t\t\t<div class=\"elementor-column elementor-col-100 elementor-inner-column elementor-element elementor-element-a40a29b\" data-id=\"a40a29b\" data-element_type=\"column\">\n\t\t\t<div class=\"elementor-widget-wrap elementor-element-populated\">\n\t\t\t\t\t\t<div class=\"elementor-element elementor-element-a2e57df elementor-widget__width-initial elementor-widget-mobile__width-initial elementor-fixed elementor-hidden-tablet elementor-hidden-phone elementor-widget elementor-widget-image\" data-id=\"a2e57df\" data-element_type=\"widget\" data-settings=\"{&quot;_position&quot;:&quot;fixed&quot;}\" data-widget_type=\"image.default\">\n\t\t\t\t<div class=\"elementor-widget-container\">\n\t\t\t\t\t\t\t\t\t\t\t\t\t\t\t<img decoding=\"async\" src=\"http:\/\/dukaywinery.com\/wp-content\/uploads\/2020\/08\/grapes-transparent-2-v2.png\" title=\"\" alt=\"\" loading=\"lazy\" \/>\t\t\t\t\t\t\t\t\t\t\t\t\t\t\t<\/div>\n\t\t\t\t<\/div>\n\t\t\t\t\t<\/div>\n\t\t<\/div>\n\t\t\t\t\t<\/div>\n\t\t<\/section>\n\t\t\t\t\t<\/div>\n\t\t<\/div>\n\t\t\t\t\t<\/div>\n\t\t<\/section>\n\t\t\t\t<\/div>","protected":false},"excerpt":{"rendered":"<p dir=\"ltr\">\u00c9l\u00e9nk, friss\u00edt\u0151 karakter\u0171, k\u00f6nnyed Furmint a Szer\u00e9ms\u00e9gt\u0151l. Fajt\u00e1ra jellemz\u0151 jegyek, de nem tolakod\u00f3 \u00edzvil\u00e1g. Z\u00f6ldalm\u00e1s, citrusos, valamint \u00e1sv\u00e1nyos jegyek, m\u00e9zzel, f\u0171szerekkel \u00e9s \u00e9rett gy\u00fcm\u00f6lcs\u00f6kkel kombin\u00e1lva. Alapbor, de sokoldal\u00fas\u00e1ga teszi k\u00fcl\u00f6nlegess\u00e9.<\/p>","protected":false},"featured_media":989616,"comment_status":"open","ping_status":"closed","template":"","meta":[],"product_brand":[],"product_cat":[58],"product_tag":[59,60,64],"class_list":{"0":"post-989612","1":"product","2":"type-product","3":"status-publish","4":"has-post-thumbnail","6":"product_cat-58","7":"product_tag-59","8":"product_tag-dukay","9":"product_tag-furmint","11":"first","12":"instock","13":"taxable","14":"shipping-taxable","15":"product-type-simple"},"yoast_head":"<!-- This site is optimized with the Yoast SEO plugin v25.7 - https:\/\/yoast.com\/wordpress\/plugins\/seo\/ -->\n<title>2021 Dukay - Furmint - Dukay Winery<\/title>\n<meta name=\"robots\" content=\"index, follow, max-snippet:-1, max-image-preview:large, max-video-preview:-1\" \/>\n<link rel=\"canonical\" href=\"https:\/\/dukaywinery.com\/sr\/product\/2021-dukay-furmint\/\" \/>\n<meta property=\"og:locale\" content=\"sr_RS\" \/>\n<meta property=\"og:type\" content=\"article\" \/>\n<meta property=\"og:title\" content=\"2021 Dukay - Furmint - Dukay Winery\" \/>\n<meta property=\"og:description\" content=\"\u00c9l\u00e9nk, friss\u00edt\u0151 karakter\u0171, k\u00f6nnyed Furmint a Szer\u00e9ms\u00e9gt\u0151l. Fajt\u00e1ra jellemz\u0151 jegyek, de nem tolakod\u00f3 \u00edzvil\u00e1g. Z\u00f6ldalm\u00e1s, citrusos, valamint \u00e1sv\u00e1nyos jegyek, m\u00e9zzel, f\u0171szerekkel \u00e9s \u00e9rett gy\u00fcm\u00f6lcs\u00f6kkel kombin\u00e1lva. Alapbor, de sokoldal\u00fas\u00e1ga teszi k\u00fcl\u00f6nlegess\u00e9.\" \/>\n<meta property=\"og:url\" content=\"https:\/\/dukaywinery.com\/sr\/product\/2021-dukay-furmint\/\" \/>\n<meta property=\"og:site_name\" content=\"Dukay Winery\" \/>\n<meta property=\"article:modified_time\" content=\"2025-02-04T14:40:44+00:00\" \/>\n<meta property=\"og:image\" content=\"http:\/\/dukaywinery.com\/wp-content\/uploads\/2025\/02\/furmintwebp-e1738678080783.webp\" \/>\n\t<meta property=\"og:image:width\" content=\"394\" \/>\n\t<meta property=\"og:image:height\" content=\"936\" \/>\n\t<meta property=\"og:image:type\" content=\"image\/webp\" \/>\n<meta name=\"twitter:card\" content=\"summary_large_image\" \/>\n<script type=\"application\/ld+json\" class=\"yoast-schema-graph\">{\"@context\":\"https:\/\/schema.org\",\"@graph\":[{\"@type\":\"WebPage\",\"@id\":\"https:\/\/dukaywinery.com\/product\/2021-dukay-furmint\/\",\"url\":\"https:\/\/dukaywinery.com\/product\/2021-dukay-furmint\/\",\"name\":\"2021 Dukay - Furmint - Dukay Winery\",\"isPartOf\":{\"@id\":\"https:\/\/dukaywinery.com\/#website\"},\"primaryImageOfPage\":{\"@id\":\"https:\/\/dukaywinery.com\/product\/2021-dukay-furmint\/#primaryimage\"},\"image\":{\"@id\":\"https:\/\/dukaywinery.com\/product\/2021-dukay-furmint\/#primaryimage\"},\"thumbnailUrl\":\"https:\/\/dukaywinery.com\/wp-content\/uploads\/2025\/02\/furmintwebp-e1738678080783.webp\",\"datePublished\":\"2025-02-04T14:23:05+00:00\",\"dateModified\":\"2025-02-04T14:40:44+00:00\",\"breadcrumb\":{\"@id\":\"https:\/\/dukaywinery.com\/product\/2021-dukay-furmint\/#breadcrumb\"},\"inLanguage\":\"sr-RS\",\"potentialAction\":[{\"@type\":\"ReadAction\",\"target\":[\"https:\/\/dukaywinery.com\/product\/2021-dukay-furmint\/\"]}]},{\"@type\":\"ImageObject\",\"inLanguage\":\"sr-RS\",\"@id\":\"https:\/\/dukaywinery.com\/product\/2021-dukay-furmint\/#primaryimage\",\"url\":\"https:\/\/dukaywinery.com\/wp-content\/uploads\/2025\/02\/furmintwebp-e1738678080783.webp\",\"contentUrl\":\"https:\/\/dukaywinery.com\/wp-content\/uploads\/2025\/02\/furmintwebp-e1738678080783.webp\",\"width\":394,\"height\":936},{\"@type\":\"BreadcrumbList\",\"@id\":\"https:\/\/dukaywinery.com\/product\/2021-dukay-furmint\/#breadcrumb\",\"itemListElement\":[{\"@type\":\"ListItem\",\"position\":1,\"name\":\"Home\",\"item\":\"https:\/\/dukaywinery.com\/\"},{\"@type\":\"ListItem\",\"position\":2,\"name\":\"Term\u00e9kek\",\"item\":\"https:\/\/dukaywinery.com\/shop\/\"},{\"@type\":\"ListItem\",\"position\":3,\"name\":\"2021 Dukay &#8211; Furmint\"}]},{\"@type\":\"WebSite\",\"@id\":\"https:\/\/dukaywinery.com\/#website\",\"url\":\"https:\/\/dukaywinery.com\/\",\"name\":\"Dukay Winery\",\"description\":\"Dukay pr\u00e9mium bor\u00e1szat\",\"publisher\":{\"@id\":\"https:\/\/dukaywinery.com\/#organization\"},\"potentialAction\":[{\"@type\":\"SearchAction\",\"target\":{\"@type\":\"EntryPoint\",\"urlTemplate\":\"https:\/\/dukaywinery.com\/?s={search_term_string}\"},\"query-input\":{\"@type\":\"PropertyValueSpecification\",\"valueRequired\":true,\"valueName\":\"search_term_string\"}}],\"inLanguage\":\"sr-RS\"},{\"@type\":\"Organization\",\"@id\":\"https:\/\/dukaywinery.com\/#organization\",\"name\":\"Dukay Winery\",\"url\":\"https:\/\/dukaywinery.com\/\",\"logo\":{\"@type\":\"ImageObject\",\"inLanguage\":\"sr-RS\",\"@id\":\"https:\/\/dukaywinery.com\/#\/schema\/logo\/image\/\",\"url\":\"https:\/\/dukaywinery.com\/wp-content\/uploads\/2023\/02\/DUKAY_LOGO_STAMP@2x-e1676973723173.png\",\"contentUrl\":\"https:\/\/dukaywinery.com\/wp-content\/uploads\/2023\/02\/DUKAY_LOGO_STAMP@2x-e1676973723173.png\",\"width\":1082,\"height\":446,\"caption\":\"Dukay Winery\"},\"image\":{\"@id\":\"https:\/\/dukaywinery.com\/#\/schema\/logo\/image\/\"}}]}<\/script>\n<!-- \/ Yoast SEO plugin. -->","yoast_head_json":{"title":"2021 Dukay - Furmint - Dukay Winery","robots":{"index":"index","follow":"follow","max-snippet":"max-snippet:-1","max-image-preview":"max-image-preview:large","max-video-preview":"max-video-preview:-1"},"canonical":"https:\/\/dukaywinery.com\/sr\/product\/2021-dukay-furmint\/","og_locale":"sr_RS","og_type":"article","og_title":"2021 Dukay - Furmint - Dukay Winery","og_description":"\u00c9l\u00e9nk, friss\u00edt\u0151 karakter\u0171, k\u00f6nnyed Furmint a Szer\u00e9ms\u00e9gt\u0151l. Fajt\u00e1ra jellemz\u0151 jegyek, de nem tolakod\u00f3 \u00edzvil\u00e1g. Z\u00f6ldalm\u00e1s, citrusos, valamint \u00e1sv\u00e1nyos jegyek, m\u00e9zzel, f\u0171szerekkel \u00e9s \u00e9rett gy\u00fcm\u00f6lcs\u00f6kkel kombin\u00e1lva. Alapbor, de sokoldal\u00fas\u00e1ga teszi k\u00fcl\u00f6nlegess\u00e9.","og_url":"https:\/\/dukaywinery.com\/sr\/product\/2021-dukay-furmint\/","og_site_name":"Dukay Winery","article_modified_time":"2025-02-04T14:40:44+00:00","og_image":[{"width":394,"height":936,"url":"http:\/\/dukaywinery.com\/wp-content\/uploads\/2025\/02\/furmintwebp-e1738678080783.webp","type":"image\/webp"}],"twitter_card":"summary_large_image","schema":{"@context":"https:\/\/schema.org","@graph":[{"@type":"WebPage","@id":"https:\/\/dukaywinery.com\/product\/2021-dukay-furmint\/","url":"https:\/\/dukaywinery.com\/product\/2021-dukay-furmint\/","name":"2021 Dukay - Furmint - Dukay Winery","isPartOf":{"@id":"https:\/\/dukaywinery.com\/#website"},"primaryImageOfPage":{"@id":"https:\/\/dukaywinery.com\/product\/2021-dukay-furmint\/#primaryimage"},"image":{"@id":"https:\/\/dukaywinery.com\/product\/2021-dukay-furmint\/#primaryimage"},"thumbnailUrl":"https:\/\/dukaywinery.com\/wp-content\/uploads\/2025\/02\/furmintwebp-e1738678080783.webp","datePublished":"2025-02-04T14:23:05+00:00","dateModified":"2025-02-04T14:40:44+00:00","breadcrumb":{"@id":"https:\/\/dukaywinery.com\/product\/2021-dukay-furmint\/#breadcrumb"},"inLanguage":"sr-RS","potentialAction":[{"@type":"ReadAction","target":["https:\/\/dukaywinery.com\/product\/2021-dukay-furmint\/"]}]},{"@type":"ImageObject","inLanguage":"sr-RS","@id":"https:\/\/dukaywinery.com\/product\/2021-dukay-furmint\/#primaryimage","url":"https:\/\/dukaywinery.com\/wp-content\/uploads\/2025\/02\/furmintwebp-e1738678080783.webp","contentUrl":"https:\/\/dukaywinery.com\/wp-content\/uploads\/2025\/02\/furmintwebp-e1738678080783.webp","width":394,"height":936},{"@type":"BreadcrumbList","@id":"https:\/\/dukaywinery.com\/product\/2021-dukay-furmint\/#breadcrumb","itemListElement":[{"@type":"ListItem","position":1,"name":"Home","item":"https:\/\/dukaywinery.com\/"},{"@type":"ListItem","position":2,"name":"Term\u00e9kek","item":"https:\/\/dukaywinery.com\/shop\/"},{"@type":"ListItem","position":3,"name":"2021 Dukay &#8211; Furmint"}]},{"@type":"WebSite","@id":"https:\/\/dukaywinery.com\/#website","url":"https:\/\/dukaywinery.com\/","name":"Dukay Winery","description":"Dukay pr\u00e9mium bor\u00e1szat","publisher":{"@id":"https:\/\/dukaywinery.com\/#organization"},"potentialAction":[{"@type":"SearchAction","target":{"@type":"EntryPoint","urlTemplate":"https:\/\/dukaywinery.com\/?s={search_term_string}"},"query-input":{"@type":"PropertyValueSpecification","valueRequired":true,"valueName":"search_term_string"}}],"inLanguage":"sr-RS"},{"@type":"Organization","@id":"https:\/\/dukaywinery.com\/#organization","name":"Dukay Winery","url":"https:\/\/dukaywinery.com\/","logo":{"@type":"ImageObject","inLanguage":"sr-RS","@id":"https:\/\/dukaywinery.com\/#\/schema\/logo\/image\/","url":"https:\/\/dukaywinery.com\/wp-content\/uploads\/2023\/02\/DUKAY_LOGO_STAMP@2x-e1676973723173.png","contentUrl":"https:\/\/dukaywinery.com\/wp-content\/uploads\/2023\/02\/DUKAY_LOGO_STAMP@2x-e1676973723173.png","width":1082,"height":446,"caption":"Dukay Winery"},"image":{"@id":"https:\/\/dukaywinery.com\/#\/schema\/logo\/image\/"}}]}},"jetpack_sharing_enabled":true,"_links":{"self":[{"href":"https:\/\/dukaywinery.com\/sr\/wp-json\/wp\/v2\/product\/989612","targetHints":{"allow":["GET"]}}],"collection":[{"href":"https:\/\/dukaywinery.com\/sr\/wp-json\/wp\/v2\/product"}],"about":[{"href":"https:\/\/dukaywinery.com\/sr\/wp-json\/wp\/v2\/types\/product"}],"replies":[{"embeddable":true,"href":"https:\/\/dukaywinery.com\/sr\/wp-json\/wp\/v2\/comments?post=989612"}],"version-history":[{"count":0,"href":"https:\/\/dukaywinery.com\/sr\/wp-json\/wp\/v2\/product\/989612\/revisions"}],"wp:featuredmedia":[{"embeddable":true,"href":"https:\/\/dukaywinery.com\/sr\/wp-json\/wp\/v2\/media\/989616"}],"wp:attachment":[{"href":"https:\/\/dukaywinery.com\/sr\/wp-json\/wp\/v2\/media?parent=989612"}],"wp:term":[{"taxonomy":"product_brand","embeddable":true,"href":"https:\/\/dukaywinery.com\/sr\/wp-json\/wp\/v2\/product_brand?post=989612"},{"taxonomy":"product_cat","embeddable":true,"href":"https:\/\/dukaywinery.com\/sr\/wp-json\/wp\/v2\/product_cat?post=989612"},{"taxonomy":"product_tag","embeddable":true,"href":"https:\/\/dukaywinery.com\/sr\/wp-json\/wp\/v2\/product_tag?post=989612"}],"curies":[{"name":"wp","href":"https:\/\/api.w.org\/{rel}","templated":true}]}}