{"id":6576,"date":"2020-08-11T14:16:55","date_gmt":"2020-08-11T12:16:55","guid":{"rendered":"https:\/\/lagar.vamtam.com\/?post_type=product&#038;p=6576"},"modified":"2024-02-20T16:21:13","modified_gmt":"2024-02-20T15:21:13","slug":"2020-dukay-siller","status":"publish","type":"product","link":"https:\/\/dukaywinery.com\/sr\/product\/2020-dukay-siller\/","title":{"rendered":"2020 Dukay &#8211; Siller"},"content":{"rendered":"<div data-elementor-type=\"product-post\" data-elementor-id=\"6576\" class=\"elementor elementor-6576\" data-elementor-post-type=\"product\">\n\t\t\t\t\t\t<section class=\"elementor-section elementor-top-section elementor-element elementor-element-0f4a1b3 elementor-section-boxed elementor-section-height-default elementor-section-height-default\" data-id=\"0f4a1b3\" data-element_type=\"section\">\n\t\t\t\t\t\t<div class=\"elementor-container elementor-column-gap-default\">\n\t\t\t\t\t<div class=\"elementor-column elementor-col-100 elementor-top-column elementor-element elementor-element-3c18185\" data-id=\"3c18185\" data-element_type=\"column\">\n\t\t\t<div class=\"elementor-widget-wrap elementor-element-populated\">\n\t\t\t\t\t\t<div class=\"elementor-element elementor-element-0ace267 elementor-widget elementor-widget-heading\" data-id=\"0ace267\" data-element_type=\"widget\" data-widget_type=\"heading.default\">\n\t\t\t\t<div class=\"elementor-widget-container\">\n\t\t\t\t\t<h5 class=\"elementor-heading-title elementor-size-default\">Specifikacije<\/h5>\t\t\t\t<\/div>\n\t\t\t\t<\/div>\n\t\t\t\t<div class=\"elementor-element elementor-element-e13eefa elementor-widget elementor-widget-text-editor\" data-id=\"e13eefa\" data-element_type=\"widget\" data-widget_type=\"text-editor.default\">\n\t\t\t\t<div class=\"elementor-widget-container\">\n\t\t\t\t\t\t\t\t\t<p><strong>Preporu\u010dena temperatura serviranja:<\/strong> 10-12 C\u00b0<\/p><p><strong>Alkohol: <\/strong>12%<\/p><p><strong>\u0160e\u0107er: Suvo, 1,1 g\/l <\/strong><\/p><p><strong>Sav: 5,7 g\/l<\/strong><\/p><p><strong>PH: 3,4<\/strong><\/p><p><strong>Vreme starenja: ?? <\/strong><\/p>\t\t\t\t\t\t\t\t<\/div>\n\t\t\t\t<\/div>\n\t\t\t\t<div class=\"elementor-element elementor-element-acb0508 elementor-widget elementor-widget-heading\" data-id=\"acb0508\" data-element_type=\"widget\" data-widget_type=\"heading.default\">\n\t\t\t\t<div class=\"elementor-widget-container\">\n\t\t\t\t\t<h5 class=\"elementor-heading-title elementor-size-default\">Degustacija:\n<\/h5>\t\t\t\t<\/div>\n\t\t\t\t<\/div>\n\t\t\t\t<div class=\"elementor-element elementor-element-3d5386e elementor-widget elementor-widget-text-editor\" data-id=\"3d5386e\" data-element_type=\"widget\" data-widget_type=\"text-editor.default\">\n\t\t\t\t<div class=\"elementor-widget-container\">\n\t\t\t\t\t\t\t\t\t<p class=\"translation-block\"><strong>Boja: <\/strong>\u017divahna, vibrantno crvena<\/p><p class=\"translation-block\"><strong>Aroma: <\/strong>Miris tre\u0161nje sa primesom za\u010dina<\/p><p class=\"translation-block\"><strong>Ukus: <\/strong>Ukus se sastoji od tre\u0161nje i ribizle, sa aromati\u010dnim fini\u0161em.<\/p><p>\u00a0<\/p>\t\t\t\t\t\t\t\t<\/div>\n\t\t\t\t<\/div>\n\t\t\t\t<div class=\"elementor-element elementor-element-5c58799 elementor-hidden-desktop elementor-hidden-tablet elementor-hidden-mobile elementor-widget elementor-widget-heading\" data-id=\"5c58799\" data-element_type=\"widget\" data-widget_type=\"heading.default\">\n\t\t\t\t<div class=\"elementor-widget-container\">\n\t\t\t\t\t<h5 class=\"elementor-heading-title elementor-size-default\">D\u00edjak<\/h5>\t\t\t\t<\/div>\n\t\t\t\t<\/div>\n\t\t\t\t<section class=\"elementor-section elementor-inner-section elementor-element elementor-element-ffda55a elementor-reverse-tablet elementor-reverse-mobile elementor-hidden-desktop elementor-hidden-tablet elementor-hidden-mobile elementor-section-boxed elementor-section-height-default elementor-section-height-default\" data-id=\"ffda55a\" data-element_type=\"section\">\n\t\t\t\t\t\t<div class=\"elementor-container elementor-column-gap-default\">\n\t\t\t\t\t<div class=\"elementor-column elementor-col-33 elementor-inner-column elementor-element elementor-element-6614ce2\" data-id=\"6614ce2\" data-element_type=\"column\">\n\t\t\t<div class=\"elementor-widget-wrap\">\n\t\t\t\t\t\t\t<\/div>\n\t\t<\/div>\n\t\t\t\t<div class=\"elementor-column elementor-col-33 elementor-inner-column elementor-element elementor-element-ae41413\" data-id=\"ae41413\" data-element_type=\"column\">\n\t\t\t<div class=\"elementor-widget-wrap\">\n\t\t\t\t\t\t\t<\/div>\n\t\t<\/div>\n\t\t\t\t<div class=\"elementor-column elementor-col-33 elementor-inner-column elementor-element elementor-element-6124cc0\" data-id=\"6124cc0\" data-element_type=\"column\">\n\t\t\t<div class=\"elementor-widget-wrap\">\n\t\t\t\t\t\t\t<\/div>\n\t\t<\/div>\n\t\t\t\t\t<\/div>\n\t\t<\/section>\n\t\t\t\t<section class=\"elementor-section elementor-inner-section elementor-element elementor-element-ae040aa elementor-section-boxed elementor-section-height-default elementor-section-height-default\" data-id=\"ae040aa\" data-element_type=\"section\">\n\t\t\t\t\t\t<div class=\"elementor-container elementor-column-gap-default\">\n\t\t\t\t\t<div class=\"elementor-column elementor-col-100 elementor-inner-column elementor-element elementor-element-5df2602\" data-id=\"5df2602\" data-element_type=\"column\">\n\t\t\t<div class=\"elementor-widget-wrap elementor-element-populated\">\n\t\t\t\t\t\t<div class=\"elementor-element elementor-element-ee7cb63 elementor-widget__width-initial elementor-widget-mobile__width-initial elementor-fixed elementor-hidden-tablet elementor-hidden-phone elementor-widget elementor-widget-image\" data-id=\"ee7cb63\" data-element_type=\"widget\" data-settings=\"{&quot;_position&quot;:&quot;fixed&quot;}\" data-widget_type=\"image.default\">\n\t\t\t\t<div class=\"elementor-widget-container\">\n\t\t\t\t\t\t\t\t\t\t\t\t\t\t\t<img decoding=\"async\" src=\"http:\/\/dukaywinery.com\/wp-content\/uploads\/2020\/08\/grapes-transparent-2-v2.png\" title=\"\" alt=\"\" loading=\"lazy\" \/>\t\t\t\t\t\t\t\t\t\t\t\t\t\t\t<\/div>\n\t\t\t\t<\/div>\n\t\t\t\t\t<\/div>\n\t\t<\/div>\n\t\t\t\t\t<\/div>\n\t\t<\/section>\n\t\t\t\t\t<\/div>\n\t\t<\/div>\n\t\t\t\t\t<\/div>\n\t\t<\/section>\n\t\t\t\t<\/div>","protected":false},"excerpt":{"rendered":"<p><span style=\"font-weight: 500;\">Elegantna, vibrantna crvena boja ulivena u \u010da\u0161u. Pored suptilne za\u010dinske arome, dominiraju\nukusi vi\u0161nje, tre\u0161nje i ribizle. Pravi kuriozitet. Nakon prvog gutljaja, ose\u0107ate \u010dvrst karakter, i\nprepoznatljive vo\u0107ne ekstrakte. Dugotrajan, aromati\u010dan ukus. Izuzetno bogato i uzbudljivo\nvino. Odli\u010dan partner ma\u0111arske kuhinje. Idealan za \u0161pricere.<\/span><\/p>","protected":false},"featured_media":988493,"comment_status":"closed","ping_status":"closed","template":"","meta":[],"product_brand":[],"product_cat":[57],"product_tag":[62,60,63],"class_list":{"0":"post-6576","1":"product","2":"type-product","3":"status-publish","4":"has-post-thumbnail","6":"product_cat-57","7":"product_tag-62","8":"product_tag-dukay","9":"product_tag-siller","11":"first","12":"instock","13":"taxable","14":"shipping-taxable","15":"purchasable","16":"product-type-simple"},"yoast_head":"<!-- This site is optimized with the Yoast SEO plugin v25.7 - https:\/\/yoast.com\/wordpress\/plugins\/seo\/ -->\n<title>2020 Dukay - Siller - Dukay Winery<\/title>\n<meta name=\"robots\" content=\"index, follow, max-snippet:-1, max-image-preview:large, max-video-preview:-1\" \/>\n<link rel=\"canonical\" href=\"https:\/\/dukaywinery.com\/sr\/product\/2020-dukay-siller\/\" \/>\n<meta property=\"og:locale\" content=\"sr_RS\" \/>\n<meta property=\"og:type\" content=\"article\" \/>\n<meta property=\"og:title\" content=\"2020 Dukay - Siller - Dukay Winery\" \/>\n<meta property=\"og:description\" content=\"Eleg\u00e1ns, vibr\u00e1l\u00f3 piros sz\u00edn poh\u00e1rba t\u00f6ltve. Finoman felbukkan\u00f3 f\u0171szeres illata mellett domin\u00e1l a meggy, a cseresznye, a ribizli, igazi kuri\u00f3zum. Az els\u0151 korty ut\u00e1n feszes, visszak\u00f6sz\u00f6nnek a gy\u00fcm\u00f6lcs\u00f6s jegyek. Hossz\u00fara ny\u00fal\u00f3 arom\u00e1s lecseng\u00e9s. Rendk\u00edv\u00fcl tartalmas \u00e9s izgalmas bor. A magyar konyha fog\u00e1sai mell\u00e9 kiv\u00e1l\u00f3 k\u00eds\u00e9r\u0151, fr\u00f6ccsnek sem utols\u00f3.\" \/>\n<meta property=\"og:url\" content=\"https:\/\/dukaywinery.com\/sr\/product\/2020-dukay-siller\/\" \/>\n<meta property=\"og:site_name\" content=\"Dukay Winery\" \/>\n<meta property=\"article:modified_time\" content=\"2024-02-20T15:21:13+00:00\" \/>\n<meta property=\"og:image\" content=\"http:\/\/dukaywinery.com\/wp-content\/uploads\/2023\/03\/webshop3.png\" \/>\n\t<meta property=\"og:image:width\" content=\"522\" \/>\n\t<meta property=\"og:image:height\" content=\"1200\" \/>\n\t<meta property=\"og:image:type\" content=\"image\/png\" \/>\n<meta name=\"twitter:card\" content=\"summary_large_image\" \/>\n<meta name=\"twitter:label1\" content=\"\u041f\u0440\u043e\u0446\u0435\u045a\u0435\u043d\u043e \u0432\u0440\u0435\u043c\u0435 \u0447\u0438\u0442\u0430\u045a\u0430\" \/>\n\t<meta name=\"twitter:data1\" content=\"1 \u043c\u0438\u043d\u0443\u0442\" \/>\n<script type=\"application\/ld+json\" class=\"yoast-schema-graph\">{\"@context\":\"https:\/\/schema.org\",\"@graph\":[{\"@type\":\"WebPage\",\"@id\":\"https:\/\/dukaywinery.com\/product\/2020-dukay-siller\/\",\"url\":\"https:\/\/dukaywinery.com\/product\/2020-dukay-siller\/\",\"name\":\"2020 Dukay - Siller - Dukay Winery\",\"isPartOf\":{\"@id\":\"https:\/\/dukaywinery.com\/#website\"},\"primaryImageOfPage\":{\"@id\":\"https:\/\/dukaywinery.com\/product\/2020-dukay-siller\/#primaryimage\"},\"image\":{\"@id\":\"https:\/\/dukaywinery.com\/product\/2020-dukay-siller\/#primaryimage\"},\"thumbnailUrl\":\"https:\/\/dukaywinery.com\/wp-content\/uploads\/2023\/03\/webshop3.png\",\"datePublished\":\"2020-08-11T12:16:55+00:00\",\"dateModified\":\"2024-02-20T15:21:13+00:00\",\"breadcrumb\":{\"@id\":\"https:\/\/dukaywinery.com\/product\/2020-dukay-siller\/#breadcrumb\"},\"inLanguage\":\"sr-RS\",\"potentialAction\":[{\"@type\":\"ReadAction\",\"target\":[\"https:\/\/dukaywinery.com\/product\/2020-dukay-siller\/\"]}]},{\"@type\":\"ImageObject\",\"inLanguage\":\"sr-RS\",\"@id\":\"https:\/\/dukaywinery.com\/product\/2020-dukay-siller\/#primaryimage\",\"url\":\"https:\/\/dukaywinery.com\/wp-content\/uploads\/2023\/03\/webshop3.png\",\"contentUrl\":\"https:\/\/dukaywinery.com\/wp-content\/uploads\/2023\/03\/webshop3.png\",\"width\":522,\"height\":1200},{\"@type\":\"BreadcrumbList\",\"@id\":\"https:\/\/dukaywinery.com\/product\/2020-dukay-siller\/#breadcrumb\",\"itemListElement\":[{\"@type\":\"ListItem\",\"position\":1,\"name\":\"Home\",\"item\":\"https:\/\/dukaywinery.com\/\"},{\"@type\":\"ListItem\",\"position\":2,\"name\":\"Term\u00e9kek\",\"item\":\"https:\/\/dukaywinery.com\/shop\/\"},{\"@type\":\"ListItem\",\"position\":3,\"name\":\"2020 Dukay &#8211; Siller\"}]},{\"@type\":\"WebSite\",\"@id\":\"https:\/\/dukaywinery.com\/#website\",\"url\":\"https:\/\/dukaywinery.com\/\",\"name\":\"Dukay Winery\",\"description\":\"Dukay pr\u00e9mium bor\u00e1szat\",\"publisher\":{\"@id\":\"https:\/\/dukaywinery.com\/#organization\"},\"potentialAction\":[{\"@type\":\"SearchAction\",\"target\":{\"@type\":\"EntryPoint\",\"urlTemplate\":\"https:\/\/dukaywinery.com\/?s={search_term_string}\"},\"query-input\":{\"@type\":\"PropertyValueSpecification\",\"valueRequired\":true,\"valueName\":\"search_term_string\"}}],\"inLanguage\":\"sr-RS\"},{\"@type\":\"Organization\",\"@id\":\"https:\/\/dukaywinery.com\/#organization\",\"name\":\"Dukay Winery\",\"url\":\"https:\/\/dukaywinery.com\/\",\"logo\":{\"@type\":\"ImageObject\",\"inLanguage\":\"sr-RS\",\"@id\":\"https:\/\/dukaywinery.com\/#\/schema\/logo\/image\/\",\"url\":\"https:\/\/dukaywinery.com\/wp-content\/uploads\/2023\/02\/DUKAY_LOGO_STAMP@2x-e1676973723173.png\",\"contentUrl\":\"https:\/\/dukaywinery.com\/wp-content\/uploads\/2023\/02\/DUKAY_LOGO_STAMP@2x-e1676973723173.png\",\"width\":1082,\"height\":446,\"caption\":\"Dukay Winery\"},\"image\":{\"@id\":\"https:\/\/dukaywinery.com\/#\/schema\/logo\/image\/\"}}]}<\/script>\n<!-- \/ Yoast SEO plugin. -->","yoast_head_json":{"title":"2020 Dukay - Siller - Dukay Winery","robots":{"index":"index","follow":"follow","max-snippet":"max-snippet:-1","max-image-preview":"max-image-preview:large","max-video-preview":"max-video-preview:-1"},"canonical":"https:\/\/dukaywinery.com\/sr\/product\/2020-dukay-siller\/","og_locale":"sr_RS","og_type":"article","og_title":"2020 Dukay - Siller - Dukay Winery","og_description":"Eleg\u00e1ns, vibr\u00e1l\u00f3 piros sz\u00edn poh\u00e1rba t\u00f6ltve. Finoman felbukkan\u00f3 f\u0171szeres illata mellett domin\u00e1l a meggy, a cseresznye, a ribizli, igazi kuri\u00f3zum. Az els\u0151 korty ut\u00e1n feszes, visszak\u00f6sz\u00f6nnek a gy\u00fcm\u00f6lcs\u00f6s jegyek. Hossz\u00fara ny\u00fal\u00f3 arom\u00e1s lecseng\u00e9s. Rendk\u00edv\u00fcl tartalmas \u00e9s izgalmas bor. A magyar konyha fog\u00e1sai mell\u00e9 kiv\u00e1l\u00f3 k\u00eds\u00e9r\u0151, fr\u00f6ccsnek sem utols\u00f3.","og_url":"https:\/\/dukaywinery.com\/sr\/product\/2020-dukay-siller\/","og_site_name":"Dukay Winery","article_modified_time":"2024-02-20T15:21:13+00:00","og_image":[{"width":522,"height":1200,"url":"http:\/\/dukaywinery.com\/wp-content\/uploads\/2023\/03\/webshop3.png","type":"image\/png"}],"twitter_card":"summary_large_image","twitter_misc":{"\u041f\u0440\u043e\u0446\u0435\u045a\u0435\u043d\u043e \u0432\u0440\u0435\u043c\u0435 \u0447\u0438\u0442\u0430\u045a\u0430":"1 \u043c\u0438\u043d\u0443\u0442"},"schema":{"@context":"https:\/\/schema.org","@graph":[{"@type":"WebPage","@id":"https:\/\/dukaywinery.com\/product\/2020-dukay-siller\/","url":"https:\/\/dukaywinery.com\/product\/2020-dukay-siller\/","name":"2020 Dukay - Siller - Dukay Winery","isPartOf":{"@id":"https:\/\/dukaywinery.com\/#website"},"primaryImageOfPage":{"@id":"https:\/\/dukaywinery.com\/product\/2020-dukay-siller\/#primaryimage"},"image":{"@id":"https:\/\/dukaywinery.com\/product\/2020-dukay-siller\/#primaryimage"},"thumbnailUrl":"https:\/\/dukaywinery.com\/wp-content\/uploads\/2023\/03\/webshop3.png","datePublished":"2020-08-11T12:16:55+00:00","dateModified":"2024-02-20T15:21:13+00:00","breadcrumb":{"@id":"https:\/\/dukaywinery.com\/product\/2020-dukay-siller\/#breadcrumb"},"inLanguage":"sr-RS","potentialAction":[{"@type":"ReadAction","target":["https:\/\/dukaywinery.com\/product\/2020-dukay-siller\/"]}]},{"@type":"ImageObject","inLanguage":"sr-RS","@id":"https:\/\/dukaywinery.com\/product\/2020-dukay-siller\/#primaryimage","url":"https:\/\/dukaywinery.com\/wp-content\/uploads\/2023\/03\/webshop3.png","contentUrl":"https:\/\/dukaywinery.com\/wp-content\/uploads\/2023\/03\/webshop3.png","width":522,"height":1200},{"@type":"BreadcrumbList","@id":"https:\/\/dukaywinery.com\/product\/2020-dukay-siller\/#breadcrumb","itemListElement":[{"@type":"ListItem","position":1,"name":"Home","item":"https:\/\/dukaywinery.com\/"},{"@type":"ListItem","position":2,"name":"Term\u00e9kek","item":"https:\/\/dukaywinery.com\/shop\/"},{"@type":"ListItem","position":3,"name":"2020 Dukay &#8211; Siller"}]},{"@type":"WebSite","@id":"https:\/\/dukaywinery.com\/#website","url":"https:\/\/dukaywinery.com\/","name":"Dukay Winery","description":"Dukay pr\u00e9mium bor\u00e1szat","publisher":{"@id":"https:\/\/dukaywinery.com\/#organization"},"potentialAction":[{"@type":"SearchAction","target":{"@type":"EntryPoint","urlTemplate":"https:\/\/dukaywinery.com\/?s={search_term_string}"},"query-input":{"@type":"PropertyValueSpecification","valueRequired":true,"valueName":"search_term_string"}}],"inLanguage":"sr-RS"},{"@type":"Organization","@id":"https:\/\/dukaywinery.com\/#organization","name":"Dukay Winery","url":"https:\/\/dukaywinery.com\/","logo":{"@type":"ImageObject","inLanguage":"sr-RS","@id":"https:\/\/dukaywinery.com\/#\/schema\/logo\/image\/","url":"https:\/\/dukaywinery.com\/wp-content\/uploads\/2023\/02\/DUKAY_LOGO_STAMP@2x-e1676973723173.png","contentUrl":"https:\/\/dukaywinery.com\/wp-content\/uploads\/2023\/02\/DUKAY_LOGO_STAMP@2x-e1676973723173.png","width":1082,"height":446,"caption":"Dukay Winery"},"image":{"@id":"https:\/\/dukaywinery.com\/#\/schema\/logo\/image\/"}}]}},"jetpack_sharing_enabled":true,"_links":{"self":[{"href":"https:\/\/dukaywinery.com\/sr\/wp-json\/wp\/v2\/product\/6576","targetHints":{"allow":["GET"]}}],"collection":[{"href":"https:\/\/dukaywinery.com\/sr\/wp-json\/wp\/v2\/product"}],"about":[{"href":"https:\/\/dukaywinery.com\/sr\/wp-json\/wp\/v2\/types\/product"}],"replies":[{"embeddable":true,"href":"https:\/\/dukaywinery.com\/sr\/wp-json\/wp\/v2\/comments?post=6576"}],"version-history":[{"count":0,"href":"https:\/\/dukaywinery.com\/sr\/wp-json\/wp\/v2\/product\/6576\/revisions"}],"wp:featuredmedia":[{"embeddable":true,"href":"https:\/\/dukaywinery.com\/sr\/wp-json\/wp\/v2\/media\/988493"}],"wp:attachment":[{"href":"https:\/\/dukaywinery.com\/sr\/wp-json\/wp\/v2\/media?parent=6576"}],"wp:term":[{"taxonomy":"product_brand","embeddable":true,"href":"https:\/\/dukaywinery.com\/sr\/wp-json\/wp\/v2\/product_brand?post=6576"},{"taxonomy":"product_cat","embeddable":true,"href":"https:\/\/dukaywinery.com\/sr\/wp-json\/wp\/v2\/product_cat?post=6576"},{"taxonomy":"product_tag","embeddable":true,"href":"https:\/\/dukaywinery.com\/sr\/wp-json\/wp\/v2\/product_tag?post=6576"}],"curies":[{"name":"wp","href":"https:\/\/api.w.org\/{rel}","templated":true}]}}