{"id":6574,"date":"2020-08-11T14:13:05","date_gmt":"2020-08-11T12:13:05","guid":{"rendered":"https:\/\/lagar.vamtam.com\/?post_type=product&#038;p=6574"},"modified":"2024-02-20T16:23:05","modified_gmt":"2024-02-20T15:23:05","slug":"2021-dukay-kadarka","status":"publish","type":"product","link":"https:\/\/dukaywinery.com\/sr\/product\/2021-dukay-kadarka\/","title":{"rendered":"2021 Dukay &#8211; Kadarka"},"content":{"rendered":"<div data-elementor-type=\"product-post\" data-elementor-id=\"6574\" class=\"elementor elementor-6574\" data-elementor-post-type=\"product\">\n\t\t\t\t\t\t<section class=\"elementor-section elementor-top-section elementor-element elementor-element-60dbbf3 elementor-section-boxed elementor-section-height-default elementor-section-height-default\" data-id=\"60dbbf3\" data-element_type=\"section\">\n\t\t\t\t\t\t<div class=\"elementor-container elementor-column-gap-default\">\n\t\t\t\t\t<div class=\"elementor-column elementor-col-100 elementor-top-column elementor-element elementor-element-2fe543f\" data-id=\"2fe543f\" data-element_type=\"column\">\n\t\t\t<div class=\"elementor-widget-wrap elementor-element-populated\">\n\t\t\t\t\t\t<div class=\"elementor-element elementor-element-b37671f elementor-widget elementor-widget-heading\" data-id=\"b37671f\" data-element_type=\"widget\" data-widget_type=\"heading.default\">\n\t\t\t\t<div class=\"elementor-widget-container\">\n\t\t\t\t\t<h5 class=\"elementor-heading-title elementor-size-default\">Specifikacije<\/h5>\t\t\t\t<\/div>\n\t\t\t\t<\/div>\n\t\t\t\t<div class=\"elementor-element elementor-element-055ecd3 elementor-widget elementor-widget-text-editor\" data-id=\"055ecd3\" data-element_type=\"widget\" data-widget_type=\"text-editor.default\">\n\t\t\t\t<div class=\"elementor-widget-container\">\n\t\t\t\t\t\t\t\t\t<p><strong>Preporu\u010dena temperatura serviranja:<\/strong> 16-18 C\u00b0<\/p><p><strong>Alkohol: <\/strong>11,5%<\/p><p><strong>Sadr\u017eaj \u0161ec\u0301era: Suvo 0,6 g\/l <\/strong><\/p><p><strong>Sav: 5,2 g\/l<\/strong><\/p><p><strong>PH: 3,5 <\/strong><\/p><p><strong>Vreme starenja: 9 meseci <\/strong><\/p>\t\t\t\t\t\t\t\t<\/div>\n\t\t\t\t<\/div>\n\t\t\t\t<div class=\"elementor-element elementor-element-b36cd20 elementor-widget elementor-widget-heading\" data-id=\"b36cd20\" data-element_type=\"widget\" data-widget_type=\"heading.default\">\n\t\t\t\t<div class=\"elementor-widget-container\">\n\t\t\t\t\t<h5 class=\"elementor-heading-title elementor-size-default\">Degustacija:<\/h5>\t\t\t\t<\/div>\n\t\t\t\t<\/div>\n\t\t\t\t<div class=\"elementor-element elementor-element-4c9f59f elementor-widget elementor-widget-text-editor\" data-id=\"4c9f59f\" data-element_type=\"widget\" data-widget_type=\"text-editor.default\">\n\t\t\t\t<div class=\"elementor-widget-container\">\n\t\t\t\t\t\t\t\t\t<p class=\"translation-block\"><strong>Boja: <\/strong>Rubinsko crvena<\/p><p class=\"translation-block\"><strong>Aroma: <\/strong>Za\u010dinjene note karakteristi\u010dne za sortu Kadarka, sa tonovima bobi\u010dastog vo\u0107a, maline i ribizle.<\/p><p class=\"translation-block\"><strong>Ukus: <\/strong>Lagan i sve\u017e ukus, pravi osve\u017eavaju\u0107i napitak. Ovo je pravi Kadarka, i pravi \u0160umadijski vinski region.<\/p><p>\u00a0<\/p>\t\t\t\t\t\t\t\t<\/div>\n\t\t\t\t<\/div>\n\t\t\t\t<div class=\"elementor-element elementor-element-dd5b324 elementor-hidden-desktop elementor-hidden-tablet elementor-hidden-mobile elementor-widget elementor-widget-heading\" data-id=\"dd5b324\" data-element_type=\"widget\" data-widget_type=\"heading.default\">\n\t\t\t\t<div class=\"elementor-widget-container\">\n\t\t\t\t\t<h5 class=\"elementor-heading-title elementor-size-default\">D\u00edjak<\/h5>\t\t\t\t<\/div>\n\t\t\t\t<\/div>\n\t\t\t\t<section class=\"elementor-section elementor-inner-section elementor-element elementor-element-e4b0b37 elementor-reverse-tablet elementor-reverse-mobile elementor-hidden-desktop elementor-hidden-tablet elementor-hidden-mobile elementor-section-boxed elementor-section-height-default elementor-section-height-default\" data-id=\"e4b0b37\" data-element_type=\"section\">\n\t\t\t\t\t\t<div class=\"elementor-container elementor-column-gap-default\">\n\t\t\t\t\t<div class=\"elementor-column elementor-col-33 elementor-inner-column elementor-element elementor-element-3b7c7eb\" data-id=\"3b7c7eb\" data-element_type=\"column\">\n\t\t\t<div class=\"elementor-widget-wrap\">\n\t\t\t\t\t\t\t<\/div>\n\t\t<\/div>\n\t\t\t\t<div class=\"elementor-column elementor-col-33 elementor-inner-column elementor-element elementor-element-c487688\" data-id=\"c487688\" data-element_type=\"column\">\n\t\t\t<div class=\"elementor-widget-wrap\">\n\t\t\t\t\t\t\t<\/div>\n\t\t<\/div>\n\t\t\t\t<div class=\"elementor-column elementor-col-33 elementor-inner-column elementor-element elementor-element-662d0bf\" data-id=\"662d0bf\" data-element_type=\"column\">\n\t\t\t<div class=\"elementor-widget-wrap\">\n\t\t\t\t\t\t\t<\/div>\n\t\t<\/div>\n\t\t\t\t\t<\/div>\n\t\t<\/section>\n\t\t\t\t<section class=\"elementor-section elementor-inner-section elementor-element elementor-element-5395a83 elementor-section-boxed elementor-section-height-default elementor-section-height-default\" data-id=\"5395a83\" data-element_type=\"section\">\n\t\t\t\t\t\t<div class=\"elementor-container elementor-column-gap-default\">\n\t\t\t\t\t<div class=\"elementor-column elementor-col-100 elementor-inner-column elementor-element elementor-element-16c07fe\" data-id=\"16c07fe\" data-element_type=\"column\">\n\t\t\t<div class=\"elementor-widget-wrap elementor-element-populated\">\n\t\t\t\t\t\t<div class=\"elementor-element elementor-element-e5691d4 elementor-widget__width-initial elementor-widget-mobile__width-initial elementor-fixed elementor-hidden-tablet elementor-hidden-phone elementor-widget elementor-widget-image\" data-id=\"e5691d4\" data-element_type=\"widget\" data-settings=\"{&quot;_position&quot;:&quot;fixed&quot;}\" data-widget_type=\"image.default\">\n\t\t\t\t<div class=\"elementor-widget-container\">\n\t\t\t\t\t\t\t\t\t\t\t\t\t\t\t<img decoding=\"async\" src=\"http:\/\/dukaywinery.com\/wp-content\/uploads\/2020\/08\/grapes-transparent-2-v2.png\" title=\"\" alt=\"\" loading=\"lazy\" \/>\t\t\t\t\t\t\t\t\t\t\t\t\t\t\t<\/div>\n\t\t\t\t<\/div>\n\t\t\t\t\t<\/div>\n\t\t<\/div>\n\t\t\t\t\t<\/div>\n\t\t<\/section>\n\t\t\t\t\t<\/div>\n\t\t<\/div>\n\t\t\t\t\t<\/div>\n\t\t<\/section>\n\t\t\t\t<\/div>","protected":false},"excerpt":{"rendered":"<p><span style=\"font-weight: 500;\">Rubin crveno, osnovno Kadarka vino od vinarije Dukay. Ubedljiv miris, sa primesama kadarke\ni jakim osnovama arome maline, ribizle i \u0161ljive. Punog, kiselog ukusa, ali pra\u0107en\niznena\u0111uju\u0107im dinamizmom...<\/span><\/p>","protected":false},"featured_media":988496,"comment_status":"closed","ping_status":"closed","template":"","meta":[],"product_brand":[],"product_cat":[58],"product_tag":[59,60,61],"class_list":{"0":"post-6574","1":"product","2":"type-product","3":"status-publish","4":"has-post-thumbnail","6":"product_cat-58","7":"product_tag-59","8":"product_tag-dukay","9":"product_tag-kadarka","11":"first","12":"instock","13":"taxable","14":"shipping-taxable","15":"purchasable","16":"product-type-simple"},"yoast_head":"<!-- This site is optimized with the Yoast SEO plugin v25.7 - https:\/\/yoast.com\/wordpress\/plugins\/seo\/ -->\n<title>2021 Dukay - Kadarka - Dukay Winery<\/title>\n<meta name=\"robots\" content=\"index, follow, max-snippet:-1, max-image-preview:large, max-video-preview:-1\" \/>\n<link rel=\"canonical\" href=\"https:\/\/dukaywinery.com\/sr\/product\/2021-dukay-kadarka\/\" \/>\n<meta property=\"og:locale\" content=\"sr_RS\" \/>\n<meta property=\"og:type\" content=\"article\" \/>\n<meta property=\"og:title\" content=\"2021 Dukay - Kadarka - Dukay Winery\" \/>\n<meta property=\"og:description\" content=\"Rubint v\u00f6r\u00f6s bor, a Dukay alap Kadark\u00e1ja. Illata meggy\u0151z\u0151, kadark\u00e1s f\u0171szerjegyek, er\u0151s m\u00e1ln\u00e1s, ribizlis, szilv\u00e1s alapokkal. \u00cdz\u00e9ben feszes savgerinc\u0171, de meglep\u0151en lend\u00fcletes bort kapunk. Gy\u00fcm\u00f6lcs\u00f6s lecseng\u00e9s \u00e9s eleg\u00e1ns telts\u00e9g jellemzi.\" \/>\n<meta property=\"og:url\" content=\"https:\/\/dukaywinery.com\/sr\/product\/2021-dukay-kadarka\/\" \/>\n<meta property=\"og:site_name\" content=\"Dukay Winery\" \/>\n<meta property=\"article:modified_time\" content=\"2024-02-20T15:23:05+00:00\" \/>\n<meta property=\"og:image\" content=\"http:\/\/dukaywinery.com\/wp-content\/uploads\/2023\/03\/webshop6.png\" \/>\n\t<meta property=\"og:image:width\" content=\"522\" \/>\n\t<meta property=\"og:image:height\" content=\"1200\" \/>\n\t<meta property=\"og:image:type\" content=\"image\/png\" \/>\n<meta name=\"twitter:card\" content=\"summary_large_image\" \/>\n<meta name=\"twitter:label1\" content=\"\u041f\u0440\u043e\u0446\u0435\u045a\u0435\u043d\u043e \u0432\u0440\u0435\u043c\u0435 \u0447\u0438\u0442\u0430\u045a\u0430\" \/>\n\t<meta name=\"twitter:data1\" content=\"1 \u043c\u0438\u043d\u0443\u0442\" \/>\n<script type=\"application\/ld+json\" class=\"yoast-schema-graph\">{\"@context\":\"https:\/\/schema.org\",\"@graph\":[{\"@type\":\"WebPage\",\"@id\":\"https:\/\/dukaywinery.com\/product\/2021-dukay-kadarka\/\",\"url\":\"https:\/\/dukaywinery.com\/product\/2021-dukay-kadarka\/\",\"name\":\"2021 Dukay - Kadarka - Dukay Winery\",\"isPartOf\":{\"@id\":\"https:\/\/dukaywinery.com\/#website\"},\"primaryImageOfPage\":{\"@id\":\"https:\/\/dukaywinery.com\/product\/2021-dukay-kadarka\/#primaryimage\"},\"image\":{\"@id\":\"https:\/\/dukaywinery.com\/product\/2021-dukay-kadarka\/#primaryimage\"},\"thumbnailUrl\":\"https:\/\/dukaywinery.com\/wp-content\/uploads\/2023\/03\/webshop6.png\",\"datePublished\":\"2020-08-11T12:13:05+00:00\",\"dateModified\":\"2024-02-20T15:23:05+00:00\",\"breadcrumb\":{\"@id\":\"https:\/\/dukaywinery.com\/product\/2021-dukay-kadarka\/#breadcrumb\"},\"inLanguage\":\"sr-RS\",\"potentialAction\":[{\"@type\":\"ReadAction\",\"target\":[\"https:\/\/dukaywinery.com\/product\/2021-dukay-kadarka\/\"]}]},{\"@type\":\"ImageObject\",\"inLanguage\":\"sr-RS\",\"@id\":\"https:\/\/dukaywinery.com\/product\/2021-dukay-kadarka\/#primaryimage\",\"url\":\"https:\/\/dukaywinery.com\/wp-content\/uploads\/2023\/03\/webshop6.png\",\"contentUrl\":\"https:\/\/dukaywinery.com\/wp-content\/uploads\/2023\/03\/webshop6.png\",\"width\":522,\"height\":1200},{\"@type\":\"BreadcrumbList\",\"@id\":\"https:\/\/dukaywinery.com\/product\/2021-dukay-kadarka\/#breadcrumb\",\"itemListElement\":[{\"@type\":\"ListItem\",\"position\":1,\"name\":\"Home\",\"item\":\"https:\/\/dukaywinery.com\/\"},{\"@type\":\"ListItem\",\"position\":2,\"name\":\"Term\u00e9kek\",\"item\":\"https:\/\/dukaywinery.com\/shop\/\"},{\"@type\":\"ListItem\",\"position\":3,\"name\":\"2021 Dukay &#8211; Kadarka\"}]},{\"@type\":\"WebSite\",\"@id\":\"https:\/\/dukaywinery.com\/#website\",\"url\":\"https:\/\/dukaywinery.com\/\",\"name\":\"Dukay Winery\",\"description\":\"Dukay pr\u00e9mium bor\u00e1szat\",\"publisher\":{\"@id\":\"https:\/\/dukaywinery.com\/#organization\"},\"potentialAction\":[{\"@type\":\"SearchAction\",\"target\":{\"@type\":\"EntryPoint\",\"urlTemplate\":\"https:\/\/dukaywinery.com\/?s={search_term_string}\"},\"query-input\":{\"@type\":\"PropertyValueSpecification\",\"valueRequired\":true,\"valueName\":\"search_term_string\"}}],\"inLanguage\":\"sr-RS\"},{\"@type\":\"Organization\",\"@id\":\"https:\/\/dukaywinery.com\/#organization\",\"name\":\"Dukay Winery\",\"url\":\"https:\/\/dukaywinery.com\/\",\"logo\":{\"@type\":\"ImageObject\",\"inLanguage\":\"sr-RS\",\"@id\":\"https:\/\/dukaywinery.com\/#\/schema\/logo\/image\/\",\"url\":\"https:\/\/dukaywinery.com\/wp-content\/uploads\/2023\/02\/DUKAY_LOGO_STAMP@2x-e1676973723173.png\",\"contentUrl\":\"https:\/\/dukaywinery.com\/wp-content\/uploads\/2023\/02\/DUKAY_LOGO_STAMP@2x-e1676973723173.png\",\"width\":1082,\"height\":446,\"caption\":\"Dukay Winery\"},\"image\":{\"@id\":\"https:\/\/dukaywinery.com\/#\/schema\/logo\/image\/\"}}]}<\/script>\n<!-- \/ Yoast SEO plugin. -->","yoast_head_json":{"title":"2021 Dukay - Kadarka - Dukay Winery","robots":{"index":"index","follow":"follow","max-snippet":"max-snippet:-1","max-image-preview":"max-image-preview:large","max-video-preview":"max-video-preview:-1"},"canonical":"https:\/\/dukaywinery.com\/sr\/product\/2021-dukay-kadarka\/","og_locale":"sr_RS","og_type":"article","og_title":"2021 Dukay - Kadarka - Dukay Winery","og_description":"Rubint v\u00f6r\u00f6s bor, a Dukay alap Kadark\u00e1ja. Illata meggy\u0151z\u0151, kadark\u00e1s f\u0171szerjegyek, er\u0151s m\u00e1ln\u00e1s, ribizlis, szilv\u00e1s alapokkal. \u00cdz\u00e9ben feszes savgerinc\u0171, de meglep\u0151en lend\u00fcletes bort kapunk. Gy\u00fcm\u00f6lcs\u00f6s lecseng\u00e9s \u00e9s eleg\u00e1ns telts\u00e9g jellemzi.","og_url":"https:\/\/dukaywinery.com\/sr\/product\/2021-dukay-kadarka\/","og_site_name":"Dukay Winery","article_modified_time":"2024-02-20T15:23:05+00:00","og_image":[{"width":522,"height":1200,"url":"http:\/\/dukaywinery.com\/wp-content\/uploads\/2023\/03\/webshop6.png","type":"image\/png"}],"twitter_card":"summary_large_image","twitter_misc":{"\u041f\u0440\u043e\u0446\u0435\u045a\u0435\u043d\u043e \u0432\u0440\u0435\u043c\u0435 \u0447\u0438\u0442\u0430\u045a\u0430":"1 \u043c\u0438\u043d\u0443\u0442"},"schema":{"@context":"https:\/\/schema.org","@graph":[{"@type":"WebPage","@id":"https:\/\/dukaywinery.com\/product\/2021-dukay-kadarka\/","url":"https:\/\/dukaywinery.com\/product\/2021-dukay-kadarka\/","name":"2021 Dukay - Kadarka - Dukay Winery","isPartOf":{"@id":"https:\/\/dukaywinery.com\/#website"},"primaryImageOfPage":{"@id":"https:\/\/dukaywinery.com\/product\/2021-dukay-kadarka\/#primaryimage"},"image":{"@id":"https:\/\/dukaywinery.com\/product\/2021-dukay-kadarka\/#primaryimage"},"thumbnailUrl":"https:\/\/dukaywinery.com\/wp-content\/uploads\/2023\/03\/webshop6.png","datePublished":"2020-08-11T12:13:05+00:00","dateModified":"2024-02-20T15:23:05+00:00","breadcrumb":{"@id":"https:\/\/dukaywinery.com\/product\/2021-dukay-kadarka\/#breadcrumb"},"inLanguage":"sr-RS","potentialAction":[{"@type":"ReadAction","target":["https:\/\/dukaywinery.com\/product\/2021-dukay-kadarka\/"]}]},{"@type":"ImageObject","inLanguage":"sr-RS","@id":"https:\/\/dukaywinery.com\/product\/2021-dukay-kadarka\/#primaryimage","url":"https:\/\/dukaywinery.com\/wp-content\/uploads\/2023\/03\/webshop6.png","contentUrl":"https:\/\/dukaywinery.com\/wp-content\/uploads\/2023\/03\/webshop6.png","width":522,"height":1200},{"@type":"BreadcrumbList","@id":"https:\/\/dukaywinery.com\/product\/2021-dukay-kadarka\/#breadcrumb","itemListElement":[{"@type":"ListItem","position":1,"name":"Home","item":"https:\/\/dukaywinery.com\/"},{"@type":"ListItem","position":2,"name":"Term\u00e9kek","item":"https:\/\/dukaywinery.com\/shop\/"},{"@type":"ListItem","position":3,"name":"2021 Dukay &#8211; Kadarka"}]},{"@type":"WebSite","@id":"https:\/\/dukaywinery.com\/#website","url":"https:\/\/dukaywinery.com\/","name":"Dukay Winery","description":"Dukay pr\u00e9mium bor\u00e1szat","publisher":{"@id":"https:\/\/dukaywinery.com\/#organization"},"potentialAction":[{"@type":"SearchAction","target":{"@type":"EntryPoint","urlTemplate":"https:\/\/dukaywinery.com\/?s={search_term_string}"},"query-input":{"@type":"PropertyValueSpecification","valueRequired":true,"valueName":"search_term_string"}}],"inLanguage":"sr-RS"},{"@type":"Organization","@id":"https:\/\/dukaywinery.com\/#organization","name":"Dukay Winery","url":"https:\/\/dukaywinery.com\/","logo":{"@type":"ImageObject","inLanguage":"sr-RS","@id":"https:\/\/dukaywinery.com\/#\/schema\/logo\/image\/","url":"https:\/\/dukaywinery.com\/wp-content\/uploads\/2023\/02\/DUKAY_LOGO_STAMP@2x-e1676973723173.png","contentUrl":"https:\/\/dukaywinery.com\/wp-content\/uploads\/2023\/02\/DUKAY_LOGO_STAMP@2x-e1676973723173.png","width":1082,"height":446,"caption":"Dukay Winery"},"image":{"@id":"https:\/\/dukaywinery.com\/#\/schema\/logo\/image\/"}}]}},"jetpack_sharing_enabled":true,"_links":{"self":[{"href":"https:\/\/dukaywinery.com\/sr\/wp-json\/wp\/v2\/product\/6574","targetHints":{"allow":["GET"]}}],"collection":[{"href":"https:\/\/dukaywinery.com\/sr\/wp-json\/wp\/v2\/product"}],"about":[{"href":"https:\/\/dukaywinery.com\/sr\/wp-json\/wp\/v2\/types\/product"}],"replies":[{"embeddable":true,"href":"https:\/\/dukaywinery.com\/sr\/wp-json\/wp\/v2\/comments?post=6574"}],"version-history":[{"count":0,"href":"https:\/\/dukaywinery.com\/sr\/wp-json\/wp\/v2\/product\/6574\/revisions"}],"wp:featuredmedia":[{"embeddable":true,"href":"https:\/\/dukaywinery.com\/sr\/wp-json\/wp\/v2\/media\/988496"}],"wp:attachment":[{"href":"https:\/\/dukaywinery.com\/sr\/wp-json\/wp\/v2\/media?parent=6574"}],"wp:term":[{"taxonomy":"product_brand","embeddable":true,"href":"https:\/\/dukaywinery.com\/sr\/wp-json\/wp\/v2\/product_brand?post=6574"},{"taxonomy":"product_cat","embeddable":true,"href":"https:\/\/dukaywinery.com\/sr\/wp-json\/wp\/v2\/product_cat?post=6574"},{"taxonomy":"product_tag","embeddable":true,"href":"https:\/\/dukaywinery.com\/sr\/wp-json\/wp\/v2\/product_tag?post=6574"}],"curies":[{"name":"wp","href":"https:\/\/api.w.org\/{rel}","templated":true}]}}