{"id":342,"date":"2020-03-13T17:30:32","date_gmt":"2020-03-13T17:30:32","guid":{"rendered":"https:\/\/lagar.vamtam.com\/?page_id=342"},"modified":"2024-04-26T10:12:16","modified_gmt":"2024-04-26T08:12:16","slug":"contact","status":"publish","type":"page","link":"https:\/\/dukaywinery.com\/sr\/our-story\/contact\/","title":{"rendered":"Contact"},"content":{"rendered":"<div data-elementor-type=\"wp-page\" data-elementor-id=\"342\" class=\"elementor elementor-342\" data-elementor-post-type=\"page\">\n\t\t\t\t\t\t<section class=\"elementor-section elementor-top-section elementor-element elementor-element-101d3b4 elementor-section-height-min-height elementor-section-content-bottom elementor-section-boxed elementor-section-height-default elementor-section-items-middle\" data-id=\"101d3b4\" data-element_type=\"section\" data-settings=\"{&quot;background_background&quot;:&quot;classic&quot;}\">\n\t\t\t\t\t\t\t<div class=\"elementor-background-overlay\"><\/div>\n\t\t\t\t\t\t\t<div class=\"elementor-container elementor-column-gap-default\">\n\t\t\t\t\t<div class=\"elementor-column elementor-col-100 elementor-top-column elementor-element elementor-element-a1574e4\" data-id=\"a1574e4\" data-element_type=\"column\">\n\t\t\t<div class=\"elementor-widget-wrap\">\n\t\t\t\t\t\t\t<\/div>\n\t\t<\/div>\n\t\t\t\t\t<\/div>\n\t\t<\/section>\n\t\t\t\t<section class=\"elementor-section elementor-top-section elementor-element elementor-element-9668afb elementor-section-height-min-height elementor-section-boxed elementor-section-height-default elementor-section-items-middle\" data-id=\"9668afb\" data-element_type=\"section\">\n\t\t\t\t\t\t<div class=\"elementor-container elementor-column-gap-default\">\n\t\t\t\t\t<div class=\"elementor-column elementor-col-100 elementor-top-column elementor-element elementor-element-66ae78c\" data-id=\"66ae78c\" data-element_type=\"column\">\n\t\t\t<div class=\"elementor-widget-wrap elementor-element-populated\">\n\t\t\t\t\t\t<div class=\"elementor-element elementor-element-051dafa elementor-absolute elementor-widget elementor-widget-image\" data-id=\"051dafa\" data-element_type=\"widget\" data-settings=\"{&quot;_position&quot;:&quot;absolute&quot;}\" data-widget_type=\"image.default\">\n\t\t\t\t<div class=\"elementor-widget-container\">\n\t\t\t\t\t\t\t\t\t\t\t\t\t\t\t<img fetchpriority=\"high\" decoding=\"async\" width=\"178\" height=\"281\" src=\"https:\/\/dukaywinery.com\/wp-content\/uploads\/2020\/03\/Vector.png\" class=\"attachment-large size-large wp-image-583\" alt=\"\" \/>\t\t\t\t\t\t\t\t\t\t\t\t\t\t\t<\/div>\n\t\t\t\t<\/div>\n\t\t\t\t<div class=\"elementor-element elementor-element-40b46af elementor-widget elementor-widget-text-editor\" data-id=\"40b46af\" data-element_type=\"widget\" data-widget_type=\"text-editor.default\">\n\t\t\t\t<div class=\"elementor-widget-container\">\n\t\t\t\t\t\t\t\t\t<p>KAPCSOLAT<\/p>\t\t\t\t\t\t\t\t<\/div>\n\t\t\t\t<\/div>\n\t\t\t\t\t<\/div>\n\t\t<\/div>\n\t\t\t\t\t<\/div>\n\t\t<\/section>\n\t\t\t\t<section class=\"elementor-section elementor-top-section elementor-element elementor-element-92df56d elementor-section-boxed elementor-section-height-default elementor-section-height-default\" data-id=\"92df56d\" data-element_type=\"section\" data-settings=\"{&quot;background_background&quot;:&quot;classic&quot;}\">\n\t\t\t\t\t\t<div class=\"elementor-container elementor-column-gap-default\">\n\t\t\t\t\t<div class=\"elementor-column elementor-col-100 elementor-top-column elementor-element elementor-element-742ef05\" data-id=\"742ef05\" data-element_type=\"column\">\n\t\t\t<div class=\"elementor-widget-wrap elementor-element-populated\">\n\t\t\t\t\t\t<div class=\"elementor-element elementor-element-a4f2365 elementor-invisible elementor-widget elementor-widget-heading\" data-id=\"a4f2365\" data-element_type=\"widget\" data-settings=\"{&quot;_animation&quot;:&quot;fadeIn&quot;,&quot;_animation_delay&quot;:200}\" data-widget_type=\"heading.default\">\n\t\t\t\t<div class=\"elementor-widget-container\">\n\t\t\t\t\t<h6 class=\"elementor-heading-title elementor-size-default\">KONTAKTI<\/h6>\t\t\t\t<\/div>\n\t\t\t\t<\/div>\n\t\t\t\t<section class=\"elementor-section elementor-inner-section elementor-element elementor-element-44177ce elementor-section-boxed elementor-section-height-default elementor-section-height-default\" data-id=\"44177ce\" data-element_type=\"section\">\n\t\t\t\t\t\t<div class=\"elementor-container elementor-column-gap-default\">\n\t\t\t\t\t<div class=\"elementor-column elementor-col-50 elementor-inner-column elementor-element elementor-element-f88b4d1\" data-id=\"f88b4d1\" data-element_type=\"column\">\n\t\t\t<div class=\"elementor-widget-wrap elementor-element-populated\">\n\t\t\t\t\t\t<div class=\"elementor-element elementor-element-b79b541 elementor-widget elementor-widget-heading\" data-id=\"b79b541\" data-element_type=\"widget\" data-widget_type=\"heading.default\">\n\t\t\t\t<div class=\"elementor-widget-container\">\n\t\t\t\t\t<h5 class=\"elementor-heading-title elementor-size-default\">na\u0161a adresa:<\/h5>\t\t\t\t<\/div>\n\t\t\t\t<\/div>\n\t\t\t\t\t<\/div>\n\t\t<\/div>\n\t\t\t\t<div class=\"elementor-column elementor-col-50 elementor-inner-column elementor-element elementor-element-3f72ac0\" data-id=\"3f72ac0\" data-element_type=\"column\">\n\t\t\t<div class=\"elementor-widget-wrap elementor-element-populated\">\n\t\t\t\t\t\t<div class=\"elementor-element elementor-element-833c9e1 elementor-widget elementor-widget-text-editor\" data-id=\"833c9e1\" data-element_type=\"widget\" data-widget_type=\"text-editor.default\">\n\t\t\t\t<div class=\"elementor-widget-container\">\n\t\t\t\t\t\t\t\t\t<p>Ulica Svetog Save 5, 24420 Kanji\u017ea<\/p>\t\t\t\t\t\t\t\t<\/div>\n\t\t\t\t<\/div>\n\t\t\t\t\t<\/div>\n\t\t<\/div>\n\t\t\t\t\t<\/div>\n\t\t<\/section>\n\t\t\t\t<section class=\"elementor-section elementor-inner-section elementor-element elementor-element-495f54b elementor-section-boxed elementor-section-height-default elementor-section-height-default\" data-id=\"495f54b\" data-element_type=\"section\">\n\t\t\t\t\t\t<div class=\"elementor-container elementor-column-gap-default\">\n\t\t\t\t\t<div class=\"elementor-column elementor-col-50 elementor-inner-column elementor-element elementor-element-b0bdb18\" data-id=\"b0bdb18\" data-element_type=\"column\">\n\t\t\t<div class=\"elementor-widget-wrap elementor-element-populated\">\n\t\t\t\t\t\t<div class=\"elementor-element elementor-element-6a713b6 elementor-widget elementor-widget-heading\" data-id=\"6a713b6\" data-element_type=\"widget\" data-widget_type=\"heading.default\">\n\t\t\t\t<div class=\"elementor-widget-container\">\n\t\t\t\t\t<h5 class=\"elementor-heading-title elementor-size-default\">Broj telefona:<\/h5>\t\t\t\t<\/div>\n\t\t\t\t<\/div>\n\t\t\t\t\t<\/div>\n\t\t<\/div>\n\t\t\t\t<div class=\"elementor-column elementor-col-50 elementor-inner-column elementor-element elementor-element-fe97f9a\" data-id=\"fe97f9a\" data-element_type=\"column\">\n\t\t\t<div class=\"elementor-widget-wrap elementor-element-populated\">\n\t\t\t\t\t\t<div class=\"elementor-element elementor-element-df63daa elementor-widget elementor-widget-text-editor\" data-id=\"df63daa\" data-element_type=\"widget\" data-widget_type=\"text-editor.default\">\n\t\t\t\t<div class=\"elementor-widget-container\">\n\t\t\t\t\t\t\t\t\t<p>Kriska Krisztina, <a href=\"\/sr\/+381 62 1145 141\/\">+381 62 1145 141<\/a><\/p>\t\t\t\t\t\t\t\t<\/div>\n\t\t\t\t<\/div>\n\t\t\t\t\t<\/div>\n\t\t<\/div>\n\t\t\t\t\t<\/div>\n\t\t<\/section>\n\t\t\t\t<section class=\"elementor-section elementor-inner-section elementor-element elementor-element-9aa9bc8 elementor-section-boxed elementor-section-height-default elementor-section-height-default\" data-id=\"9aa9bc8\" data-element_type=\"section\">\n\t\t\t\t\t\t<div class=\"elementor-container elementor-column-gap-default\">\n\t\t\t\t\t<div class=\"elementor-column elementor-col-50 elementor-inner-column elementor-element elementor-element-0c7c896\" data-id=\"0c7c896\" data-element_type=\"column\">\n\t\t\t<div class=\"elementor-widget-wrap elementor-element-populated\">\n\t\t\t\t\t\t<div class=\"elementor-element elementor-element-4d80ea5 elementor-widget elementor-widget-heading\" data-id=\"4d80ea5\" data-element_type=\"widget\" data-widget_type=\"heading.default\">\n\t\t\t\t<div class=\"elementor-widget-container\">\n\t\t\t\t\t<h5 class=\"elementor-heading-title elementor-size-default\">EMAIL:<\/h5>\t\t\t\t<\/div>\n\t\t\t\t<\/div>\n\t\t\t\t\t<\/div>\n\t\t<\/div>\n\t\t\t\t<div class=\"elementor-column elementor-col-50 elementor-inner-column elementor-element elementor-element-0cd2579\" data-id=\"0cd2579\" data-element_type=\"column\">\n\t\t\t<div class=\"elementor-widget-wrap elementor-element-populated\">\n\t\t\t\t\t\t<div class=\"elementor-element elementor-element-8a98218 elementor-widget elementor-widget-text-editor\" data-id=\"8a98218\" data-element_type=\"widget\" data-widget_type=\"text-editor.default\">\n\t\t\t\t<div class=\"elementor-widget-container\">\n\t\t\t\t\t\t\t\t\t<p><a href=\"\/sr\/info@dukayvinery.com\/\"><span class=\"section-info-text\"><span class=\"widget-pane-link\">info@dukayvinery.com<\/span><\/span><\/a><\/p>\t\t\t\t\t\t\t\t<\/div>\n\t\t\t\t<\/div>\n\t\t\t\t\t<\/div>\n\t\t<\/div>\n\t\t\t\t\t<\/div>\n\t\t<\/section>\n\t\t\t\t\t<\/div>\n\t\t<\/div>\n\t\t\t\t\t<\/div>\n\t\t<\/section>\n\t\t\t\t<section class=\"elementor-section elementor-top-section elementor-element elementor-element-ec81e2d elementor-section-boxed elementor-section-height-default elementor-section-height-default\" data-id=\"ec81e2d\" data-element_type=\"section\" data-settings=\"{&quot;background_background&quot;:&quot;classic&quot;}\">\n\t\t\t\t\t\t<div class=\"elementor-container elementor-column-gap-default\">\n\t\t\t\t\t<div class=\"elementor-column elementor-col-100 elementor-top-column elementor-element elementor-element-9d37d1f\" data-id=\"9d37d1f\" data-element_type=\"column\">\n\t\t\t<div class=\"elementor-widget-wrap\">\n\t\t\t\t\t\t\t<\/div>\n\t\t<\/div>\n\t\t\t\t\t<\/div>\n\t\t<\/section>\n\t\t\t\t<\/div>","protected":false},"excerpt":{"rendered":"<p>K a p c s o l a t KAPCSOLAT EL\u00c9RHET\u0150S\u00c9GEK C\u00cdM\u00dcNK: 6720 Szeged, Takar\u00e9kt\u00e1r utca 5. Magyarorsz\u00e1g TELEFON: Kriska Krisztina, +381 62 1145 141 EMAIL: info@dukayvinery.com<\/p>","protected":false},"author":1,"featured_media":0,"parent":336,"menu_order":0,"comment_status":"closed","ping_status":"closed","template":"","meta":{"two_page_speed":[],"footnotes":""},"class_list":["post-342","page","type-page","status-publish","hentry"],"yoast_head":"<!-- This site is optimized with the Yoast SEO plugin v25.7 - https:\/\/yoast.com\/wordpress\/plugins\/seo\/ -->\n<title>Contact - Dukay Winery<\/title>\n<meta name=\"robots\" content=\"index, follow, max-snippet:-1, max-image-preview:large, max-video-preview:-1\" \/>\n<link rel=\"canonical\" href=\"https:\/\/dukaywinery.com\/sr\/our-story\/contact\/\" \/>\n<meta property=\"og:locale\" content=\"sr_RS\" \/>\n<meta property=\"og:type\" content=\"article\" \/>\n<meta property=\"og:title\" content=\"Contact - Dukay Winery\" \/>\n<meta property=\"og:description\" content=\"K a p c s o l a t KAPCSOLAT EL\u00c9RHET\u0150S\u00c9GEK C\u00cdM\u00dcNK: 6720 Szeged, Takar\u00e9kt\u00e1r utca 5. Magyarorsz\u00e1g TELEFON: Kriska Krisztina, +381 62 1145 141 EMAIL: info@dukayvinery.com\" \/>\n<meta property=\"og:url\" content=\"https:\/\/dukaywinery.com\/sr\/our-story\/contact\/\" \/>\n<meta property=\"og:site_name\" content=\"Dukay Winery\" \/>\n<meta property=\"article:modified_time\" content=\"2024-04-26T08:12:16+00:00\" \/>\n<meta property=\"og:image\" content=\"http:\/\/dukaywinery.com\/wp-content\/uploads\/2020\/03\/Vector.png\" \/>\n<meta name=\"twitter:card\" content=\"summary_large_image\" \/>\n<meta name=\"twitter:label1\" content=\"\u041f\u0440\u043e\u0446\u0435\u045a\u0435\u043d\u043e \u0432\u0440\u0435\u043c\u0435 \u0447\u0438\u0442\u0430\u045a\u0430\" \/>\n\t<meta name=\"twitter:data1\" content=\"1 \u043c\u0438\u043d\u0443\u0442\" \/>\n<script type=\"application\/ld+json\" class=\"yoast-schema-graph\">{\"@context\":\"https:\/\/schema.org\",\"@graph\":[{\"@type\":\"WebPage\",\"@id\":\"https:\/\/dukaywinery.com\/our-story\/contact\/\",\"url\":\"https:\/\/dukaywinery.com\/our-story\/contact\/\",\"name\":\"Contact - Dukay Winery\",\"isPartOf\":{\"@id\":\"https:\/\/dukaywinery.com\/#website\"},\"primaryImageOfPage\":{\"@id\":\"https:\/\/dukaywinery.com\/our-story\/contact\/#primaryimage\"},\"image\":{\"@id\":\"https:\/\/dukaywinery.com\/our-story\/contact\/#primaryimage\"},\"thumbnailUrl\":\"http:\/\/dukaywinery.com\/wp-content\/uploads\/2020\/03\/Vector.png\",\"datePublished\":\"2020-03-13T17:30:32+00:00\",\"dateModified\":\"2024-04-26T08:12:16+00:00\",\"breadcrumb\":{\"@id\":\"https:\/\/dukaywinery.com\/our-story\/contact\/#breadcrumb\"},\"inLanguage\":\"sr-RS\",\"potentialAction\":[{\"@type\":\"ReadAction\",\"target\":[\"https:\/\/dukaywinery.com\/our-story\/contact\/\"]}]},{\"@type\":\"ImageObject\",\"inLanguage\":\"sr-RS\",\"@id\":\"https:\/\/dukaywinery.com\/our-story\/contact\/#primaryimage\",\"url\":\"http:\/\/dukaywinery.com\/wp-content\/uploads\/2020\/03\/Vector.png\",\"contentUrl\":\"http:\/\/dukaywinery.com\/wp-content\/uploads\/2020\/03\/Vector.png\"},{\"@type\":\"BreadcrumbList\",\"@id\":\"https:\/\/dukaywinery.com\/our-story\/contact\/#breadcrumb\",\"itemListElement\":[{\"@type\":\"ListItem\",\"position\":1,\"name\":\"Home\",\"item\":\"https:\/\/dukaywinery.com\/\"},{\"@type\":\"ListItem\",\"position\":2,\"name\":\"Our Story\",\"item\":\"https:\/\/dukaywinery.com\/our-story\/\"},{\"@type\":\"ListItem\",\"position\":3,\"name\":\"Contact\"}]},{\"@type\":\"WebSite\",\"@id\":\"https:\/\/dukaywinery.com\/#website\",\"url\":\"https:\/\/dukaywinery.com\/\",\"name\":\"Dukay Winery\",\"description\":\"Dukay pr\u00e9mium bor\u00e1szat\",\"publisher\":{\"@id\":\"https:\/\/dukaywinery.com\/#organization\"},\"potentialAction\":[{\"@type\":\"SearchAction\",\"target\":{\"@type\":\"EntryPoint\",\"urlTemplate\":\"https:\/\/dukaywinery.com\/?s={search_term_string}\"},\"query-input\":{\"@type\":\"PropertyValueSpecification\",\"valueRequired\":true,\"valueName\":\"search_term_string\"}}],\"inLanguage\":\"sr-RS\"},{\"@type\":\"Organization\",\"@id\":\"https:\/\/dukaywinery.com\/#organization\",\"name\":\"Dukay Winery\",\"url\":\"https:\/\/dukaywinery.com\/\",\"logo\":{\"@type\":\"ImageObject\",\"inLanguage\":\"sr-RS\",\"@id\":\"https:\/\/dukaywinery.com\/#\/schema\/logo\/image\/\",\"url\":\"https:\/\/dukaywinery.com\/wp-content\/uploads\/2023\/02\/DUKAY_LOGO_STAMP@2x-e1676973723173.png\",\"contentUrl\":\"https:\/\/dukaywinery.com\/wp-content\/uploads\/2023\/02\/DUKAY_LOGO_STAMP@2x-e1676973723173.png\",\"width\":1082,\"height\":446,\"caption\":\"Dukay Winery\"},\"image\":{\"@id\":\"https:\/\/dukaywinery.com\/#\/schema\/logo\/image\/\"}}]}<\/script>\n<!-- \/ Yoast SEO plugin. -->","yoast_head_json":{"title":"Contact - Dukay Winery","robots":{"index":"index","follow":"follow","max-snippet":"max-snippet:-1","max-image-preview":"max-image-preview:large","max-video-preview":"max-video-preview:-1"},"canonical":"https:\/\/dukaywinery.com\/sr\/our-story\/contact\/","og_locale":"sr_RS","og_type":"article","og_title":"Contact - Dukay Winery","og_description":"K a p c s o l a t KAPCSOLAT EL\u00c9RHET\u0150S\u00c9GEK C\u00cdM\u00dcNK: 6720 Szeged, Takar\u00e9kt\u00e1r utca 5. Magyarorsz\u00e1g TELEFON: Kriska Krisztina, +381 62 1145 141 EMAIL: info@dukayvinery.com","og_url":"https:\/\/dukaywinery.com\/sr\/our-story\/contact\/","og_site_name":"Dukay Winery","article_modified_time":"2024-04-26T08:12:16+00:00","og_image":[{"url":"http:\/\/dukaywinery.com\/wp-content\/uploads\/2020\/03\/Vector.png","type":"","width":"","height":""}],"twitter_card":"summary_large_image","twitter_misc":{"\u041f\u0440\u043e\u0446\u0435\u045a\u0435\u043d\u043e \u0432\u0440\u0435\u043c\u0435 \u0447\u0438\u0442\u0430\u045a\u0430":"1 \u043c\u0438\u043d\u0443\u0442"},"schema":{"@context":"https:\/\/schema.org","@graph":[{"@type":"WebPage","@id":"https:\/\/dukaywinery.com\/our-story\/contact\/","url":"https:\/\/dukaywinery.com\/our-story\/contact\/","name":"Contact - Dukay Winery","isPartOf":{"@id":"https:\/\/dukaywinery.com\/#website"},"primaryImageOfPage":{"@id":"https:\/\/dukaywinery.com\/our-story\/contact\/#primaryimage"},"image":{"@id":"https:\/\/dukaywinery.com\/our-story\/contact\/#primaryimage"},"thumbnailUrl":"http:\/\/dukaywinery.com\/wp-content\/uploads\/2020\/03\/Vector.png","datePublished":"2020-03-13T17:30:32+00:00","dateModified":"2024-04-26T08:12:16+00:00","breadcrumb":{"@id":"https:\/\/dukaywinery.com\/our-story\/contact\/#breadcrumb"},"inLanguage":"sr-RS","potentialAction":[{"@type":"ReadAction","target":["https:\/\/dukaywinery.com\/our-story\/contact\/"]}]},{"@type":"ImageObject","inLanguage":"sr-RS","@id":"https:\/\/dukaywinery.com\/our-story\/contact\/#primaryimage","url":"http:\/\/dukaywinery.com\/wp-content\/uploads\/2020\/03\/Vector.png","contentUrl":"http:\/\/dukaywinery.com\/wp-content\/uploads\/2020\/03\/Vector.png"},{"@type":"BreadcrumbList","@id":"https:\/\/dukaywinery.com\/our-story\/contact\/#breadcrumb","itemListElement":[{"@type":"ListItem","position":1,"name":"Home","item":"https:\/\/dukaywinery.com\/"},{"@type":"ListItem","position":2,"name":"Our Story","item":"https:\/\/dukaywinery.com\/our-story\/"},{"@type":"ListItem","position":3,"name":"Contact"}]},{"@type":"WebSite","@id":"https:\/\/dukaywinery.com\/#website","url":"https:\/\/dukaywinery.com\/","name":"Dukay Winery","description":"Dukay pr\u00e9mium bor\u00e1szat","publisher":{"@id":"https:\/\/dukaywinery.com\/#organization"},"potentialAction":[{"@type":"SearchAction","target":{"@type":"EntryPoint","urlTemplate":"https:\/\/dukaywinery.com\/?s={search_term_string}"},"query-input":{"@type":"PropertyValueSpecification","valueRequired":true,"valueName":"search_term_string"}}],"inLanguage":"sr-RS"},{"@type":"Organization","@id":"https:\/\/dukaywinery.com\/#organization","name":"Dukay Winery","url":"https:\/\/dukaywinery.com\/","logo":{"@type":"ImageObject","inLanguage":"sr-RS","@id":"https:\/\/dukaywinery.com\/#\/schema\/logo\/image\/","url":"https:\/\/dukaywinery.com\/wp-content\/uploads\/2023\/02\/DUKAY_LOGO_STAMP@2x-e1676973723173.png","contentUrl":"https:\/\/dukaywinery.com\/wp-content\/uploads\/2023\/02\/DUKAY_LOGO_STAMP@2x-e1676973723173.png","width":1082,"height":446,"caption":"Dukay Winery"},"image":{"@id":"https:\/\/dukaywinery.com\/#\/schema\/logo\/image\/"}}]}},"jetpack_sharing_enabled":true,"_links":{"self":[{"href":"https:\/\/dukaywinery.com\/sr\/wp-json\/wp\/v2\/pages\/342","targetHints":{"allow":["GET"]}}],"collection":[{"href":"https:\/\/dukaywinery.com\/sr\/wp-json\/wp\/v2\/pages"}],"about":[{"href":"https:\/\/dukaywinery.com\/sr\/wp-json\/wp\/v2\/types\/page"}],"author":[{"embeddable":true,"href":"https:\/\/dukaywinery.com\/sr\/wp-json\/wp\/v2\/users\/1"}],"replies":[{"embeddable":true,"href":"https:\/\/dukaywinery.com\/sr\/wp-json\/wp\/v2\/comments?post=342"}],"version-history":[{"count":0,"href":"https:\/\/dukaywinery.com\/sr\/wp-json\/wp\/v2\/pages\/342\/revisions"}],"up":[{"embeddable":true,"href":"https:\/\/dukaywinery.com\/sr\/wp-json\/wp\/v2\/pages\/336"}],"wp:attachment":[{"href":"https:\/\/dukaywinery.com\/sr\/wp-json\/wp\/v2\/media?parent=342"}],"curies":[{"name":"wp","href":"https:\/\/api.w.org\/{rel}","templated":true}]}}