{"id":989640,"date":"2025-02-04T16:08:54","date_gmt":"2025-02-04T15:08:54","guid":{"rendered":"https:\/\/dukaywinery.com\/?post_type=product&#038;p=989640"},"modified":"2025-02-04T16:34:36","modified_gmt":"2025-02-04T15:34:36","slug":"2020-dukay-cabarner-franc-reserve-300","status":"publish","type":"product","link":"https:\/\/dukaywinery.com\/en\/product\/2020-dukay-cabarner-franc-reserve-300\/","title":{"rendered":"2020 Dukay &#8211; Cabarner Franc &#8211; Reserve 300"},"content":{"rendered":"<div data-elementor-type=\"product-post\" data-elementor-id=\"989640\" class=\"elementor elementor-989640\" data-elementor-post-type=\"product\">\n\t\t\t\t\t\t<section class=\"elementor-section elementor-top-section elementor-element elementor-element-d1f2afc elementor-section-boxed elementor-section-height-default elementor-section-height-default\" data-id=\"d1f2afc\" data-element_type=\"section\">\n\t\t\t\t\t\t<div class=\"elementor-container elementor-column-gap-default\">\n\t\t\t\t\t<div class=\"elementor-column elementor-col-100 elementor-top-column elementor-element elementor-element-86fa193\" data-id=\"86fa193\" data-element_type=\"column\">\n\t\t\t<div class=\"elementor-widget-wrap elementor-element-populated\">\n\t\t\t\t\t\t<div class=\"elementor-element elementor-element-08021cb elementor-widget elementor-widget-heading\" data-id=\"08021cb\" data-element_type=\"widget\" data-widget_type=\"heading.default\">\n\t\t\t\t<div class=\"elementor-widget-container\">\n\t\t\t\t\t<h5 class=\"elementor-heading-title elementor-size-default\">Characteristics<\/h5>\t\t\t\t<\/div>\n\t\t\t\t<\/div>\n\t\t\t\t<div class=\"elementor-element elementor-element-3c449f6 elementor-widget elementor-widget-text-editor\" data-id=\"3c449f6\" data-element_type=\"widget\" data-widget_type=\"text-editor.default\">\n\t\t\t\t<div class=\"elementor-widget-container\">\n\t\t\t\t\t\t\t\t\t<p><strong>Recommended consumption temperature:<\/strong>\u00a0 16-18 C\u00b0<\/p><p><strong>Alcohol <\/strong>14,5%<\/p><p><strong>Cukortartalom: Sz\u00e1raz 2 g\/l <\/strong><\/p><p><strong>Sav: 5,6 g\/l<\/strong><\/p><p><strong>\u00c9rlel\u00e9si id\u0151: 15 h\u00f3nap<\/strong><\/p>\t\t\t\t\t\t\t\t<\/div>\n\t\t\t\t<\/div>\n\t\t\t\t<div class=\"elementor-element elementor-element-e0ca6ba elementor-widget elementor-widget-heading\" data-id=\"e0ca6ba\" data-element_type=\"widget\" data-widget_type=\"heading.default\">\n\t\t\t\t<div class=\"elementor-widget-container\">\n\t\t\t\t\t<h5 class=\"elementor-heading-title elementor-size-default\">Tasting<\/h5>\t\t\t\t<\/div>\n\t\t\t\t<\/div>\n\t\t\t\t<div class=\"elementor-element elementor-element-ba3094c elementor-widget elementor-widget-text-editor\" data-id=\"ba3094c\" data-element_type=\"widget\" data-widget_type=\"text-editor.default\">\n\t\t\t\t<div class=\"elementor-widget-container\">\n\t\t\t\t\t\t\t\t\t<p><strong>Sz\u00edn:<\/strong> ibolya v\u00f6r\u00f6s<\/p><p><strong>Illat:<\/strong> fekete \u00e9s v\u00f6r\u00f6s bogy\u00f3s gy\u00fcm\u00f6lcs, j\u00f3 szivar, friss patak\u00a0<\/p><p><strong>\u00cdz:\u00a0<\/strong>feketeribizli, m\u00e1lna, testess\u00e9g \u00e9s lekv\u00e1ross\u00e1g. Kev\u00e9s tannin, magas elegancia<\/p>\t\t\t\t\t\t\t\t<\/div>\n\t\t\t\t<\/div>\n\t\t\t\t<div class=\"elementor-element elementor-element-edd0316 elementor-hidden-desktop elementor-hidden-tablet elementor-hidden-mobile elementor-widget elementor-widget-heading\" data-id=\"edd0316\" data-element_type=\"widget\" data-widget_type=\"heading.default\">\n\t\t\t\t<div class=\"elementor-widget-container\">\n\t\t\t\t\t<h5 class=\"elementor-heading-title elementor-size-default\">D\u00edjak<\/h5>\t\t\t\t<\/div>\n\t\t\t\t<\/div>\n\t\t\t\t<section class=\"elementor-section elementor-inner-section elementor-element elementor-element-e58fbf6 elementor-reverse-tablet elementor-reverse-mobile elementor-hidden-desktop elementor-hidden-tablet elementor-hidden-mobile elementor-section-boxed elementor-section-height-default elementor-section-height-default\" data-id=\"e58fbf6\" data-element_type=\"section\">\n\t\t\t\t\t\t<div class=\"elementor-container elementor-column-gap-default\">\n\t\t\t\t\t<div class=\"elementor-column elementor-col-33 elementor-inner-column elementor-element elementor-element-5f24a8a\" data-id=\"5f24a8a\" data-element_type=\"column\">\n\t\t\t<div class=\"elementor-widget-wrap\">\n\t\t\t\t\t\t\t<\/div>\n\t\t<\/div>\n\t\t\t\t<div class=\"elementor-column elementor-col-33 elementor-inner-column elementor-element elementor-element-a3e0ee3\" data-id=\"a3e0ee3\" data-element_type=\"column\">\n\t\t\t<div class=\"elementor-widget-wrap\">\n\t\t\t\t\t\t\t<\/div>\n\t\t<\/div>\n\t\t\t\t<div class=\"elementor-column elementor-col-33 elementor-inner-column elementor-element elementor-element-a00056b\" data-id=\"a00056b\" data-element_type=\"column\">\n\t\t\t<div class=\"elementor-widget-wrap\">\n\t\t\t\t\t\t\t<\/div>\n\t\t<\/div>\n\t\t\t\t\t<\/div>\n\t\t<\/section>\n\t\t\t\t<section class=\"elementor-section elementor-inner-section elementor-element elementor-element-c353ed8 elementor-section-boxed elementor-section-height-default elementor-section-height-default\" data-id=\"c353ed8\" data-element_type=\"section\">\n\t\t\t\t\t\t<div class=\"elementor-container elementor-column-gap-default\">\n\t\t\t\t\t<div class=\"elementor-column elementor-col-100 elementor-inner-column elementor-element elementor-element-8ad5e5d\" data-id=\"8ad5e5d\" data-element_type=\"column\">\n\t\t\t<div class=\"elementor-widget-wrap elementor-element-populated\">\n\t\t\t\t\t\t<div class=\"elementor-element elementor-element-e413c75 elementor-widget__width-initial elementor-widget-mobile__width-initial elementor-fixed elementor-hidden-tablet elementor-hidden-phone elementor-widget elementor-widget-image\" data-id=\"e413c75\" data-element_type=\"widget\" data-settings=\"{&quot;_position&quot;:&quot;fixed&quot;}\" data-widget_type=\"image.default\">\n\t\t\t\t<div class=\"elementor-widget-container\">\n\t\t\t\t\t\t\t\t\t\t\t\t\t\t\t<img decoding=\"async\" src=\"http:\/\/dukaywinery.com\/wp-content\/uploads\/2020\/04\/lemon-transparent.png\" title=\"\" alt=\"\" loading=\"lazy\" \/>\t\t\t\t\t\t\t\t\t\t\t\t\t\t\t<\/div>\n\t\t\t\t<\/div>\n\t\t\t\t\t<\/div>\n\t\t<\/div>\n\t\t\t\t\t<\/div>\n\t\t<\/section>\n\t\t\t\t\t<\/div>\n\t\t<\/div>\n\t\t\t\t\t<\/div>\n\t\t<\/section>\n\t\t\t\t<\/div>","protected":false},"excerpt":{"rendered":"<p>Tartalmas \u00e9s m\u00e9ly bor. Fekete \u00e9s piros gy\u00fcm\u00f6lcs\u00f6s jegyeket hordoz mag\u00e1ban, illatoss\u00e1ga \u00e9s frissess\u00e9ge mag\u00e1val ragad\u00f3. Intenz\u00edv, \u00edzletes m\u00e1lna \u00e9s tiszt\u00e1ra mosott kavicsok a tavaszi patak forr\u00e1s\u00e1ban, a feketeribizli lev\u00e9l finom fanyars\u00e1g\u00e1val kombin\u00e1lva. L\u00e9d\u00fas korty \u00e9lm\u00e9ny, komoly \u00e9s eleg\u00e1ns kiteljesed\u00e9s.<\/p>","protected":false},"featured_media":989658,"comment_status":"open","ping_status":"closed","template":"","meta":[],"product_brand":[],"product_cat":[57],"product_tag":[62],"class_list":{"0":"post-989640","1":"product","2":"type-product","3":"status-publish","4":"has-post-thumbnail","6":"product_cat-57","7":"product_tag-62","9":"first","10":"instock","11":"taxable","12":"shipping-taxable","13":"product-type-simple"},"yoast_head":"<!-- This site is optimized with the Yoast SEO plugin v25.7 - https:\/\/yoast.com\/wordpress\/plugins\/seo\/ -->\n<title>2020 Dukay - Cabarner Franc - Reserve 300 - Dukay Winery<\/title>\n<meta name=\"robots\" content=\"index, follow, max-snippet:-1, max-image-preview:large, max-video-preview:-1\" \/>\n<link rel=\"canonical\" href=\"https:\/\/dukaywinery.com\/en\/product\/2020-dukay-cabarner-franc-reserve-300\/\" \/>\n<meta property=\"og:locale\" content=\"en_GB\" \/>\n<meta property=\"og:type\" content=\"article\" \/>\n<meta property=\"og:title\" content=\"2020 Dukay - Cabarner Franc - Reserve 300 - Dukay Winery\" \/>\n<meta property=\"og:description\" content=\"Tartalmas \u00e9s m\u00e9ly bor. Fekete \u00e9s piros gy\u00fcm\u00f6lcs\u00f6s jegyeket hordoz mag\u00e1ban, illatoss\u00e1ga \u00e9s frissess\u00e9ge mag\u00e1val ragad\u00f3. Intenz\u00edv, \u00edzletes m\u00e1lna \u00e9s tiszt\u00e1ra mosott kavicsok a tavaszi patak forr\u00e1s\u00e1ban, a feketeribizli lev\u00e9l finom fanyars\u00e1g\u00e1val kombin\u00e1lva. L\u00e9d\u00fas korty \u00e9lm\u00e9ny, komoly \u00e9s eleg\u00e1ns kiteljesed\u00e9s.\" \/>\n<meta property=\"og:url\" content=\"https:\/\/dukaywinery.com\/en\/product\/2020-dukay-cabarner-franc-reserve-300\/\" \/>\n<meta property=\"og:site_name\" content=\"Dukay Winery\" \/>\n<meta property=\"article:modified_time\" content=\"2025-02-04T15:34:36+00:00\" \/>\n<meta property=\"og:image\" content=\"http:\/\/dukaywinery.com\/wp-content\/uploads\/2025\/02\/cabernet-2020-1-e1738683018459.png\" \/>\n\t<meta property=\"og:image:width\" content=\"394\" \/>\n\t<meta property=\"og:image:height\" content=\"936\" \/>\n\t<meta property=\"og:image:type\" content=\"image\/png\" \/>\n<meta name=\"twitter:card\" content=\"summary_large_image\" \/>\n<meta name=\"twitter:label1\" content=\"Estimated reading time\" \/>\n\t<meta name=\"twitter:data1\" content=\"1 minute\" \/>\n<script type=\"application\/ld+json\" class=\"yoast-schema-graph\">{\"@context\":\"https:\/\/schema.org\",\"@graph\":[{\"@type\":\"WebPage\",\"@id\":\"https:\/\/dukaywinery.com\/product\/2020-dukay-cabarner-franc-reserve-300\/\",\"url\":\"https:\/\/dukaywinery.com\/product\/2020-dukay-cabarner-franc-reserve-300\/\",\"name\":\"2020 Dukay - Cabarner Franc - Reserve 300 - Dukay Winery\",\"isPartOf\":{\"@id\":\"https:\/\/dukaywinery.com\/#website\"},\"primaryImageOfPage\":{\"@id\":\"https:\/\/dukaywinery.com\/product\/2020-dukay-cabarner-franc-reserve-300\/#primaryimage\"},\"image\":{\"@id\":\"https:\/\/dukaywinery.com\/product\/2020-dukay-cabarner-franc-reserve-300\/#primaryimage\"},\"thumbnailUrl\":\"https:\/\/dukaywinery.com\/wp-content\/uploads\/2025\/02\/cabernet-2020-1-e1738683018459.png\",\"datePublished\":\"2025-02-04T15:08:54+00:00\",\"dateModified\":\"2025-02-04T15:34:36+00:00\",\"breadcrumb\":{\"@id\":\"https:\/\/dukaywinery.com\/product\/2020-dukay-cabarner-franc-reserve-300\/#breadcrumb\"},\"inLanguage\":\"en-GB\",\"potentialAction\":[{\"@type\":\"ReadAction\",\"target\":[\"https:\/\/dukaywinery.com\/product\/2020-dukay-cabarner-franc-reserve-300\/\"]}]},{\"@type\":\"ImageObject\",\"inLanguage\":\"en-GB\",\"@id\":\"https:\/\/dukaywinery.com\/product\/2020-dukay-cabarner-franc-reserve-300\/#primaryimage\",\"url\":\"https:\/\/dukaywinery.com\/wp-content\/uploads\/2025\/02\/cabernet-2020-1-e1738683018459.png\",\"contentUrl\":\"https:\/\/dukaywinery.com\/wp-content\/uploads\/2025\/02\/cabernet-2020-1-e1738683018459.png\",\"width\":394,\"height\":936},{\"@type\":\"BreadcrumbList\",\"@id\":\"https:\/\/dukaywinery.com\/product\/2020-dukay-cabarner-franc-reserve-300\/#breadcrumb\",\"itemListElement\":[{\"@type\":\"ListItem\",\"position\":1,\"name\":\"Home\",\"item\":\"https:\/\/dukaywinery.com\/\"},{\"@type\":\"ListItem\",\"position\":2,\"name\":\"Term\u00e9kek\",\"item\":\"https:\/\/dukaywinery.com\/shop\/\"},{\"@type\":\"ListItem\",\"position\":3,\"name\":\"2020 Dukay &#8211; Cabarner Franc &#8211; Reserve 300\"}]},{\"@type\":\"WebSite\",\"@id\":\"https:\/\/dukaywinery.com\/#website\",\"url\":\"https:\/\/dukaywinery.com\/\",\"name\":\"Dukay Winery\",\"description\":\"Dukay pr\u00e9mium bor\u00e1szat\",\"publisher\":{\"@id\":\"https:\/\/dukaywinery.com\/#organization\"},\"potentialAction\":[{\"@type\":\"SearchAction\",\"target\":{\"@type\":\"EntryPoint\",\"urlTemplate\":\"https:\/\/dukaywinery.com\/?s={search_term_string}\"},\"query-input\":{\"@type\":\"PropertyValueSpecification\",\"valueRequired\":true,\"valueName\":\"search_term_string\"}}],\"inLanguage\":\"en-GB\"},{\"@type\":\"Organization\",\"@id\":\"https:\/\/dukaywinery.com\/#organization\",\"name\":\"Dukay Winery\",\"url\":\"https:\/\/dukaywinery.com\/\",\"logo\":{\"@type\":\"ImageObject\",\"inLanguage\":\"en-GB\",\"@id\":\"https:\/\/dukaywinery.com\/#\/schema\/logo\/image\/\",\"url\":\"https:\/\/dukaywinery.com\/wp-content\/uploads\/2023\/02\/DUKAY_LOGO_STAMP@2x-e1676973723173.png\",\"contentUrl\":\"https:\/\/dukaywinery.com\/wp-content\/uploads\/2023\/02\/DUKAY_LOGO_STAMP@2x-e1676973723173.png\",\"width\":1082,\"height\":446,\"caption\":\"Dukay Winery\"},\"image\":{\"@id\":\"https:\/\/dukaywinery.com\/#\/schema\/logo\/image\/\"}}]}<\/script>\n<!-- \/ Yoast SEO plugin. -->","yoast_head_json":{"title":"2020 Dukay - Cabarner Franc - Reserve 300 - Dukay Winery","robots":{"index":"index","follow":"follow","max-snippet":"max-snippet:-1","max-image-preview":"max-image-preview:large","max-video-preview":"max-video-preview:-1"},"canonical":"https:\/\/dukaywinery.com\/en\/product\/2020-dukay-cabarner-franc-reserve-300\/","og_locale":"en_GB","og_type":"article","og_title":"2020 Dukay - Cabarner Franc - Reserve 300 - Dukay Winery","og_description":"Tartalmas \u00e9s m\u00e9ly bor. Fekete \u00e9s piros gy\u00fcm\u00f6lcs\u00f6s jegyeket hordoz mag\u00e1ban, illatoss\u00e1ga \u00e9s frissess\u00e9ge mag\u00e1val ragad\u00f3. Intenz\u00edv, \u00edzletes m\u00e1lna \u00e9s tiszt\u00e1ra mosott kavicsok a tavaszi patak forr\u00e1s\u00e1ban, a feketeribizli lev\u00e9l finom fanyars\u00e1g\u00e1val kombin\u00e1lva. L\u00e9d\u00fas korty \u00e9lm\u00e9ny, komoly \u00e9s eleg\u00e1ns kiteljesed\u00e9s.","og_url":"https:\/\/dukaywinery.com\/en\/product\/2020-dukay-cabarner-franc-reserve-300\/","og_site_name":"Dukay Winery","article_modified_time":"2025-02-04T15:34:36+00:00","og_image":[{"width":394,"height":936,"url":"http:\/\/dukaywinery.com\/wp-content\/uploads\/2025\/02\/cabernet-2020-1-e1738683018459.png","type":"image\/png"}],"twitter_card":"summary_large_image","twitter_misc":{"Estimated reading time":"1 minute"},"schema":{"@context":"https:\/\/schema.org","@graph":[{"@type":"WebPage","@id":"https:\/\/dukaywinery.com\/product\/2020-dukay-cabarner-franc-reserve-300\/","url":"https:\/\/dukaywinery.com\/product\/2020-dukay-cabarner-franc-reserve-300\/","name":"2020 Dukay - Cabarner Franc - Reserve 300 - Dukay Winery","isPartOf":{"@id":"https:\/\/dukaywinery.com\/#website"},"primaryImageOfPage":{"@id":"https:\/\/dukaywinery.com\/product\/2020-dukay-cabarner-franc-reserve-300\/#primaryimage"},"image":{"@id":"https:\/\/dukaywinery.com\/product\/2020-dukay-cabarner-franc-reserve-300\/#primaryimage"},"thumbnailUrl":"https:\/\/dukaywinery.com\/wp-content\/uploads\/2025\/02\/cabernet-2020-1-e1738683018459.png","datePublished":"2025-02-04T15:08:54+00:00","dateModified":"2025-02-04T15:34:36+00:00","breadcrumb":{"@id":"https:\/\/dukaywinery.com\/product\/2020-dukay-cabarner-franc-reserve-300\/#breadcrumb"},"inLanguage":"en-GB","potentialAction":[{"@type":"ReadAction","target":["https:\/\/dukaywinery.com\/product\/2020-dukay-cabarner-franc-reserve-300\/"]}]},{"@type":"ImageObject","inLanguage":"en-GB","@id":"https:\/\/dukaywinery.com\/product\/2020-dukay-cabarner-franc-reserve-300\/#primaryimage","url":"https:\/\/dukaywinery.com\/wp-content\/uploads\/2025\/02\/cabernet-2020-1-e1738683018459.png","contentUrl":"https:\/\/dukaywinery.com\/wp-content\/uploads\/2025\/02\/cabernet-2020-1-e1738683018459.png","width":394,"height":936},{"@type":"BreadcrumbList","@id":"https:\/\/dukaywinery.com\/product\/2020-dukay-cabarner-franc-reserve-300\/#breadcrumb","itemListElement":[{"@type":"ListItem","position":1,"name":"Home","item":"https:\/\/dukaywinery.com\/"},{"@type":"ListItem","position":2,"name":"Term\u00e9kek","item":"https:\/\/dukaywinery.com\/shop\/"},{"@type":"ListItem","position":3,"name":"2020 Dukay &#8211; Cabarner Franc &#8211; Reserve 300"}]},{"@type":"WebSite","@id":"https:\/\/dukaywinery.com\/#website","url":"https:\/\/dukaywinery.com\/","name":"Dukay Winery","description":"Dukay pr\u00e9mium bor\u00e1szat","publisher":{"@id":"https:\/\/dukaywinery.com\/#organization"},"potentialAction":[{"@type":"SearchAction","target":{"@type":"EntryPoint","urlTemplate":"https:\/\/dukaywinery.com\/?s={search_term_string}"},"query-input":{"@type":"PropertyValueSpecification","valueRequired":true,"valueName":"search_term_string"}}],"inLanguage":"en-GB"},{"@type":"Organization","@id":"https:\/\/dukaywinery.com\/#organization","name":"Dukay Winery","url":"https:\/\/dukaywinery.com\/","logo":{"@type":"ImageObject","inLanguage":"en-GB","@id":"https:\/\/dukaywinery.com\/#\/schema\/logo\/image\/","url":"https:\/\/dukaywinery.com\/wp-content\/uploads\/2023\/02\/DUKAY_LOGO_STAMP@2x-e1676973723173.png","contentUrl":"https:\/\/dukaywinery.com\/wp-content\/uploads\/2023\/02\/DUKAY_LOGO_STAMP@2x-e1676973723173.png","width":1082,"height":446,"caption":"Dukay Winery"},"image":{"@id":"https:\/\/dukaywinery.com\/#\/schema\/logo\/image\/"}}]}},"jetpack_sharing_enabled":true,"_links":{"self":[{"href":"https:\/\/dukaywinery.com\/en\/wp-json\/wp\/v2\/product\/989640","targetHints":{"allow":["GET"]}}],"collection":[{"href":"https:\/\/dukaywinery.com\/en\/wp-json\/wp\/v2\/product"}],"about":[{"href":"https:\/\/dukaywinery.com\/en\/wp-json\/wp\/v2\/types\/product"}],"replies":[{"embeddable":true,"href":"https:\/\/dukaywinery.com\/en\/wp-json\/wp\/v2\/comments?post=989640"}],"version-history":[{"count":0,"href":"https:\/\/dukaywinery.com\/en\/wp-json\/wp\/v2\/product\/989640\/revisions"}],"wp:featuredmedia":[{"embeddable":true,"href":"https:\/\/dukaywinery.com\/en\/wp-json\/wp\/v2\/media\/989658"}],"wp:attachment":[{"href":"https:\/\/dukaywinery.com\/en\/wp-json\/wp\/v2\/media?parent=989640"}],"wp:term":[{"taxonomy":"product_brand","embeddable":true,"href":"https:\/\/dukaywinery.com\/en\/wp-json\/wp\/v2\/product_brand?post=989640"},{"taxonomy":"product_cat","embeddable":true,"href":"https:\/\/dukaywinery.com\/en\/wp-json\/wp\/v2\/product_cat?post=989640"},{"taxonomy":"product_tag","embeddable":true,"href":"https:\/\/dukaywinery.com\/en\/wp-json\/wp\/v2\/product_tag?post=989640"}],"curies":[{"name":"wp","href":"https:\/\/api.w.org\/{rel}","templated":true}]}}