{"id":989618,"date":"2025-02-04T15:21:48","date_gmt":"2025-02-04T14:21:48","guid":{"rendered":"https:\/\/dukaywinery.com\/?post_type=product&#038;p=989618"},"modified":"2025-02-04T16:17:11","modified_gmt":"2025-02-04T15:17:11","slug":"2020-dukay-chardonnay","status":"publish","type":"product","link":"https:\/\/dukaywinery.com\/en\/product\/2020-dukay-chardonnay\/","title":{"rendered":"2020 Dukay &#8211; Chardonnay"},"content":{"rendered":"<div data-elementor-type=\"product-post\" data-elementor-id=\"989618\" class=\"elementor elementor-989618\" data-elementor-post-type=\"product\">\n\t\t\t\t\t\t<section class=\"elementor-section elementor-top-section elementor-element elementor-element-914e695 elementor-section-boxed elementor-section-height-default elementor-section-height-default\" data-id=\"914e695\" data-element_type=\"section\">\n\t\t\t\t\t\t<div class=\"elementor-container elementor-column-gap-default\">\n\t\t\t\t\t<div class=\"elementor-column elementor-col-100 elementor-top-column elementor-element elementor-element-aa73fd9\" data-id=\"aa73fd9\" data-element_type=\"column\">\n\t\t\t<div class=\"elementor-widget-wrap elementor-element-populated\">\n\t\t\t\t\t\t<div class=\"elementor-element elementor-element-79c9d48 elementor-widget elementor-widget-heading\" data-id=\"79c9d48\" data-element_type=\"widget\" data-widget_type=\"heading.default\">\n\t\t\t\t<div class=\"elementor-widget-container\">\n\t\t\t\t\t<h5 class=\"elementor-heading-title elementor-size-default\">Characteristics<\/h5>\t\t\t\t<\/div>\n\t\t\t\t<\/div>\n\t\t\t\t<div class=\"elementor-element elementor-element-dfd56c1 elementor-widget elementor-widget-text-editor\" data-id=\"dfd56c1\" data-element_type=\"widget\" data-widget_type=\"text-editor.default\">\n\t\t\t\t<div class=\"elementor-widget-container\">\n\t\t\t\t\t\t\t\t\t<p><strong>Recommended consumption temperature:<\/strong>\u00a0\u00a08-10 C\u00b0<\/p><p><strong>Alcohol <\/strong>15%<\/p><p><strong>Cukortartalom: Sz\u00e1raz 2 g\/l <\/strong><\/p><p><strong>Acid:  5,7 g\/l<\/strong><\/p><p><strong>\u00c9rlel\u00e9si id\u0151: 15 h\u00f3nap,\u00a0 fahord\u00f3<\/strong><\/p>\t\t\t\t\t\t\t\t<\/div>\n\t\t\t\t<\/div>\n\t\t\t\t<div class=\"elementor-element elementor-element-b806de3 elementor-widget elementor-widget-heading\" data-id=\"b806de3\" data-element_type=\"widget\" data-widget_type=\"heading.default\">\n\t\t\t\t<div class=\"elementor-widget-container\">\n\t\t\t\t\t<h5 class=\"elementor-heading-title elementor-size-default\">Tasting<\/h5>\t\t\t\t<\/div>\n\t\t\t\t<\/div>\n\t\t\t\t<div class=\"elementor-element elementor-element-bec4fbb elementor-widget elementor-widget-text-editor\" data-id=\"bec4fbb\" data-element_type=\"widget\" data-widget_type=\"text-editor.default\">\n\t\t\t\t<div class=\"elementor-widget-container\">\n\t\t\t\t\t\t\t\t\t<p><strong>Sz\u00edn: <\/strong>felkel\u0151 nap s\u00e1rga<\/p><p><strong>Illat:<\/strong> nektarin,n\u00e9hol vajas jegyek, gy\u00fcm\u00f6lcs\u00f6ss\u00e9g\u00a0<\/p><p><strong>\u00cdz:\u00a0<\/strong>kerek gerinc, \u00e1sv\u00e1nyos jelleg, \u00e9rett csonth\u00e9jasok \u00e9s komplexit\u00e1s. Eleg\u00e1ns, kiegyens\u00falyozott<\/p>\t\t\t\t\t\t\t\t<\/div>\n\t\t\t\t<\/div>\n\t\t\t\t<div class=\"elementor-element elementor-element-2e67465 elementor-hidden-desktop elementor-hidden-tablet elementor-hidden-mobile elementor-widget elementor-widget-heading\" data-id=\"2e67465\" data-element_type=\"widget\" data-widget_type=\"heading.default\">\n\t\t\t\t<div class=\"elementor-widget-container\">\n\t\t\t\t\t<h5 class=\"elementor-heading-title elementor-size-default\">D\u00edjak<\/h5>\t\t\t\t<\/div>\n\t\t\t\t<\/div>\n\t\t\t\t<section class=\"elementor-section elementor-inner-section elementor-element elementor-element-69a829f elementor-reverse-tablet elementor-reverse-mobile elementor-hidden-desktop elementor-hidden-tablet elementor-hidden-mobile elementor-section-boxed elementor-section-height-default elementor-section-height-default\" data-id=\"69a829f\" data-element_type=\"section\">\n\t\t\t\t\t\t<div class=\"elementor-container elementor-column-gap-default\">\n\t\t\t\t\t<div class=\"elementor-column elementor-col-33 elementor-inner-column elementor-element elementor-element-48fc621\" data-id=\"48fc621\" data-element_type=\"column\">\n\t\t\t<div class=\"elementor-widget-wrap\">\n\t\t\t\t\t\t\t<\/div>\n\t\t<\/div>\n\t\t\t\t<div class=\"elementor-column elementor-col-33 elementor-inner-column elementor-element elementor-element-231ab00\" data-id=\"231ab00\" data-element_type=\"column\">\n\t\t\t<div class=\"elementor-widget-wrap\">\n\t\t\t\t\t\t\t<\/div>\n\t\t<\/div>\n\t\t\t\t<div class=\"elementor-column elementor-col-33 elementor-inner-column elementor-element elementor-element-3ad64ca\" data-id=\"3ad64ca\" data-element_type=\"column\">\n\t\t\t<div class=\"elementor-widget-wrap\">\n\t\t\t\t\t\t\t<\/div>\n\t\t<\/div>\n\t\t\t\t\t<\/div>\n\t\t<\/section>\n\t\t\t\t<section class=\"elementor-section elementor-inner-section elementor-element elementor-element-3b3c6a4 elementor-section-boxed elementor-section-height-default elementor-section-height-default\" data-id=\"3b3c6a4\" data-element_type=\"section\">\n\t\t\t\t\t\t<div class=\"elementor-container elementor-column-gap-default\">\n\t\t\t\t\t<div class=\"elementor-column elementor-col-100 elementor-inner-column elementor-element elementor-element-846b1d0\" data-id=\"846b1d0\" data-element_type=\"column\">\n\t\t\t<div class=\"elementor-widget-wrap elementor-element-populated\">\n\t\t\t\t\t\t<div class=\"elementor-element elementor-element-0e2a1b6 elementor-widget__width-initial elementor-widget-mobile__width-initial elementor-fixed elementor-hidden-tablet elementor-hidden-phone elementor-widget elementor-widget-image\" data-id=\"0e2a1b6\" data-element_type=\"widget\" data-settings=\"{&quot;_position&quot;:&quot;fixed&quot;}\" data-widget_type=\"image.default\">\n\t\t\t\t<div class=\"elementor-widget-container\">\n\t\t\t\t\t\t\t\t\t\t\t\t\t\t\t<img decoding=\"async\" src=\"http:\/\/dukaywinery.com\/wp-content\/uploads\/2020\/04\/lemon-transparent.png\" title=\"\" alt=\"\" loading=\"lazy\" \/>\t\t\t\t\t\t\t\t\t\t\t\t\t\t\t<\/div>\n\t\t\t\t<\/div>\n\t\t\t\t\t<\/div>\n\t\t<\/div>\n\t\t\t\t\t<\/div>\n\t\t<\/section>\n\t\t\t\t\t<\/div>\n\t\t<\/div>\n\t\t\t\t\t<\/div>\n\t\t<\/section>\n\t\t\t\t<\/div>","protected":false},"excerpt":{"rendered":"<p>Ez a rendk\u00edv\u00fcl ismert fajta a bor\u00e1szunk keze alatt form\u00e1l\u00f3dott kiemelked\u0151v\u00e9. Eleg\u00e1ns \u00e9s kiegyens\u00falyozott, m\u00e9gis komplex \u00edzvil\u00e1g. A nektarin \u00e9s a friss gy\u00fcm\u00f6lcs\u00f6ss\u00e9g ind\u00edtja az illatokat, a chardonnay-t\u00f3l megszokott kerek gerinccel \u00e9rkezik az els\u0151 korty \u00e9lm\u00e9nye, majd \u00e1sv\u00e1nyosabb lecseng\u00e9s, \u00e9rettebb csonth\u00e9jasokkal keveredve. Arom\u00e1ja semmihez sem foghat\u00f3, fahord\u00f3s \u00e9rlel\u00e9s\u00e9nek k\u00f6sz\u00f6nhet\u0151en gazdag \u00edzvil\u00e1g minden egyes kortyban.<\/p>","protected":false},"featured_media":989621,"comment_status":"open","ping_status":"closed","template":"","meta":[],"product_brand":[],"product_cat":[57],"product_tag":[62],"class_list":{"0":"post-989618","1":"product","2":"type-product","3":"status-publish","4":"has-post-thumbnail","6":"product_cat-57","7":"product_tag-62","9":"first","10":"instock","11":"taxable","12":"shipping-taxable","13":"product-type-simple"},"yoast_head":"<!-- This site is optimized with the Yoast SEO plugin v25.7 - https:\/\/yoast.com\/wordpress\/plugins\/seo\/ -->\n<title>2020 Dukay - Chardonnay - Dukay Winery<\/title>\n<meta name=\"robots\" content=\"index, follow, max-snippet:-1, max-image-preview:large, max-video-preview:-1\" \/>\n<link rel=\"canonical\" href=\"https:\/\/dukaywinery.com\/en\/product\/2020-dukay-chardonnay\/\" \/>\n<meta property=\"og:locale\" content=\"en_GB\" \/>\n<meta property=\"og:type\" content=\"article\" \/>\n<meta property=\"og:title\" content=\"2020 Dukay - Chardonnay - Dukay Winery\" \/>\n<meta property=\"og:description\" content=\"Ez a rendk\u00edv\u00fcl ismert fajta a bor\u00e1szunk keze alatt form\u00e1l\u00f3dott kiemelked\u0151v\u00e9. Eleg\u00e1ns \u00e9s kiegyens\u00falyozott, m\u00e9gis komplex \u00edzvil\u00e1g. A nektarin \u00e9s a friss gy\u00fcm\u00f6lcs\u00f6ss\u00e9g ind\u00edtja az illatokat, a chardonnay-t\u00f3l megszokott kerek gerinccel \u00e9rkezik az els\u0151 korty \u00e9lm\u00e9nye, majd \u00e1sv\u00e1nyosabb lecseng\u00e9s, \u00e9rettebb csonth\u00e9jasokkal keveredve. Arom\u00e1ja semmihez sem foghat\u00f3, fahord\u00f3s \u00e9rlel\u00e9s\u00e9nek k\u00f6sz\u00f6nhet\u0151en gazdag \u00edzvil\u00e1g minden egyes kortyban.\" \/>\n<meta property=\"og:url\" content=\"https:\/\/dukaywinery.com\/en\/product\/2020-dukay-chardonnay\/\" \/>\n<meta property=\"og:site_name\" content=\"Dukay Winery\" \/>\n<meta property=\"article:modified_time\" content=\"2025-02-04T15:17:11+00:00\" \/>\n<meta property=\"og:image\" content=\"http:\/\/dukaywinery.com\/wp-content\/uploads\/2025\/02\/chardonnay-2020-e1738678890565.png\" \/>\n\t<meta property=\"og:image:width\" content=\"394\" \/>\n\t<meta property=\"og:image:height\" content=\"936\" \/>\n\t<meta property=\"og:image:type\" content=\"image\/png\" \/>\n<meta name=\"twitter:card\" content=\"summary_large_image\" \/>\n<script type=\"application\/ld+json\" class=\"yoast-schema-graph\">{\"@context\":\"https:\/\/schema.org\",\"@graph\":[{\"@type\":\"WebPage\",\"@id\":\"https:\/\/dukaywinery.com\/product\/2020-dukay-chardonnay\/\",\"url\":\"https:\/\/dukaywinery.com\/product\/2020-dukay-chardonnay\/\",\"name\":\"2020 Dukay - Chardonnay - Dukay Winery\",\"isPartOf\":{\"@id\":\"https:\/\/dukaywinery.com\/#website\"},\"primaryImageOfPage\":{\"@id\":\"https:\/\/dukaywinery.com\/product\/2020-dukay-chardonnay\/#primaryimage\"},\"image\":{\"@id\":\"https:\/\/dukaywinery.com\/product\/2020-dukay-chardonnay\/#primaryimage\"},\"thumbnailUrl\":\"https:\/\/dukaywinery.com\/wp-content\/uploads\/2025\/02\/chardonnay-2020-e1738678890565.png\",\"datePublished\":\"2025-02-04T14:21:48+00:00\",\"dateModified\":\"2025-02-04T15:17:11+00:00\",\"breadcrumb\":{\"@id\":\"https:\/\/dukaywinery.com\/product\/2020-dukay-chardonnay\/#breadcrumb\"},\"inLanguage\":\"en-GB\",\"potentialAction\":[{\"@type\":\"ReadAction\",\"target\":[\"https:\/\/dukaywinery.com\/product\/2020-dukay-chardonnay\/\"]}]},{\"@type\":\"ImageObject\",\"inLanguage\":\"en-GB\",\"@id\":\"https:\/\/dukaywinery.com\/product\/2020-dukay-chardonnay\/#primaryimage\",\"url\":\"https:\/\/dukaywinery.com\/wp-content\/uploads\/2025\/02\/chardonnay-2020-e1738678890565.png\",\"contentUrl\":\"https:\/\/dukaywinery.com\/wp-content\/uploads\/2025\/02\/chardonnay-2020-e1738678890565.png\",\"width\":394,\"height\":936},{\"@type\":\"BreadcrumbList\",\"@id\":\"https:\/\/dukaywinery.com\/product\/2020-dukay-chardonnay\/#breadcrumb\",\"itemListElement\":[{\"@type\":\"ListItem\",\"position\":1,\"name\":\"Home\",\"item\":\"https:\/\/dukaywinery.com\/\"},{\"@type\":\"ListItem\",\"position\":2,\"name\":\"Term\u00e9kek\",\"item\":\"https:\/\/dukaywinery.com\/shop\/\"},{\"@type\":\"ListItem\",\"position\":3,\"name\":\"2020 Dukay &#8211; Chardonnay\"}]},{\"@type\":\"WebSite\",\"@id\":\"https:\/\/dukaywinery.com\/#website\",\"url\":\"https:\/\/dukaywinery.com\/\",\"name\":\"Dukay Winery\",\"description\":\"Dukay pr\u00e9mium bor\u00e1szat\",\"publisher\":{\"@id\":\"https:\/\/dukaywinery.com\/#organization\"},\"potentialAction\":[{\"@type\":\"SearchAction\",\"target\":{\"@type\":\"EntryPoint\",\"urlTemplate\":\"https:\/\/dukaywinery.com\/?s={search_term_string}\"},\"query-input\":{\"@type\":\"PropertyValueSpecification\",\"valueRequired\":true,\"valueName\":\"search_term_string\"}}],\"inLanguage\":\"en-GB\"},{\"@type\":\"Organization\",\"@id\":\"https:\/\/dukaywinery.com\/#organization\",\"name\":\"Dukay Winery\",\"url\":\"https:\/\/dukaywinery.com\/\",\"logo\":{\"@type\":\"ImageObject\",\"inLanguage\":\"en-GB\",\"@id\":\"https:\/\/dukaywinery.com\/#\/schema\/logo\/image\/\",\"url\":\"https:\/\/dukaywinery.com\/wp-content\/uploads\/2023\/02\/DUKAY_LOGO_STAMP@2x-e1676973723173.png\",\"contentUrl\":\"https:\/\/dukaywinery.com\/wp-content\/uploads\/2023\/02\/DUKAY_LOGO_STAMP@2x-e1676973723173.png\",\"width\":1082,\"height\":446,\"caption\":\"Dukay Winery\"},\"image\":{\"@id\":\"https:\/\/dukaywinery.com\/#\/schema\/logo\/image\/\"}}]}<\/script>\n<!-- \/ Yoast SEO plugin. -->","yoast_head_json":{"title":"2020 Dukay - Chardonnay - Dukay Winery","robots":{"index":"index","follow":"follow","max-snippet":"max-snippet:-1","max-image-preview":"max-image-preview:large","max-video-preview":"max-video-preview:-1"},"canonical":"https:\/\/dukaywinery.com\/en\/product\/2020-dukay-chardonnay\/","og_locale":"en_GB","og_type":"article","og_title":"2020 Dukay - Chardonnay - Dukay Winery","og_description":"Ez a rendk\u00edv\u00fcl ismert fajta a bor\u00e1szunk keze alatt form\u00e1l\u00f3dott kiemelked\u0151v\u00e9. Eleg\u00e1ns \u00e9s kiegyens\u00falyozott, m\u00e9gis komplex \u00edzvil\u00e1g. A nektarin \u00e9s a friss gy\u00fcm\u00f6lcs\u00f6ss\u00e9g ind\u00edtja az illatokat, a chardonnay-t\u00f3l megszokott kerek gerinccel \u00e9rkezik az els\u0151 korty \u00e9lm\u00e9nye, majd \u00e1sv\u00e1nyosabb lecseng\u00e9s, \u00e9rettebb csonth\u00e9jasokkal keveredve. Arom\u00e1ja semmihez sem foghat\u00f3, fahord\u00f3s \u00e9rlel\u00e9s\u00e9nek k\u00f6sz\u00f6nhet\u0151en gazdag \u00edzvil\u00e1g minden egyes kortyban.","og_url":"https:\/\/dukaywinery.com\/en\/product\/2020-dukay-chardonnay\/","og_site_name":"Dukay Winery","article_modified_time":"2025-02-04T15:17:11+00:00","og_image":[{"width":394,"height":936,"url":"http:\/\/dukaywinery.com\/wp-content\/uploads\/2025\/02\/chardonnay-2020-e1738678890565.png","type":"image\/png"}],"twitter_card":"summary_large_image","schema":{"@context":"https:\/\/schema.org","@graph":[{"@type":"WebPage","@id":"https:\/\/dukaywinery.com\/product\/2020-dukay-chardonnay\/","url":"https:\/\/dukaywinery.com\/product\/2020-dukay-chardonnay\/","name":"2020 Dukay - Chardonnay - Dukay Winery","isPartOf":{"@id":"https:\/\/dukaywinery.com\/#website"},"primaryImageOfPage":{"@id":"https:\/\/dukaywinery.com\/product\/2020-dukay-chardonnay\/#primaryimage"},"image":{"@id":"https:\/\/dukaywinery.com\/product\/2020-dukay-chardonnay\/#primaryimage"},"thumbnailUrl":"https:\/\/dukaywinery.com\/wp-content\/uploads\/2025\/02\/chardonnay-2020-e1738678890565.png","datePublished":"2025-02-04T14:21:48+00:00","dateModified":"2025-02-04T15:17:11+00:00","breadcrumb":{"@id":"https:\/\/dukaywinery.com\/product\/2020-dukay-chardonnay\/#breadcrumb"},"inLanguage":"en-GB","potentialAction":[{"@type":"ReadAction","target":["https:\/\/dukaywinery.com\/product\/2020-dukay-chardonnay\/"]}]},{"@type":"ImageObject","inLanguage":"en-GB","@id":"https:\/\/dukaywinery.com\/product\/2020-dukay-chardonnay\/#primaryimage","url":"https:\/\/dukaywinery.com\/wp-content\/uploads\/2025\/02\/chardonnay-2020-e1738678890565.png","contentUrl":"https:\/\/dukaywinery.com\/wp-content\/uploads\/2025\/02\/chardonnay-2020-e1738678890565.png","width":394,"height":936},{"@type":"BreadcrumbList","@id":"https:\/\/dukaywinery.com\/product\/2020-dukay-chardonnay\/#breadcrumb","itemListElement":[{"@type":"ListItem","position":1,"name":"Home","item":"https:\/\/dukaywinery.com\/"},{"@type":"ListItem","position":2,"name":"Term\u00e9kek","item":"https:\/\/dukaywinery.com\/shop\/"},{"@type":"ListItem","position":3,"name":"2020 Dukay &#8211; Chardonnay"}]},{"@type":"WebSite","@id":"https:\/\/dukaywinery.com\/#website","url":"https:\/\/dukaywinery.com\/","name":"Dukay Winery","description":"Dukay pr\u00e9mium bor\u00e1szat","publisher":{"@id":"https:\/\/dukaywinery.com\/#organization"},"potentialAction":[{"@type":"SearchAction","target":{"@type":"EntryPoint","urlTemplate":"https:\/\/dukaywinery.com\/?s={search_term_string}"},"query-input":{"@type":"PropertyValueSpecification","valueRequired":true,"valueName":"search_term_string"}}],"inLanguage":"en-GB"},{"@type":"Organization","@id":"https:\/\/dukaywinery.com\/#organization","name":"Dukay Winery","url":"https:\/\/dukaywinery.com\/","logo":{"@type":"ImageObject","inLanguage":"en-GB","@id":"https:\/\/dukaywinery.com\/#\/schema\/logo\/image\/","url":"https:\/\/dukaywinery.com\/wp-content\/uploads\/2023\/02\/DUKAY_LOGO_STAMP@2x-e1676973723173.png","contentUrl":"https:\/\/dukaywinery.com\/wp-content\/uploads\/2023\/02\/DUKAY_LOGO_STAMP@2x-e1676973723173.png","width":1082,"height":446,"caption":"Dukay Winery"},"image":{"@id":"https:\/\/dukaywinery.com\/#\/schema\/logo\/image\/"}}]}},"jetpack_sharing_enabled":true,"_links":{"self":[{"href":"https:\/\/dukaywinery.com\/en\/wp-json\/wp\/v2\/product\/989618","targetHints":{"allow":["GET"]}}],"collection":[{"href":"https:\/\/dukaywinery.com\/en\/wp-json\/wp\/v2\/product"}],"about":[{"href":"https:\/\/dukaywinery.com\/en\/wp-json\/wp\/v2\/types\/product"}],"replies":[{"embeddable":true,"href":"https:\/\/dukaywinery.com\/en\/wp-json\/wp\/v2\/comments?post=989618"}],"version-history":[{"count":0,"href":"https:\/\/dukaywinery.com\/en\/wp-json\/wp\/v2\/product\/989618\/revisions"}],"wp:featuredmedia":[{"embeddable":true,"href":"https:\/\/dukaywinery.com\/en\/wp-json\/wp\/v2\/media\/989621"}],"wp:attachment":[{"href":"https:\/\/dukaywinery.com\/en\/wp-json\/wp\/v2\/media?parent=989618"}],"wp:term":[{"taxonomy":"product_brand","embeddable":true,"href":"https:\/\/dukaywinery.com\/en\/wp-json\/wp\/v2\/product_brand?post=989618"},{"taxonomy":"product_cat","embeddable":true,"href":"https:\/\/dukaywinery.com\/en\/wp-json\/wp\/v2\/product_cat?post=989618"},{"taxonomy":"product_tag","embeddable":true,"href":"https:\/\/dukaywinery.com\/en\/wp-json\/wp\/v2\/product_tag?post=989618"}],"curies":[{"name":"wp","href":"https:\/\/api.w.org\/{rel}","templated":true}]}}