{"id":6588,"date":"2020-08-11T14:11:21","date_gmt":"2020-08-11T12:11:21","guid":{"rendered":"https:\/\/lagar.vamtam.com\/?post_type=product&#038;p=6588"},"modified":"2024-02-20T16:23:26","modified_gmt":"2024-02-20T15:23:26","slug":"2020-dukay-pinot-noir","status":"publish","type":"product","link":"https:\/\/dukaywinery.com\/en\/product\/2020-dukay-pinot-noir\/","title":{"rendered":"2020 Dukay &#8211; Pinot Noir"},"content":{"rendered":"<div data-elementor-type=\"product-post\" data-elementor-id=\"6588\" class=\"elementor elementor-6588\" data-elementor-post-type=\"product\">\n\t\t\t\t\t\t<section class=\"elementor-section elementor-top-section elementor-element elementor-element-4a724e9 elementor-section-boxed elementor-section-height-default elementor-section-height-default\" data-id=\"4a724e9\" data-element_type=\"section\">\n\t\t\t\t\t\t<div class=\"elementor-container elementor-column-gap-default\">\n\t\t\t\t\t<div class=\"elementor-column elementor-col-100 elementor-top-column elementor-element elementor-element-47444e8\" data-id=\"47444e8\" data-element_type=\"column\">\n\t\t\t<div class=\"elementor-widget-wrap elementor-element-populated\">\n\t\t\t\t\t\t<div class=\"elementor-element elementor-element-a41be55 elementor-widget elementor-widget-heading\" data-id=\"a41be55\" data-element_type=\"widget\" data-widget_type=\"heading.default\">\n\t\t\t\t<div class=\"elementor-widget-container\">\n\t\t\t\t\t<h5 class=\"elementor-heading-title elementor-size-default\">Characteristics<\/h5>\t\t\t\t<\/div>\n\t\t\t\t<\/div>\n\t\t\t\t<div class=\"elementor-element elementor-element-b683a2a elementor-widget elementor-widget-text-editor\" data-id=\"b683a2a\" data-element_type=\"widget\" data-widget_type=\"text-editor.default\">\n\t\t\t\t<div class=\"elementor-widget-container\">\n\t\t\t\t\t\t\t\t\t<p><strong>Recommended consumption temperature:<\/strong> 18-20 C\u00b0<\/p><p><strong>Alcohol <\/strong>13%<\/p><p><strong>Sugar content: dry 0,5 g\/l <\/strong><\/p><p><strong>Acid:  5,4 g\/l<\/strong><\/p><p><strong>PH: 3,3<\/strong><\/p><p><strong>Maturation period: 10 months <\/strong><\/p>\t\t\t\t\t\t\t\t<\/div>\n\t\t\t\t<\/div>\n\t\t\t\t<div class=\"elementor-element elementor-element-e06087e elementor-widget elementor-widget-heading\" data-id=\"e06087e\" data-element_type=\"widget\" data-widget_type=\"heading.default\">\n\t\t\t\t<div class=\"elementor-widget-container\">\n\t\t\t\t\t<h5 class=\"elementor-heading-title elementor-size-default\">Tasting<\/h5>\t\t\t\t<\/div>\n\t\t\t\t<\/div>\n\t\t\t\t<div class=\"elementor-element elementor-element-17cc2e8 elementor-widget elementor-widget-text-editor\" data-id=\"17cc2e8\" data-element_type=\"widget\" data-widget_type=\"text-editor.default\">\n\t\t\t\t<div class=\"elementor-widget-container\">\n\t\t\t\t\t\t\t\t\t<p class=\"translation-block\"><strong>Colour: <\/strong>Ruby red<\/p><p><strong>Illat: <\/strong>\u00c9des f\u0171szerek, leheletnyi doh\u00e1ny, csokol\u00e1d\u00e9, csiperke \u00e9s cseresznye.<\/p><p><strong>\u00cdz: <\/strong>Korty\u00e1ban \u00e9l\u00e9nk. Els\u0151k\u00e9nt a f\u0171szeress\u00e9g \u00e9s a cseress\u00e9g fogad, majd a piros gy\u00fcm\u00f6lcs\u00f6k mutatkoznak.<\/p>\t\t\t\t\t\t\t\t<\/div>\n\t\t\t\t<\/div>\n\t\t\t\t<div class=\"elementor-element elementor-element-3f2d139 elementor-hidden-desktop elementor-hidden-tablet elementor-hidden-mobile elementor-widget elementor-widget-heading\" data-id=\"3f2d139\" data-element_type=\"widget\" data-widget_type=\"heading.default\">\n\t\t\t\t<div class=\"elementor-widget-container\">\n\t\t\t\t\t<h5 class=\"elementor-heading-title elementor-size-default\">D\u00edjak<\/h5>\t\t\t\t<\/div>\n\t\t\t\t<\/div>\n\t\t\t\t<section class=\"elementor-section elementor-inner-section elementor-element elementor-element-e5c4d81 elementor-reverse-tablet elementor-reverse-mobile elementor-hidden-desktop elementor-hidden-tablet elementor-hidden-mobile elementor-section-boxed elementor-section-height-default elementor-section-height-default\" data-id=\"e5c4d81\" data-element_type=\"section\">\n\t\t\t\t\t\t<div class=\"elementor-container elementor-column-gap-default\">\n\t\t\t\t\t<div class=\"elementor-column elementor-col-33 elementor-inner-column elementor-element elementor-element-5f197c0\" data-id=\"5f197c0\" data-element_type=\"column\">\n\t\t\t<div class=\"elementor-widget-wrap\">\n\t\t\t\t\t\t\t<\/div>\n\t\t<\/div>\n\t\t\t\t<div class=\"elementor-column elementor-col-33 elementor-inner-column elementor-element elementor-element-b99595d\" data-id=\"b99595d\" data-element_type=\"column\">\n\t\t\t<div class=\"elementor-widget-wrap\">\n\t\t\t\t\t\t\t<\/div>\n\t\t<\/div>\n\t\t\t\t<div class=\"elementor-column elementor-col-33 elementor-inner-column elementor-element elementor-element-a65dc47\" data-id=\"a65dc47\" data-element_type=\"column\">\n\t\t\t<div class=\"elementor-widget-wrap\">\n\t\t\t\t\t\t\t<\/div>\n\t\t<\/div>\n\t\t\t\t\t<\/div>\n\t\t<\/section>\n\t\t\t\t<section class=\"elementor-section elementor-inner-section elementor-element elementor-element-074212b elementor-section-boxed elementor-section-height-default elementor-section-height-default\" data-id=\"074212b\" data-element_type=\"section\">\n\t\t\t\t\t\t<div class=\"elementor-container elementor-column-gap-default\">\n\t\t\t\t\t<div class=\"elementor-column elementor-col-100 elementor-inner-column elementor-element elementor-element-4bac080\" data-id=\"4bac080\" data-element_type=\"column\">\n\t\t\t<div class=\"elementor-widget-wrap elementor-element-populated\">\n\t\t\t\t\t\t<div class=\"elementor-element elementor-element-d5abab3 elementor-widget__width-initial elementor-widget-mobile__width-initial elementor-fixed elementor-hidden-tablet elementor-hidden-phone elementor-widget elementor-widget-image\" data-id=\"d5abab3\" data-element_type=\"widget\" data-settings=\"{&quot;_position&quot;:&quot;fixed&quot;}\" data-widget_type=\"image.default\">\n\t\t\t\t<div class=\"elementor-widget-container\">\n\t\t\t\t\t\t\t\t\t\t\t\t\t\t\t<img decoding=\"async\" src=\"http:\/\/dukaywinery.com\/wp-content\/uploads\/2020\/08\/blueberry-transparent.png\" title=\"\" alt=\"\" loading=\"lazy\" \/>\t\t\t\t\t\t\t\t\t\t\t\t\t\t\t<\/div>\n\t\t\t\t<\/div>\n\t\t\t\t\t<\/div>\n\t\t<\/div>\n\t\t\t\t\t<\/div>\n\t\t<\/section>\n\t\t\t\t\t<\/div>\n\t\t<\/div>\n\t\t\t\t\t<\/div>\n\t\t<\/section>\n\t\t\t\t<\/div>","protected":false},"excerpt":{"rendered":"<p><span style=\"font-weight: 500;\">Classic Pinot Noir, deep red with a ruby colour. The meeting of the \"king of wines\" and the \"royal wine region\", which opens up gradually. On the nose, tobacco, cloves and chocolate unfold, combined with a strong cherry and red fruit cavalcade. On the palate, the red fruits continue their presentation, complemented by chilli, sweet spices and rounded off by soft tannins.<\/span><\/p>","protected":false},"featured_media":988497,"comment_status":"closed","ping_status":"closed","template":"","meta":[],"product_brand":[],"product_cat":[57],"product_tag":[62,60,67],"class_list":{"0":"post-6588","1":"product","2":"type-product","3":"status-publish","4":"has-post-thumbnail","6":"product_cat-57","7":"product_tag-62","8":"product_tag-dukay","9":"product_tag-pinot-noir","11":"first","12":"instock","13":"taxable","14":"shipping-taxable","15":"purchasable","16":"product-type-simple"},"yoast_head":"<!-- This site is optimized with the Yoast SEO plugin v25.7 - https:\/\/yoast.com\/wordpress\/plugins\/seo\/ -->\n<title>2020 Dukay - Pinot Noir - Dukay Winery<\/title>\n<meta name=\"robots\" content=\"index, follow, max-snippet:-1, max-image-preview:large, max-video-preview:-1\" \/>\n<link rel=\"canonical\" href=\"https:\/\/dukaywinery.com\/en\/product\/2020-dukay-pinot-noir\/\" \/>\n<meta property=\"og:locale\" content=\"en_GB\" \/>\n<meta property=\"og:type\" content=\"article\" \/>\n<meta property=\"og:title\" content=\"2020 Dukay - Pinot Noir - Dukay Winery\" \/>\n<meta property=\"og:description\" content=\"Klasszikus Pinot Noir, m\u00e9lyv\u00f6r\u00f6s, rubint sz\u00ednnel. A \u201cborok kir\u00e1ly\u00e1nak\u201d \u00e9s a \u201ckir\u00e1lyi borvid\u00e9knek\u201d a tal\u00e1lkoz\u00e1sa, amely fokozatosan ny\u00edlik meg. Illat\u00e1ban doh\u00e1ny, szegf\u0171szeg, csokol\u00e1d\u00e9 bontakozik ki, er\u0151s csereszny\u00e9s, piros gy\u00fcm\u00f6lcs\u00f6s kavalk\u00e1ddal t\u00e1rsulva. Sz\u00e1jban folytat\u00f3dik a piros gy\u00fcm\u00f6lcs\u00f6k bemutatkoz\u00e1sa, kieg\u00e9sz\u00fclve a csiperk\u00e9vel, az \u00e9des f\u0171szerekkel \u00e9s a l\u00e1gy cseress\u00e9g teszi teljess\u00e9.\" \/>\n<meta property=\"og:url\" content=\"https:\/\/dukaywinery.com\/en\/product\/2020-dukay-pinot-noir\/\" \/>\n<meta property=\"og:site_name\" content=\"Dukay Winery\" \/>\n<meta property=\"article:modified_time\" content=\"2024-02-20T15:23:26+00:00\" \/>\n<meta property=\"og:image\" content=\"http:\/\/dukaywinery.com\/wp-content\/uploads\/2023\/03\/webshop7.png\" \/>\n\t<meta property=\"og:image:width\" content=\"522\" \/>\n\t<meta property=\"og:image:height\" content=\"1200\" \/>\n\t<meta property=\"og:image:type\" content=\"image\/png\" \/>\n<meta name=\"twitter:card\" content=\"summary_large_image\" \/>\n<meta name=\"twitter:label1\" content=\"Estimated reading time\" \/>\n\t<meta name=\"twitter:data1\" content=\"1 minute\" \/>\n<script type=\"application\/ld+json\" class=\"yoast-schema-graph\">{\"@context\":\"https:\/\/schema.org\",\"@graph\":[{\"@type\":\"WebPage\",\"@id\":\"https:\/\/dukaywinery.com\/product\/2020-dukay-pinot-noir\/\",\"url\":\"https:\/\/dukaywinery.com\/product\/2020-dukay-pinot-noir\/\",\"name\":\"2020 Dukay - Pinot Noir - Dukay Winery\",\"isPartOf\":{\"@id\":\"https:\/\/dukaywinery.com\/#website\"},\"primaryImageOfPage\":{\"@id\":\"https:\/\/dukaywinery.com\/product\/2020-dukay-pinot-noir\/#primaryimage\"},\"image\":{\"@id\":\"https:\/\/dukaywinery.com\/product\/2020-dukay-pinot-noir\/#primaryimage\"},\"thumbnailUrl\":\"https:\/\/dukaywinery.com\/wp-content\/uploads\/2023\/03\/webshop7.png\",\"datePublished\":\"2020-08-11T12:11:21+00:00\",\"dateModified\":\"2024-02-20T15:23:26+00:00\",\"breadcrumb\":{\"@id\":\"https:\/\/dukaywinery.com\/product\/2020-dukay-pinot-noir\/#breadcrumb\"},\"inLanguage\":\"en-GB\",\"potentialAction\":[{\"@type\":\"ReadAction\",\"target\":[\"https:\/\/dukaywinery.com\/product\/2020-dukay-pinot-noir\/\"]}]},{\"@type\":\"ImageObject\",\"inLanguage\":\"en-GB\",\"@id\":\"https:\/\/dukaywinery.com\/product\/2020-dukay-pinot-noir\/#primaryimage\",\"url\":\"https:\/\/dukaywinery.com\/wp-content\/uploads\/2023\/03\/webshop7.png\",\"contentUrl\":\"https:\/\/dukaywinery.com\/wp-content\/uploads\/2023\/03\/webshop7.png\",\"width\":522,\"height\":1200},{\"@type\":\"BreadcrumbList\",\"@id\":\"https:\/\/dukaywinery.com\/product\/2020-dukay-pinot-noir\/#breadcrumb\",\"itemListElement\":[{\"@type\":\"ListItem\",\"position\":1,\"name\":\"Home\",\"item\":\"https:\/\/dukaywinery.com\/\"},{\"@type\":\"ListItem\",\"position\":2,\"name\":\"Term\u00e9kek\",\"item\":\"https:\/\/dukaywinery.com\/shop\/\"},{\"@type\":\"ListItem\",\"position\":3,\"name\":\"2020 Dukay &#8211; Pinot Noir\"}]},{\"@type\":\"WebSite\",\"@id\":\"https:\/\/dukaywinery.com\/#website\",\"url\":\"https:\/\/dukaywinery.com\/\",\"name\":\"Dukay Winery\",\"description\":\"Dukay pr\u00e9mium bor\u00e1szat\",\"publisher\":{\"@id\":\"https:\/\/dukaywinery.com\/#organization\"},\"potentialAction\":[{\"@type\":\"SearchAction\",\"target\":{\"@type\":\"EntryPoint\",\"urlTemplate\":\"https:\/\/dukaywinery.com\/?s={search_term_string}\"},\"query-input\":{\"@type\":\"PropertyValueSpecification\",\"valueRequired\":true,\"valueName\":\"search_term_string\"}}],\"inLanguage\":\"en-GB\"},{\"@type\":\"Organization\",\"@id\":\"https:\/\/dukaywinery.com\/#organization\",\"name\":\"Dukay Winery\",\"url\":\"https:\/\/dukaywinery.com\/\",\"logo\":{\"@type\":\"ImageObject\",\"inLanguage\":\"en-GB\",\"@id\":\"https:\/\/dukaywinery.com\/#\/schema\/logo\/image\/\",\"url\":\"https:\/\/dukaywinery.com\/wp-content\/uploads\/2023\/02\/DUKAY_LOGO_STAMP@2x-e1676973723173.png\",\"contentUrl\":\"https:\/\/dukaywinery.com\/wp-content\/uploads\/2023\/02\/DUKAY_LOGO_STAMP@2x-e1676973723173.png\",\"width\":1082,\"height\":446,\"caption\":\"Dukay Winery\"},\"image\":{\"@id\":\"https:\/\/dukaywinery.com\/#\/schema\/logo\/image\/\"}}]}<\/script>\n<!-- \/ Yoast SEO plugin. -->","yoast_head_json":{"title":"2020 Dukay - Pinot Noir - Dukay Winery","robots":{"index":"index","follow":"follow","max-snippet":"max-snippet:-1","max-image-preview":"max-image-preview:large","max-video-preview":"max-video-preview:-1"},"canonical":"https:\/\/dukaywinery.com\/en\/product\/2020-dukay-pinot-noir\/","og_locale":"en_GB","og_type":"article","og_title":"2020 Dukay - Pinot Noir - Dukay Winery","og_description":"Klasszikus Pinot Noir, m\u00e9lyv\u00f6r\u00f6s, rubint sz\u00ednnel. A \u201cborok kir\u00e1ly\u00e1nak\u201d \u00e9s a \u201ckir\u00e1lyi borvid\u00e9knek\u201d a tal\u00e1lkoz\u00e1sa, amely fokozatosan ny\u00edlik meg. Illat\u00e1ban doh\u00e1ny, szegf\u0171szeg, csokol\u00e1d\u00e9 bontakozik ki, er\u0151s csereszny\u00e9s, piros gy\u00fcm\u00f6lcs\u00f6s kavalk\u00e1ddal t\u00e1rsulva. Sz\u00e1jban folytat\u00f3dik a piros gy\u00fcm\u00f6lcs\u00f6k bemutatkoz\u00e1sa, kieg\u00e9sz\u00fclve a csiperk\u00e9vel, az \u00e9des f\u0171szerekkel \u00e9s a l\u00e1gy cseress\u00e9g teszi teljess\u00e9.","og_url":"https:\/\/dukaywinery.com\/en\/product\/2020-dukay-pinot-noir\/","og_site_name":"Dukay Winery","article_modified_time":"2024-02-20T15:23:26+00:00","og_image":[{"width":522,"height":1200,"url":"http:\/\/dukaywinery.com\/wp-content\/uploads\/2023\/03\/webshop7.png","type":"image\/png"}],"twitter_card":"summary_large_image","twitter_misc":{"Estimated reading time":"1 minute"},"schema":{"@context":"https:\/\/schema.org","@graph":[{"@type":"WebPage","@id":"https:\/\/dukaywinery.com\/product\/2020-dukay-pinot-noir\/","url":"https:\/\/dukaywinery.com\/product\/2020-dukay-pinot-noir\/","name":"2020 Dukay - Pinot Noir - Dukay Winery","isPartOf":{"@id":"https:\/\/dukaywinery.com\/#website"},"primaryImageOfPage":{"@id":"https:\/\/dukaywinery.com\/product\/2020-dukay-pinot-noir\/#primaryimage"},"image":{"@id":"https:\/\/dukaywinery.com\/product\/2020-dukay-pinot-noir\/#primaryimage"},"thumbnailUrl":"https:\/\/dukaywinery.com\/wp-content\/uploads\/2023\/03\/webshop7.png","datePublished":"2020-08-11T12:11:21+00:00","dateModified":"2024-02-20T15:23:26+00:00","breadcrumb":{"@id":"https:\/\/dukaywinery.com\/product\/2020-dukay-pinot-noir\/#breadcrumb"},"inLanguage":"en-GB","potentialAction":[{"@type":"ReadAction","target":["https:\/\/dukaywinery.com\/product\/2020-dukay-pinot-noir\/"]}]},{"@type":"ImageObject","inLanguage":"en-GB","@id":"https:\/\/dukaywinery.com\/product\/2020-dukay-pinot-noir\/#primaryimage","url":"https:\/\/dukaywinery.com\/wp-content\/uploads\/2023\/03\/webshop7.png","contentUrl":"https:\/\/dukaywinery.com\/wp-content\/uploads\/2023\/03\/webshop7.png","width":522,"height":1200},{"@type":"BreadcrumbList","@id":"https:\/\/dukaywinery.com\/product\/2020-dukay-pinot-noir\/#breadcrumb","itemListElement":[{"@type":"ListItem","position":1,"name":"Home","item":"https:\/\/dukaywinery.com\/"},{"@type":"ListItem","position":2,"name":"Term\u00e9kek","item":"https:\/\/dukaywinery.com\/shop\/"},{"@type":"ListItem","position":3,"name":"2020 Dukay &#8211; Pinot Noir"}]},{"@type":"WebSite","@id":"https:\/\/dukaywinery.com\/#website","url":"https:\/\/dukaywinery.com\/","name":"Dukay Winery","description":"Dukay pr\u00e9mium bor\u00e1szat","publisher":{"@id":"https:\/\/dukaywinery.com\/#organization"},"potentialAction":[{"@type":"SearchAction","target":{"@type":"EntryPoint","urlTemplate":"https:\/\/dukaywinery.com\/?s={search_term_string}"},"query-input":{"@type":"PropertyValueSpecification","valueRequired":true,"valueName":"search_term_string"}}],"inLanguage":"en-GB"},{"@type":"Organization","@id":"https:\/\/dukaywinery.com\/#organization","name":"Dukay Winery","url":"https:\/\/dukaywinery.com\/","logo":{"@type":"ImageObject","inLanguage":"en-GB","@id":"https:\/\/dukaywinery.com\/#\/schema\/logo\/image\/","url":"https:\/\/dukaywinery.com\/wp-content\/uploads\/2023\/02\/DUKAY_LOGO_STAMP@2x-e1676973723173.png","contentUrl":"https:\/\/dukaywinery.com\/wp-content\/uploads\/2023\/02\/DUKAY_LOGO_STAMP@2x-e1676973723173.png","width":1082,"height":446,"caption":"Dukay Winery"},"image":{"@id":"https:\/\/dukaywinery.com\/#\/schema\/logo\/image\/"}}]}},"jetpack_sharing_enabled":true,"_links":{"self":[{"href":"https:\/\/dukaywinery.com\/en\/wp-json\/wp\/v2\/product\/6588","targetHints":{"allow":["GET"]}}],"collection":[{"href":"https:\/\/dukaywinery.com\/en\/wp-json\/wp\/v2\/product"}],"about":[{"href":"https:\/\/dukaywinery.com\/en\/wp-json\/wp\/v2\/types\/product"}],"replies":[{"embeddable":true,"href":"https:\/\/dukaywinery.com\/en\/wp-json\/wp\/v2\/comments?post=6588"}],"version-history":[{"count":0,"href":"https:\/\/dukaywinery.com\/en\/wp-json\/wp\/v2\/product\/6588\/revisions"}],"wp:featuredmedia":[{"embeddable":true,"href":"https:\/\/dukaywinery.com\/en\/wp-json\/wp\/v2\/media\/988497"}],"wp:attachment":[{"href":"https:\/\/dukaywinery.com\/en\/wp-json\/wp\/v2\/media?parent=6588"}],"wp:term":[{"taxonomy":"product_brand","embeddable":true,"href":"https:\/\/dukaywinery.com\/en\/wp-json\/wp\/v2\/product_brand?post=6588"},{"taxonomy":"product_cat","embeddable":true,"href":"https:\/\/dukaywinery.com\/en\/wp-json\/wp\/v2\/product_cat?post=6588"},{"taxonomy":"product_tag","embeddable":true,"href":"https:\/\/dukaywinery.com\/en\/wp-json\/wp\/v2\/product_tag?post=6588"}],"curies":[{"name":"wp","href":"https:\/\/api.w.org\/{rel}","templated":true}]}}