{"id":6582,"date":"2020-08-11T14:14:23","date_gmt":"2020-08-11T12:14:23","guid":{"rendered":"https:\/\/lagar.vamtam.com\/?post_type=product&#038;p=6582"},"modified":"2024-02-20T16:22:02","modified_gmt":"2024-02-20T15:22:02","slug":"2020-dukay-furmint-reserve","status":"publish","type":"product","link":"https:\/\/dukaywinery.com\/en\/product\/2020-dukay-furmint-reserve\/","title":{"rendered":"2020 Dukay &#8211; Furmint Reserve"},"content":{"rendered":"<div data-elementor-type=\"product-post\" data-elementor-id=\"6582\" class=\"elementor elementor-6582\" data-elementor-post-type=\"product\">\n\t\t\t\t\t\t<section class=\"elementor-section elementor-top-section elementor-element elementor-element-2ef2f02 elementor-section-boxed elementor-section-height-default elementor-section-height-default\" data-id=\"2ef2f02\" data-element_type=\"section\">\n\t\t\t\t\t\t<div class=\"elementor-container elementor-column-gap-default\">\n\t\t\t\t\t<div class=\"elementor-column elementor-col-100 elementor-top-column elementor-element elementor-element-cf84b6a\" data-id=\"cf84b6a\" data-element_type=\"column\">\n\t\t\t<div class=\"elementor-widget-wrap elementor-element-populated\">\n\t\t\t\t\t\t<div class=\"elementor-element elementor-element-2b9e719 elementor-widget elementor-widget-heading\" data-id=\"2b9e719\" data-element_type=\"widget\" data-widget_type=\"heading.default\">\n\t\t\t\t<div class=\"elementor-widget-container\">\n\t\t\t\t\t<h5 class=\"elementor-heading-title elementor-size-default\">Characteristics<\/h5>\t\t\t\t<\/div>\n\t\t\t\t<\/div>\n\t\t\t\t<div class=\"elementor-element elementor-element-2f33699 elementor-widget elementor-widget-text-editor\" data-id=\"2f33699\" data-element_type=\"widget\" data-widget_type=\"text-editor.default\">\n\t\t\t\t<div class=\"elementor-widget-container\">\n\t\t\t\t\t\t\t\t\t<p><strong>Recommended consumption temperature:<\/strong> 10-12 C\u00b0<\/p><p><strong>Alcohol <\/strong>13%<\/p><p><strong>Cukortartalom: Sz\u00e1raz 1 g\/l <\/strong><\/p><p><strong>Sav: 6,5 g\/l<br \/>PH: 3,3<\/strong><\/p><p><strong>\u00c9rlel\u00e9si id\u0151: 11 h\u00f3nap <\/strong><\/p><p><strong>\u00a0<\/strong><\/p><p>\u00a0<\/p>\t\t\t\t\t\t\t\t<\/div>\n\t\t\t\t<\/div>\n\t\t\t\t<div class=\"elementor-element elementor-element-f247bbe elementor-widget elementor-widget-heading\" data-id=\"f247bbe\" data-element_type=\"widget\" data-widget_type=\"heading.default\">\n\t\t\t\t<div class=\"elementor-widget-container\">\n\t\t\t\t\t<h5 class=\"elementor-heading-title elementor-size-default\">Tasting<\/h5>\t\t\t\t<\/div>\n\t\t\t\t<\/div>\n\t\t\t\t<div class=\"elementor-element elementor-element-3cd0c9c elementor-widget elementor-widget-text-editor\" data-id=\"3cd0c9c\" data-element_type=\"widget\" data-widget_type=\"text-editor.default\">\n\t\t\t\t<div class=\"elementor-widget-container\">\n\t\t\t\t\t\t\t\t\t<p><strong>Sz\u00edn: <\/strong>halv\u00e1nys\u00e1rga, z\u00f6ldes t\u00fckr\u00f6z\u0151d\u00e9ssel<\/p><p><strong>Illat: <\/strong>\u00e1sv\u00e1nyok garmad\u00e1ja, k\u00f6nnyed gy\u00fcm\u00f6lcs\u00f6ss\u00e9g, vir\u00e1gos arom\u00e1k<\/p><p><strong>\u00cdz: <\/strong>Az esszenci\u00e1lis Furmint: birs, \u0151szibarack, vilmosk\u00f6rte eleg\u00e1ns szerkezetben, kr\u00e9mes testtel.<\/p><p>\u00a0<\/p>\t\t\t\t\t\t\t\t<\/div>\n\t\t\t\t<\/div>\n\t\t\t\t<div class=\"elementor-element elementor-element-e55cc25 elementor-hidden-desktop elementor-hidden-tablet elementor-hidden-mobile elementor-widget elementor-widget-heading\" data-id=\"e55cc25\" data-element_type=\"widget\" data-widget_type=\"heading.default\">\n\t\t\t\t<div class=\"elementor-widget-container\">\n\t\t\t\t\t<h5 class=\"elementor-heading-title elementor-size-default\">D\u00edjak<\/h5>\t\t\t\t<\/div>\n\t\t\t\t<\/div>\n\t\t\t\t<section class=\"elementor-section elementor-inner-section elementor-element elementor-element-f69637d elementor-reverse-tablet elementor-reverse-mobile elementor-hidden-desktop elementor-hidden-tablet elementor-hidden-mobile elementor-section-boxed elementor-section-height-default elementor-section-height-default\" data-id=\"f69637d\" data-element_type=\"section\">\n\t\t\t\t\t\t<div class=\"elementor-container elementor-column-gap-default\">\n\t\t\t\t\t<div class=\"elementor-column elementor-col-33 elementor-inner-column elementor-element elementor-element-0deaf11\" data-id=\"0deaf11\" data-element_type=\"column\">\n\t\t\t<div class=\"elementor-widget-wrap\">\n\t\t\t\t\t\t\t<\/div>\n\t\t<\/div>\n\t\t\t\t<div class=\"elementor-column elementor-col-33 elementor-inner-column elementor-element elementor-element-f17c6bd\" data-id=\"f17c6bd\" data-element_type=\"column\">\n\t\t\t<div class=\"elementor-widget-wrap\">\n\t\t\t\t\t\t\t<\/div>\n\t\t<\/div>\n\t\t\t\t<div class=\"elementor-column elementor-col-33 elementor-inner-column elementor-element elementor-element-cdef12e\" data-id=\"cdef12e\" data-element_type=\"column\">\n\t\t\t<div class=\"elementor-widget-wrap\">\n\t\t\t\t\t\t\t<\/div>\n\t\t<\/div>\n\t\t\t\t\t<\/div>\n\t\t<\/section>\n\t\t\t\t<section class=\"elementor-section elementor-inner-section elementor-element elementor-element-6c0aba3 elementor-section-boxed elementor-section-height-default elementor-section-height-default\" data-id=\"6c0aba3\" data-element_type=\"section\">\n\t\t\t\t\t\t<div class=\"elementor-container elementor-column-gap-default\">\n\t\t\t\t\t<div class=\"elementor-column elementor-col-100 elementor-inner-column elementor-element elementor-element-cff193e\" data-id=\"cff193e\" data-element_type=\"column\">\n\t\t\t<div class=\"elementor-widget-wrap elementor-element-populated\">\n\t\t\t\t\t\t<div class=\"elementor-element elementor-element-8c59465 elementor-widget__width-initial elementor-widget-mobile__width-initial elementor-fixed elementor-hidden-tablet elementor-hidden-phone elementor-widget elementor-widget-image\" data-id=\"8c59465\" data-element_type=\"widget\" data-settings=\"{&quot;_position&quot;:&quot;fixed&quot;}\" data-widget_type=\"image.default\">\n\t\t\t\t<div class=\"elementor-widget-container\">\n\t\t\t\t\t\t\t\t\t\t\t\t\t\t\t<img decoding=\"async\" src=\"http:\/\/dukaywinery.com\/wp-content\/uploads\/2020\/04\/lemon-transparent.png\" title=\"\" alt=\"\" loading=\"lazy\" \/>\t\t\t\t\t\t\t\t\t\t\t\t\t\t\t<\/div>\n\t\t\t\t<\/div>\n\t\t\t\t\t<\/div>\n\t\t<\/div>\n\t\t\t\t\t<\/div>\n\t\t<\/section>\n\t\t\t\t\t<\/div>\n\t\t<\/div>\n\t\t\t\t\t<\/div>\n\t\t<\/section>\n\t\t\t\t<\/div>","protected":false},"excerpt":{"rendered":"<p><span style=\"font-weight: 500;\">The Furmint grape variety originates from the Hungarian royal wine region of Szer\u00e9ms\u00e9g. The wine is made only from ripe, healthy grapes. Its pale yellow colour is like nothing else. When smelled, the light fruitiness and floral aromas typical of Furmint can be sensed. It is a full-bodied wine with a dense structure. The furmint notes of quince, peach and pear come out on the first taste and accompany you elegantly.<\/span><\/p>","protected":false},"featured_media":988494,"comment_status":"closed","ping_status":"closed","template":"","meta":[],"product_brand":[],"product_cat":[57],"product_tag":[62,60,64,66],"class_list":{"0":"post-6582","1":"product","2":"type-product","3":"status-publish","4":"has-post-thumbnail","6":"product_cat-57","7":"product_tag-62","8":"product_tag-dukay","9":"product_tag-furmint","10":"product_tag-reserve","12":"first","13":"instock","14":"taxable","15":"shipping-taxable","16":"purchasable","17":"product-type-simple"},"yoast_head":"<!-- This site is optimized with the Yoast SEO plugin v25.7 - https:\/\/yoast.com\/wordpress\/plugins\/seo\/ -->\n<title>2020 Dukay - Furmint Reserve - Dukay Winery<\/title>\n<meta name=\"robots\" content=\"index, follow, max-snippet:-1, max-image-preview:large, max-video-preview:-1\" \/>\n<link rel=\"canonical\" href=\"https:\/\/dukaywinery.com\/en\/product\/2020-dukay-furmint-reserve\/\" \/>\n<meta property=\"og:locale\" content=\"en_GB\" \/>\n<meta property=\"og:type\" content=\"article\" \/>\n<meta property=\"og:title\" content=\"2020 Dukay - Furmint Reserve - Dukay Winery\" \/>\n<meta property=\"og:description\" content=\"A Furmint sz\u0151l\u0151fajta a magyar kir\u00e1lyi borvid\u00e9kr\u0151l, a Szer\u00e9ms\u00e9gb\u0151l sz\u00e1rmazik. Csakis \u00e9rett, eg\u00e9szs\u00e9ges sz\u0151l\u0151b\u0151l k\u00e9sz\u00fcl a bor. Halv\u00e1nys\u00e1rga sz\u00edne semmihez sem foghat\u00f3. Megillatolva \u00e9rezz\u00fck a furmintra jellemz\u0151 k\u00f6nnyed gy\u00fcm\u00f6lcs\u00f6ss\u00e9get \u00e9s a vir\u00e1gos arom\u00e1kat. T\u00f6m\u00f6r, s\u0171r\u0171 szerkezet\u0171 bor. A furmintos jegyek, a birs, \u0151szibarack, vilmosk\u00f6rte m\u00e1r az els\u0151 \u00edzlel\u00e9sn\u00e9l el\u0151j\u00f6nnek \u00e9s eleg\u00e1nsan k\u00eds\u00e9rnek v\u00e9gig.\" \/>\n<meta property=\"og:url\" content=\"https:\/\/dukaywinery.com\/en\/product\/2020-dukay-furmint-reserve\/\" \/>\n<meta property=\"og:site_name\" content=\"Dukay Winery\" \/>\n<meta property=\"article:modified_time\" content=\"2024-02-20T15:22:02+00:00\" \/>\n<meta property=\"og:image\" content=\"http:\/\/dukaywinery.com\/wp-content\/uploads\/2023\/03\/webshop4.png\" \/>\n\t<meta property=\"og:image:width\" content=\"522\" \/>\n\t<meta property=\"og:image:height\" content=\"1200\" \/>\n\t<meta property=\"og:image:type\" content=\"image\/png\" \/>\n<meta name=\"twitter:card\" content=\"summary_large_image\" \/>\n<meta name=\"twitter:label1\" content=\"Estimated reading time\" \/>\n\t<meta name=\"twitter:data1\" content=\"1 minute\" \/>\n<script type=\"application\/ld+json\" class=\"yoast-schema-graph\">{\"@context\":\"https:\/\/schema.org\",\"@graph\":[{\"@type\":\"WebPage\",\"@id\":\"https:\/\/dukaywinery.com\/product\/2020-dukay-furmint-reserve\/\",\"url\":\"https:\/\/dukaywinery.com\/product\/2020-dukay-furmint-reserve\/\",\"name\":\"2020 Dukay - Furmint Reserve - Dukay Winery\",\"isPartOf\":{\"@id\":\"https:\/\/dukaywinery.com\/#website\"},\"primaryImageOfPage\":{\"@id\":\"https:\/\/dukaywinery.com\/product\/2020-dukay-furmint-reserve\/#primaryimage\"},\"image\":{\"@id\":\"https:\/\/dukaywinery.com\/product\/2020-dukay-furmint-reserve\/#primaryimage\"},\"thumbnailUrl\":\"https:\/\/dukaywinery.com\/wp-content\/uploads\/2023\/03\/webshop4.png\",\"datePublished\":\"2020-08-11T12:14:23+00:00\",\"dateModified\":\"2024-02-20T15:22:02+00:00\",\"breadcrumb\":{\"@id\":\"https:\/\/dukaywinery.com\/product\/2020-dukay-furmint-reserve\/#breadcrumb\"},\"inLanguage\":\"en-GB\",\"potentialAction\":[{\"@type\":\"ReadAction\",\"target\":[\"https:\/\/dukaywinery.com\/product\/2020-dukay-furmint-reserve\/\"]}]},{\"@type\":\"ImageObject\",\"inLanguage\":\"en-GB\",\"@id\":\"https:\/\/dukaywinery.com\/product\/2020-dukay-furmint-reserve\/#primaryimage\",\"url\":\"https:\/\/dukaywinery.com\/wp-content\/uploads\/2023\/03\/webshop4.png\",\"contentUrl\":\"https:\/\/dukaywinery.com\/wp-content\/uploads\/2023\/03\/webshop4.png\",\"width\":522,\"height\":1200},{\"@type\":\"BreadcrumbList\",\"@id\":\"https:\/\/dukaywinery.com\/product\/2020-dukay-furmint-reserve\/#breadcrumb\",\"itemListElement\":[{\"@type\":\"ListItem\",\"position\":1,\"name\":\"Home\",\"item\":\"https:\/\/dukaywinery.com\/\"},{\"@type\":\"ListItem\",\"position\":2,\"name\":\"Term\u00e9kek\",\"item\":\"https:\/\/dukaywinery.com\/shop\/\"},{\"@type\":\"ListItem\",\"position\":3,\"name\":\"2020 Dukay &#8211; Furmint Reserve\"}]},{\"@type\":\"WebSite\",\"@id\":\"https:\/\/dukaywinery.com\/#website\",\"url\":\"https:\/\/dukaywinery.com\/\",\"name\":\"Dukay Winery\",\"description\":\"Dukay pr\u00e9mium bor\u00e1szat\",\"publisher\":{\"@id\":\"https:\/\/dukaywinery.com\/#organization\"},\"potentialAction\":[{\"@type\":\"SearchAction\",\"target\":{\"@type\":\"EntryPoint\",\"urlTemplate\":\"https:\/\/dukaywinery.com\/?s={search_term_string}\"},\"query-input\":{\"@type\":\"PropertyValueSpecification\",\"valueRequired\":true,\"valueName\":\"search_term_string\"}}],\"inLanguage\":\"en-GB\"},{\"@type\":\"Organization\",\"@id\":\"https:\/\/dukaywinery.com\/#organization\",\"name\":\"Dukay Winery\",\"url\":\"https:\/\/dukaywinery.com\/\",\"logo\":{\"@type\":\"ImageObject\",\"inLanguage\":\"en-GB\",\"@id\":\"https:\/\/dukaywinery.com\/#\/schema\/logo\/image\/\",\"url\":\"https:\/\/dukaywinery.com\/wp-content\/uploads\/2023\/02\/DUKAY_LOGO_STAMP@2x-e1676973723173.png\",\"contentUrl\":\"https:\/\/dukaywinery.com\/wp-content\/uploads\/2023\/02\/DUKAY_LOGO_STAMP@2x-e1676973723173.png\",\"width\":1082,\"height\":446,\"caption\":\"Dukay Winery\"},\"image\":{\"@id\":\"https:\/\/dukaywinery.com\/#\/schema\/logo\/image\/\"}}]}<\/script>\n<!-- \/ Yoast SEO plugin. -->","yoast_head_json":{"title":"2020 Dukay - Furmint Reserve - Dukay Winery","robots":{"index":"index","follow":"follow","max-snippet":"max-snippet:-1","max-image-preview":"max-image-preview:large","max-video-preview":"max-video-preview:-1"},"canonical":"https:\/\/dukaywinery.com\/en\/product\/2020-dukay-furmint-reserve\/","og_locale":"en_GB","og_type":"article","og_title":"2020 Dukay - Furmint Reserve - Dukay Winery","og_description":"A Furmint sz\u0151l\u0151fajta a magyar kir\u00e1lyi borvid\u00e9kr\u0151l, a Szer\u00e9ms\u00e9gb\u0151l sz\u00e1rmazik. Csakis \u00e9rett, eg\u00e9szs\u00e9ges sz\u0151l\u0151b\u0151l k\u00e9sz\u00fcl a bor. Halv\u00e1nys\u00e1rga sz\u00edne semmihez sem foghat\u00f3. Megillatolva \u00e9rezz\u00fck a furmintra jellemz\u0151 k\u00f6nnyed gy\u00fcm\u00f6lcs\u00f6ss\u00e9get \u00e9s a vir\u00e1gos arom\u00e1kat. T\u00f6m\u00f6r, s\u0171r\u0171 szerkezet\u0171 bor. A furmintos jegyek, a birs, \u0151szibarack, vilmosk\u00f6rte m\u00e1r az els\u0151 \u00edzlel\u00e9sn\u00e9l el\u0151j\u00f6nnek \u00e9s eleg\u00e1nsan k\u00eds\u00e9rnek v\u00e9gig.","og_url":"https:\/\/dukaywinery.com\/en\/product\/2020-dukay-furmint-reserve\/","og_site_name":"Dukay Winery","article_modified_time":"2024-02-20T15:22:02+00:00","og_image":[{"width":522,"height":1200,"url":"http:\/\/dukaywinery.com\/wp-content\/uploads\/2023\/03\/webshop4.png","type":"image\/png"}],"twitter_card":"summary_large_image","twitter_misc":{"Estimated reading time":"1 minute"},"schema":{"@context":"https:\/\/schema.org","@graph":[{"@type":"WebPage","@id":"https:\/\/dukaywinery.com\/product\/2020-dukay-furmint-reserve\/","url":"https:\/\/dukaywinery.com\/product\/2020-dukay-furmint-reserve\/","name":"2020 Dukay - Furmint Reserve - Dukay Winery","isPartOf":{"@id":"https:\/\/dukaywinery.com\/#website"},"primaryImageOfPage":{"@id":"https:\/\/dukaywinery.com\/product\/2020-dukay-furmint-reserve\/#primaryimage"},"image":{"@id":"https:\/\/dukaywinery.com\/product\/2020-dukay-furmint-reserve\/#primaryimage"},"thumbnailUrl":"https:\/\/dukaywinery.com\/wp-content\/uploads\/2023\/03\/webshop4.png","datePublished":"2020-08-11T12:14:23+00:00","dateModified":"2024-02-20T15:22:02+00:00","breadcrumb":{"@id":"https:\/\/dukaywinery.com\/product\/2020-dukay-furmint-reserve\/#breadcrumb"},"inLanguage":"en-GB","potentialAction":[{"@type":"ReadAction","target":["https:\/\/dukaywinery.com\/product\/2020-dukay-furmint-reserve\/"]}]},{"@type":"ImageObject","inLanguage":"en-GB","@id":"https:\/\/dukaywinery.com\/product\/2020-dukay-furmint-reserve\/#primaryimage","url":"https:\/\/dukaywinery.com\/wp-content\/uploads\/2023\/03\/webshop4.png","contentUrl":"https:\/\/dukaywinery.com\/wp-content\/uploads\/2023\/03\/webshop4.png","width":522,"height":1200},{"@type":"BreadcrumbList","@id":"https:\/\/dukaywinery.com\/product\/2020-dukay-furmint-reserve\/#breadcrumb","itemListElement":[{"@type":"ListItem","position":1,"name":"Home","item":"https:\/\/dukaywinery.com\/"},{"@type":"ListItem","position":2,"name":"Term\u00e9kek","item":"https:\/\/dukaywinery.com\/shop\/"},{"@type":"ListItem","position":3,"name":"2020 Dukay &#8211; Furmint Reserve"}]},{"@type":"WebSite","@id":"https:\/\/dukaywinery.com\/#website","url":"https:\/\/dukaywinery.com\/","name":"Dukay Winery","description":"Dukay pr\u00e9mium bor\u00e1szat","publisher":{"@id":"https:\/\/dukaywinery.com\/#organization"},"potentialAction":[{"@type":"SearchAction","target":{"@type":"EntryPoint","urlTemplate":"https:\/\/dukaywinery.com\/?s={search_term_string}"},"query-input":{"@type":"PropertyValueSpecification","valueRequired":true,"valueName":"search_term_string"}}],"inLanguage":"en-GB"},{"@type":"Organization","@id":"https:\/\/dukaywinery.com\/#organization","name":"Dukay Winery","url":"https:\/\/dukaywinery.com\/","logo":{"@type":"ImageObject","inLanguage":"en-GB","@id":"https:\/\/dukaywinery.com\/#\/schema\/logo\/image\/","url":"https:\/\/dukaywinery.com\/wp-content\/uploads\/2023\/02\/DUKAY_LOGO_STAMP@2x-e1676973723173.png","contentUrl":"https:\/\/dukaywinery.com\/wp-content\/uploads\/2023\/02\/DUKAY_LOGO_STAMP@2x-e1676973723173.png","width":1082,"height":446,"caption":"Dukay Winery"},"image":{"@id":"https:\/\/dukaywinery.com\/#\/schema\/logo\/image\/"}}]}},"jetpack_sharing_enabled":true,"_links":{"self":[{"href":"https:\/\/dukaywinery.com\/en\/wp-json\/wp\/v2\/product\/6582","targetHints":{"allow":["GET"]}}],"collection":[{"href":"https:\/\/dukaywinery.com\/en\/wp-json\/wp\/v2\/product"}],"about":[{"href":"https:\/\/dukaywinery.com\/en\/wp-json\/wp\/v2\/types\/product"}],"replies":[{"embeddable":true,"href":"https:\/\/dukaywinery.com\/en\/wp-json\/wp\/v2\/comments?post=6582"}],"version-history":[{"count":0,"href":"https:\/\/dukaywinery.com\/en\/wp-json\/wp\/v2\/product\/6582\/revisions"}],"wp:featuredmedia":[{"embeddable":true,"href":"https:\/\/dukaywinery.com\/en\/wp-json\/wp\/v2\/media\/988494"}],"wp:attachment":[{"href":"https:\/\/dukaywinery.com\/en\/wp-json\/wp\/v2\/media?parent=6582"}],"wp:term":[{"taxonomy":"product_brand","embeddable":true,"href":"https:\/\/dukaywinery.com\/en\/wp-json\/wp\/v2\/product_brand?post=6582"},{"taxonomy":"product_cat","embeddable":true,"href":"https:\/\/dukaywinery.com\/en\/wp-json\/wp\/v2\/product_cat?post=6582"},{"taxonomy":"product_tag","embeddable":true,"href":"https:\/\/dukaywinery.com\/en\/wp-json\/wp\/v2\/product_tag?post=6582"}],"curies":[{"name":"wp","href":"https:\/\/api.w.org\/{rel}","templated":true}]}}