{"id":6580,"date":"2020-08-11T14:15:40","date_gmt":"2020-08-11T12:15:40","guid":{"rendered":"https:\/\/lagar.vamtam.com\/?post_type=product&#038;p=6580"},"modified":"2024-02-20T16:21:24","modified_gmt":"2024-02-20T15:21:24","slug":"2021-dukay-furmint-late-harvest","status":"publish","type":"product","link":"https:\/\/dukaywinery.com\/en\/product\/2021-dukay-furmint-late-harvest\/","title":{"rendered":"2021 Dukay &#8211; Furmint Late Harvest"},"content":{"rendered":"<div data-elementor-type=\"product-post\" data-elementor-id=\"6580\" class=\"elementor elementor-6580\" data-elementor-post-type=\"product\">\n\t\t\t\t\t\t<section class=\"elementor-section elementor-top-section elementor-element elementor-element-8d34a5f elementor-section-boxed elementor-section-height-default elementor-section-height-default\" data-id=\"8d34a5f\" data-element_type=\"section\">\n\t\t\t\t\t\t<div class=\"elementor-container elementor-column-gap-default\">\n\t\t\t\t\t<div class=\"elementor-column elementor-col-100 elementor-top-column elementor-element elementor-element-1f343e1\" data-id=\"1f343e1\" data-element_type=\"column\">\n\t\t\t<div class=\"elementor-widget-wrap elementor-element-populated\">\n\t\t\t\t\t\t<div class=\"elementor-element elementor-element-f98de6d elementor-widget elementor-widget-heading\" data-id=\"f98de6d\" data-element_type=\"widget\" data-widget_type=\"heading.default\">\n\t\t\t\t<div class=\"elementor-widget-container\">\n\t\t\t\t\t<h5 class=\"elementor-heading-title elementor-size-default\">Characteristics<\/h5>\t\t\t\t<\/div>\n\t\t\t\t<\/div>\n\t\t\t\t<div class=\"elementor-element elementor-element-6a3af31 elementor-widget elementor-widget-text-editor\" data-id=\"6a3af31\" data-element_type=\"widget\" data-widget_type=\"text-editor.default\">\n\t\t\t\t<div class=\"elementor-widget-container\">\n\t\t\t\t\t\t\t\t\t<p><strong>Recommended consumption temperature:<\/strong> 12-14 C\u00b0<\/p><p><strong>Alcohol <\/strong>11%<\/p><p><strong>Cukortartalom: F\u00e9l\u00e9des 40 g\/l <\/strong><\/p><p><strong>Sav: 6 g\/l<\/strong><\/p><p><strong>PH: 3,1 <\/strong><\/p><p><strong>\u00c9rlel\u00e9si id\u0151: 7 h\u00f3nap<\/strong><\/p>\t\t\t\t\t\t\t\t<\/div>\n\t\t\t\t<\/div>\n\t\t\t\t<div class=\"elementor-element elementor-element-07f52d2 elementor-widget elementor-widget-heading\" data-id=\"07f52d2\" data-element_type=\"widget\" data-widget_type=\"heading.default\">\n\t\t\t\t<div class=\"elementor-widget-container\">\n\t\t\t\t\t<h5 class=\"elementor-heading-title elementor-size-default\">Tasting<\/h5>\t\t\t\t<\/div>\n\t\t\t\t<\/div>\n\t\t\t\t<div class=\"elementor-element elementor-element-ea6fd10 elementor-widget elementor-widget-text-editor\" data-id=\"ea6fd10\" data-element_type=\"widget\" data-widget_type=\"text-editor.default\">\n\t\t\t\t<div class=\"elementor-widget-container\">\n\t\t\t\t\t\t\t\t\t<p><strong>Sz\u00edn: <\/strong>t\u00fckr\u00f6s, halv\u00e1nys\u00e1rga<\/p><p><strong>Illat: <\/strong>Illat\u00e1ban l\u00e9d\u00fas barack, k\u00f6nnyed vir\u00e1goss\u00e1g<\/p><p><strong>\u00cdz: <\/strong>Korty\u00e1ban teljesedik ki. Igazi gy\u00fcm\u00f6lcsbomba, az \u0151szibarack \u00edz\u00e9ben is megjelenik. \u00c9dess\u00e9ge teszi teljess\u00e9.<\/p><p>\u00a0<\/p>\t\t\t\t\t\t\t\t<\/div>\n\t\t\t\t<\/div>\n\t\t\t\t<div class=\"elementor-element elementor-element-e99bcc0 elementor-hidden-desktop elementor-hidden-tablet elementor-hidden-mobile elementor-widget elementor-widget-heading\" data-id=\"e99bcc0\" data-element_type=\"widget\" data-widget_type=\"heading.default\">\n\t\t\t\t<div class=\"elementor-widget-container\">\n\t\t\t\t\t<h5 class=\"elementor-heading-title elementor-size-default\">D\u00edjak<\/h5>\t\t\t\t<\/div>\n\t\t\t\t<\/div>\n\t\t\t\t<section class=\"elementor-section elementor-inner-section elementor-element elementor-element-7eb2d35 elementor-reverse-tablet elementor-reverse-mobile elementor-hidden-desktop elementor-hidden-tablet elementor-hidden-mobile elementor-section-boxed elementor-section-height-default elementor-section-height-default\" data-id=\"7eb2d35\" data-element_type=\"section\">\n\t\t\t\t\t\t<div class=\"elementor-container elementor-column-gap-default\">\n\t\t\t\t\t<div class=\"elementor-column elementor-col-33 elementor-inner-column elementor-element elementor-element-946460f\" data-id=\"946460f\" data-element_type=\"column\">\n\t\t\t<div class=\"elementor-widget-wrap\">\n\t\t\t\t\t\t\t<\/div>\n\t\t<\/div>\n\t\t\t\t<div class=\"elementor-column elementor-col-33 elementor-inner-column elementor-element elementor-element-73fb791\" data-id=\"73fb791\" data-element_type=\"column\">\n\t\t\t<div class=\"elementor-widget-wrap\">\n\t\t\t\t\t\t\t<\/div>\n\t\t<\/div>\n\t\t\t\t<div class=\"elementor-column elementor-col-33 elementor-inner-column elementor-element elementor-element-0afb2ba\" data-id=\"0afb2ba\" data-element_type=\"column\">\n\t\t\t<div class=\"elementor-widget-wrap\">\n\t\t\t\t\t\t\t<\/div>\n\t\t<\/div>\n\t\t\t\t\t<\/div>\n\t\t<\/section>\n\t\t\t\t<section class=\"elementor-section elementor-inner-section elementor-element elementor-element-11892b1 elementor-section-boxed elementor-section-height-default elementor-section-height-default\" data-id=\"11892b1\" data-element_type=\"section\">\n\t\t\t\t\t\t<div class=\"elementor-container elementor-column-gap-default\">\n\t\t\t\t\t<div class=\"elementor-column elementor-col-100 elementor-inner-column elementor-element elementor-element-d112ac6\" data-id=\"d112ac6\" data-element_type=\"column\">\n\t\t\t<div class=\"elementor-widget-wrap elementor-element-populated\">\n\t\t\t\t\t\t<div class=\"elementor-element elementor-element-2dca03d elementor-widget__width-initial elementor-widget-mobile__width-initial elementor-fixed elementor-hidden-tablet elementor-hidden-phone elementor-widget elementor-widget-image\" data-id=\"2dca03d\" data-element_type=\"widget\" data-settings=\"{&quot;_position&quot;:&quot;fixed&quot;}\" data-widget_type=\"image.default\">\n\t\t\t\t<div class=\"elementor-widget-container\">\n\t\t\t\t\t\t\t\t\t\t\t\t\t\t\t<img decoding=\"async\" src=\"http:\/\/dukaywinery.com\/wp-content\/uploads\/2020\/04\/lemon-transparent.png\" title=\"\" alt=\"\" loading=\"lazy\" \/>\t\t\t\t\t\t\t\t\t\t\t\t\t\t\t<\/div>\n\t\t\t\t<\/div>\n\t\t\t\t\t<\/div>\n\t\t<\/div>\n\t\t\t\t\t<\/div>\n\t\t<\/section>\n\t\t\t\t\t<\/div>\n\t\t<\/div>\n\t\t\t\t\t<\/div>\n\t\t<\/section>\n\t\t\t\t<\/div>","protected":false},"excerpt":{"rendered":"<p><span style=\"font-weight: 500;\">Our only semi-sweet wine, full of surprises. Pale yellow in appearance, it is reminiscent of late summer evenings. Freshly picked wild flowers appear on the nose, with peachy notes typical of Furmint. The Furmint is a native of the Serem region, and the rich Mediterranean flavours of the area spread like a fruit bomb in the mouth. <\/span><\/p>","protected":false},"featured_media":988491,"comment_status":"closed","ping_status":"closed","template":"","meta":[],"product_brand":[],"product_cat":[58],"product_tag":[59,60,64,65],"class_list":{"0":"post-6580","1":"product","2":"type-product","3":"status-publish","4":"has-post-thumbnail","6":"product_cat-58","7":"product_tag-59","8":"product_tag-dukay","9":"product_tag-furmint","10":"product_tag-late-harvest","12":"first","13":"instock","14":"taxable","15":"shipping-taxable","16":"purchasable","17":"product-type-simple"},"yoast_head":"<!-- This site is optimized with the Yoast SEO plugin v25.7 - https:\/\/yoast.com\/wordpress\/plugins\/seo\/ -->\n<title>2021 Dukay - Furmint Late Harvest - Dukay Winery<\/title>\n<meta name=\"robots\" content=\"index, follow, max-snippet:-1, max-image-preview:large, max-video-preview:-1\" \/>\n<link rel=\"canonical\" href=\"https:\/\/dukaywinery.com\/en\/product\/2021-dukay-furmint-late-harvest\/\" \/>\n<meta property=\"og:locale\" content=\"en_GB\" \/>\n<meta property=\"og:type\" content=\"article\" \/>\n<meta property=\"og:title\" content=\"2021 Dukay - Furmint Late Harvest - Dukay Winery\" \/>\n<meta property=\"og:description\" content=\"Egyetlen f\u00e9l\u00e9des borunk, ami telis-tele van meglepet\u00e9sekkel. Megjelen\u00e9se halv\u00e1nys\u00e1rga, k\u00e9s\u0151 ny\u00e1ri est\u00e9k hangulat\u00e1t id\u00e9zi. Illat\u00e1ban megjelennek a frissen szedett vadvir\u00e1gok \u00e9s a furmintra jellemz\u0151 \u0151szibarackos jegyek is megtal\u00e1lhat\u00f3k benne. A furmint a Szer\u00e9ms\u00e9g sz\u00fcl\u00f6tte, a ter\u00fcletre jellemz\u0151 gazdag mediterr\u00e1n \u00edzvil\u00e1g gy\u00fcm\u00f6lcsbombak\u00e9nt terjed sz\u00e9t a sz\u00e1nkban.\" \/>\n<meta property=\"og:url\" content=\"https:\/\/dukaywinery.com\/en\/product\/2021-dukay-furmint-late-harvest\/\" \/>\n<meta property=\"og:site_name\" content=\"Dukay Winery\" \/>\n<meta property=\"article:modified_time\" content=\"2024-02-20T15:21:24+00:00\" \/>\n<meta property=\"og:image\" content=\"http:\/\/dukaywinery.com\/wp-content\/uploads\/2023\/03\/webshop1.png\" \/>\n\t<meta property=\"og:image:width\" content=\"522\" \/>\n\t<meta property=\"og:image:height\" content=\"1200\" \/>\n\t<meta property=\"og:image:type\" content=\"image\/png\" \/>\n<meta name=\"twitter:card\" content=\"summary_large_image\" \/>\n<meta name=\"twitter:label1\" content=\"Estimated reading time\" \/>\n\t<meta name=\"twitter:data1\" content=\"1 minute\" \/>\n<script type=\"application\/ld+json\" class=\"yoast-schema-graph\">{\"@context\":\"https:\/\/schema.org\",\"@graph\":[{\"@type\":\"WebPage\",\"@id\":\"https:\/\/dukaywinery.com\/product\/2021-dukay-furmint-late-harvest\/\",\"url\":\"https:\/\/dukaywinery.com\/product\/2021-dukay-furmint-late-harvest\/\",\"name\":\"2021 Dukay - Furmint Late Harvest - Dukay Winery\",\"isPartOf\":{\"@id\":\"https:\/\/dukaywinery.com\/#website\"},\"primaryImageOfPage\":{\"@id\":\"https:\/\/dukaywinery.com\/product\/2021-dukay-furmint-late-harvest\/#primaryimage\"},\"image\":{\"@id\":\"https:\/\/dukaywinery.com\/product\/2021-dukay-furmint-late-harvest\/#primaryimage\"},\"thumbnailUrl\":\"https:\/\/dukaywinery.com\/wp-content\/uploads\/2023\/03\/webshop1.png\",\"datePublished\":\"2020-08-11T12:15:40+00:00\",\"dateModified\":\"2024-02-20T15:21:24+00:00\",\"breadcrumb\":{\"@id\":\"https:\/\/dukaywinery.com\/product\/2021-dukay-furmint-late-harvest\/#breadcrumb\"},\"inLanguage\":\"en-GB\",\"potentialAction\":[{\"@type\":\"ReadAction\",\"target\":[\"https:\/\/dukaywinery.com\/product\/2021-dukay-furmint-late-harvest\/\"]}]},{\"@type\":\"ImageObject\",\"inLanguage\":\"en-GB\",\"@id\":\"https:\/\/dukaywinery.com\/product\/2021-dukay-furmint-late-harvest\/#primaryimage\",\"url\":\"https:\/\/dukaywinery.com\/wp-content\/uploads\/2023\/03\/webshop1.png\",\"contentUrl\":\"https:\/\/dukaywinery.com\/wp-content\/uploads\/2023\/03\/webshop1.png\",\"width\":522,\"height\":1200},{\"@type\":\"BreadcrumbList\",\"@id\":\"https:\/\/dukaywinery.com\/product\/2021-dukay-furmint-late-harvest\/#breadcrumb\",\"itemListElement\":[{\"@type\":\"ListItem\",\"position\":1,\"name\":\"Home\",\"item\":\"https:\/\/dukaywinery.com\/\"},{\"@type\":\"ListItem\",\"position\":2,\"name\":\"Term\u00e9kek\",\"item\":\"https:\/\/dukaywinery.com\/shop\/\"},{\"@type\":\"ListItem\",\"position\":3,\"name\":\"2021 Dukay &#8211; Furmint Late Harvest\"}]},{\"@type\":\"WebSite\",\"@id\":\"https:\/\/dukaywinery.com\/#website\",\"url\":\"https:\/\/dukaywinery.com\/\",\"name\":\"Dukay Winery\",\"description\":\"Dukay pr\u00e9mium bor\u00e1szat\",\"publisher\":{\"@id\":\"https:\/\/dukaywinery.com\/#organization\"},\"potentialAction\":[{\"@type\":\"SearchAction\",\"target\":{\"@type\":\"EntryPoint\",\"urlTemplate\":\"https:\/\/dukaywinery.com\/?s={search_term_string}\"},\"query-input\":{\"@type\":\"PropertyValueSpecification\",\"valueRequired\":true,\"valueName\":\"search_term_string\"}}],\"inLanguage\":\"en-GB\"},{\"@type\":\"Organization\",\"@id\":\"https:\/\/dukaywinery.com\/#organization\",\"name\":\"Dukay Winery\",\"url\":\"https:\/\/dukaywinery.com\/\",\"logo\":{\"@type\":\"ImageObject\",\"inLanguage\":\"en-GB\",\"@id\":\"https:\/\/dukaywinery.com\/#\/schema\/logo\/image\/\",\"url\":\"https:\/\/dukaywinery.com\/wp-content\/uploads\/2023\/02\/DUKAY_LOGO_STAMP@2x-e1676973723173.png\",\"contentUrl\":\"https:\/\/dukaywinery.com\/wp-content\/uploads\/2023\/02\/DUKAY_LOGO_STAMP@2x-e1676973723173.png\",\"width\":1082,\"height\":446,\"caption\":\"Dukay Winery\"},\"image\":{\"@id\":\"https:\/\/dukaywinery.com\/#\/schema\/logo\/image\/\"}}]}<\/script>\n<!-- \/ Yoast SEO plugin. -->","yoast_head_json":{"title":"2021 Dukay - Furmint Late Harvest - Dukay Winery","robots":{"index":"index","follow":"follow","max-snippet":"max-snippet:-1","max-image-preview":"max-image-preview:large","max-video-preview":"max-video-preview:-1"},"canonical":"https:\/\/dukaywinery.com\/en\/product\/2021-dukay-furmint-late-harvest\/","og_locale":"en_GB","og_type":"article","og_title":"2021 Dukay - Furmint Late Harvest - Dukay Winery","og_description":"Egyetlen f\u00e9l\u00e9des borunk, ami telis-tele van meglepet\u00e9sekkel. Megjelen\u00e9se halv\u00e1nys\u00e1rga, k\u00e9s\u0151 ny\u00e1ri est\u00e9k hangulat\u00e1t id\u00e9zi. Illat\u00e1ban megjelennek a frissen szedett vadvir\u00e1gok \u00e9s a furmintra jellemz\u0151 \u0151szibarackos jegyek is megtal\u00e1lhat\u00f3k benne. A furmint a Szer\u00e9ms\u00e9g sz\u00fcl\u00f6tte, a ter\u00fcletre jellemz\u0151 gazdag mediterr\u00e1n \u00edzvil\u00e1g gy\u00fcm\u00f6lcsbombak\u00e9nt terjed sz\u00e9t a sz\u00e1nkban.","og_url":"https:\/\/dukaywinery.com\/en\/product\/2021-dukay-furmint-late-harvest\/","og_site_name":"Dukay Winery","article_modified_time":"2024-02-20T15:21:24+00:00","og_image":[{"width":522,"height":1200,"url":"http:\/\/dukaywinery.com\/wp-content\/uploads\/2023\/03\/webshop1.png","type":"image\/png"}],"twitter_card":"summary_large_image","twitter_misc":{"Estimated reading time":"1 minute"},"schema":{"@context":"https:\/\/schema.org","@graph":[{"@type":"WebPage","@id":"https:\/\/dukaywinery.com\/product\/2021-dukay-furmint-late-harvest\/","url":"https:\/\/dukaywinery.com\/product\/2021-dukay-furmint-late-harvest\/","name":"2021 Dukay - Furmint Late Harvest - Dukay Winery","isPartOf":{"@id":"https:\/\/dukaywinery.com\/#website"},"primaryImageOfPage":{"@id":"https:\/\/dukaywinery.com\/product\/2021-dukay-furmint-late-harvest\/#primaryimage"},"image":{"@id":"https:\/\/dukaywinery.com\/product\/2021-dukay-furmint-late-harvest\/#primaryimage"},"thumbnailUrl":"https:\/\/dukaywinery.com\/wp-content\/uploads\/2023\/03\/webshop1.png","datePublished":"2020-08-11T12:15:40+00:00","dateModified":"2024-02-20T15:21:24+00:00","breadcrumb":{"@id":"https:\/\/dukaywinery.com\/product\/2021-dukay-furmint-late-harvest\/#breadcrumb"},"inLanguage":"en-GB","potentialAction":[{"@type":"ReadAction","target":["https:\/\/dukaywinery.com\/product\/2021-dukay-furmint-late-harvest\/"]}]},{"@type":"ImageObject","inLanguage":"en-GB","@id":"https:\/\/dukaywinery.com\/product\/2021-dukay-furmint-late-harvest\/#primaryimage","url":"https:\/\/dukaywinery.com\/wp-content\/uploads\/2023\/03\/webshop1.png","contentUrl":"https:\/\/dukaywinery.com\/wp-content\/uploads\/2023\/03\/webshop1.png","width":522,"height":1200},{"@type":"BreadcrumbList","@id":"https:\/\/dukaywinery.com\/product\/2021-dukay-furmint-late-harvest\/#breadcrumb","itemListElement":[{"@type":"ListItem","position":1,"name":"Home","item":"https:\/\/dukaywinery.com\/"},{"@type":"ListItem","position":2,"name":"Term\u00e9kek","item":"https:\/\/dukaywinery.com\/shop\/"},{"@type":"ListItem","position":3,"name":"2021 Dukay &#8211; Furmint Late Harvest"}]},{"@type":"WebSite","@id":"https:\/\/dukaywinery.com\/#website","url":"https:\/\/dukaywinery.com\/","name":"Dukay Winery","description":"Dukay pr\u00e9mium bor\u00e1szat","publisher":{"@id":"https:\/\/dukaywinery.com\/#organization"},"potentialAction":[{"@type":"SearchAction","target":{"@type":"EntryPoint","urlTemplate":"https:\/\/dukaywinery.com\/?s={search_term_string}"},"query-input":{"@type":"PropertyValueSpecification","valueRequired":true,"valueName":"search_term_string"}}],"inLanguage":"en-GB"},{"@type":"Organization","@id":"https:\/\/dukaywinery.com\/#organization","name":"Dukay Winery","url":"https:\/\/dukaywinery.com\/","logo":{"@type":"ImageObject","inLanguage":"en-GB","@id":"https:\/\/dukaywinery.com\/#\/schema\/logo\/image\/","url":"https:\/\/dukaywinery.com\/wp-content\/uploads\/2023\/02\/DUKAY_LOGO_STAMP@2x-e1676973723173.png","contentUrl":"https:\/\/dukaywinery.com\/wp-content\/uploads\/2023\/02\/DUKAY_LOGO_STAMP@2x-e1676973723173.png","width":1082,"height":446,"caption":"Dukay Winery"},"image":{"@id":"https:\/\/dukaywinery.com\/#\/schema\/logo\/image\/"}}]}},"jetpack_sharing_enabled":true,"_links":{"self":[{"href":"https:\/\/dukaywinery.com\/en\/wp-json\/wp\/v2\/product\/6580","targetHints":{"allow":["GET"]}}],"collection":[{"href":"https:\/\/dukaywinery.com\/en\/wp-json\/wp\/v2\/product"}],"about":[{"href":"https:\/\/dukaywinery.com\/en\/wp-json\/wp\/v2\/types\/product"}],"replies":[{"embeddable":true,"href":"https:\/\/dukaywinery.com\/en\/wp-json\/wp\/v2\/comments?post=6580"}],"version-history":[{"count":0,"href":"https:\/\/dukaywinery.com\/en\/wp-json\/wp\/v2\/product\/6580\/revisions"}],"wp:featuredmedia":[{"embeddable":true,"href":"https:\/\/dukaywinery.com\/en\/wp-json\/wp\/v2\/media\/988491"}],"wp:attachment":[{"href":"https:\/\/dukaywinery.com\/en\/wp-json\/wp\/v2\/media?parent=6580"}],"wp:term":[{"taxonomy":"product_brand","embeddable":true,"href":"https:\/\/dukaywinery.com\/en\/wp-json\/wp\/v2\/product_brand?post=6580"},{"taxonomy":"product_cat","embeddable":true,"href":"https:\/\/dukaywinery.com\/en\/wp-json\/wp\/v2\/product_cat?post=6580"},{"taxonomy":"product_tag","embeddable":true,"href":"https:\/\/dukaywinery.com\/en\/wp-json\/wp\/v2\/product_tag?post=6580"}],"curies":[{"name":"wp","href":"https:\/\/api.w.org\/{rel}","templated":true}]}}